{"id":9718,"date":"2022-10-07T20:20:11","date_gmt":"2022-10-07T18:20:11","guid":{"rendered":"https:\/\/staging8.dev.gibbs.no\/?page_id=9718"},"modified":"2023-08-23T13:01:44","modified_gmt":"2023-08-23T11:01:44","slug":"du-har-ikke-tilgang","status":"publish","type":"page","link":"https:\/\/staging8.dev.gibbs.no\/sv\/du-har-ikke-tilgang\/","title":{"rendered":"Du har ikke tilgang"},"content":{"rendered":"<div data-elementor-type=\"wp-page\" data-elementor-id=\"9718\" class=\"elementor elementor-9718\" data-elementor-settings=\"[]\">\n\t\t\t\t\t\t\t<div class=\"elementor-section-wrap\">\n\t\t\t\t\t\t\t<section class=\"elementor-section elementor-top-section elementor-element elementor-element-2987243 elementor-section-boxed elementor-section-height-default elementor-section-height-default magic-button-disabled-no\" data-id=\"2987243\" data-element_type=\"section\" data-settings=\"{&quot;background_background&quot;:&quot;classic&quot;}\">\n\t\t\t\t\t\t<div class=\"elementor-container elementor-column-gap-default\">\n\t\t\t\t\t<div class=\"elementor-column elementor-col-100 elementor-top-column elementor-element elementor-element-ace6435\" data-id=\"ace6435\" data-element_type=\"column\" data-settings=\"{&quot;background_background&quot;:&quot;classic&quot;}\">\n\t\t\t<div class=\"elementor-widget-wrap elementor-element-populated\">\n\t\t\t\t\t\t\t\t<div class=\"elementor-element elementor-element-3c96637 elementor-widget elementor-widget-text-editor\" data-id=\"3c96637\" data-element_type=\"widget\" data-widget_type=\"text-editor.default\">\n\t\t\t\t<div class=\"elementor-widget-container\">\n\t\t\t<style>\/*! elementor - v3.5.3 - 28-12-2021 *\/\n.elementor-widget-text-editor.elementor-drop-cap-view-stacked .elementor-drop-cap{background-color:#818a91;color:#fff}.elementor-widget-text-editor.elementor-drop-cap-view-framed .elementor-drop-cap{color:#818a91;border:3px solid;background-color:transparent}.elementor-widget-text-editor:not(.elementor-drop-cap-view-default) .elementor-drop-cap{margin-top:8px}.elementor-widget-text-editor:not(.elementor-drop-cap-view-default) .elementor-drop-cap-letter{width:1em;height:1em}.elementor-widget-text-editor .elementor-drop-cap{float:left;text-align:center;line-height:1;font-size:50px}.elementor-widget-text-editor .elementor-drop-cap-letter{display:inline-block}<\/style>\t\t\t\t<p><!-- wp:paragraph --><\/p>\n<p style=\"text-align: left;\"><img loading=\"lazy\" decoding=\"async\" style=\"font-family: -apple-system, BlinkMacSystemFont, 'Segoe UI', Roboto, Oxygen-Sans, Ubuntu, Cantarell, 'Helvetica Neue', Roboto; font-size: 15px; letter-spacing: 0px;\" src=\"https:\/\/staging8.dev.gibbs.no\/wp-content\/uploads\/2023\/03\/lock-150x150.png\" alt=\"\" width=\"25\" height=\"25\">&nbsp;<strong>D<\/strong><strong style=\"font-family: -apple-system, BlinkMacSystemFont, 'Segoe UI', Roboto, Oxygen-Sans, Ubuntu, Cantarell, 'Helvetica Neue', Roboto; letter-spacing: 0px;\">u har ikke tilgang til \u00e5 se denne siden.&nbsp;<\/strong><strong style=\"font-family: -apple-system, BlinkMacSystemFont, 'Segoe UI', Roboto, Oxygen-Sans, Ubuntu, Cantarell, 'Helvetica Neue', Roboto; letter-spacing: 0px;\">Hva kan jeg gj\u00f8re?<\/strong><span style=\"font-family: -apple-system, BlinkMacSystemFont, &quot;Segoe UI&quot;, Roboto, Oxygen-Sans, Ubuntu, Cantarell, &quot;Helvetica Neue&quot;, Roboto; letter-spacing: 0px;\">&nbsp;<\/span><\/p>\n<p>Mulig du ikke er innlogget, <a font-family:=\"\" -apple-system,=\"\" blinkmacsystemfont,=\"\" 'segoe=\"\" ui',=\"\" roboto,=\"\" oxygen-sans,=\"\" ubuntu,=\"\" cantarell,=\"\" 'helvetica=\"\" neue',=\"\" roboto;=\"\" letter-spacing:=\"\" 0px;\"=\"\" href=\"https:\/\/staging8.dev.gibbs.no\/sv\/min-profil\/\" target=\"_blank\" rel=\"noopener\"><b>logg inn her<\/b><\/a><\/p>\n<p><b><span style=\"font-family: -apple-system, BlinkMacSystemFont, 'Segoe UI', Roboto, Oxygen-Sans, Ubuntu, Cantarell, 'Helvetica Neue', Roboto; letter-spacing: 0px;\">Eller<\/span><span style=\"font-family: -apple-system, BlinkMacSystemFont, 'Segoe UI', Roboto, Oxygen-Sans, Ubuntu, Cantarell, 'Helvetica Neue', Roboto; letter-spacing: 0px;\">&nbsp;<\/span><\/b><\/p>\n<p>Pr\u00f8v \u00e5 bytte aktiv &laquo;brukergruppe&raquo; eller &laquo;Bruker&raquo; som visst p\u00e5 bilde.<\/p>\n<p><img loading=\"lazy\" decoding=\"async\" src=\"https:\/\/staging8.dev.gibbs.no\/wp-content\/uploads\/2023\/03\/Skjermbilde-2023-03-21-kl.-12.12.38-1024x638.png\" alt=\"\" width=\"760\" height=\"474\"><\/p>\n<p><!-- \/wp:paragraph --><\/p>\t\t\t\t\t\t<\/div>\n\t\t\t\t<\/div>\n\t\t\t\t\t<\/div>\n\t\t<\/div>\n\t\t\t\t\t\t\t<\/div>\n\t\t<\/section>\n\t\t\t\t\t\t<\/div>\n\t\t\t\t\t<\/div>","protected":false},"excerpt":{"rendered":"<p>&nbsp;Du har ikke tilgang til \u00e5 se denne siden.&nbsp;Hva kan jeg gj\u00f8re?&nbsp; Mulig du ikke er innlogget,<\/p>","protected":false},"author":1,"featured_media":0,"parent":0,"menu_order":0,"comment_status":"closed","ping_status":"closed","template":"","meta":{"content-type":"","inline_featured_image":false,"_uag_custom_page_level_css":"","footnotes":""},"class_list":["post-9718","page","type-page","status-publish","hentry"],"yoast_head":"<!-- This site is optimized with the Yoast SEO plugin v20.8 - https:\/\/yoast.com\/wordpress\/plugins\/seo\/ -->\n<title>Du har ikke tilgang - Gibbs.no - Bookingsystem<\/title>\n<meta name=\"robots\" content=\"noindex, follow, max-snippet:-1, max-image-preview:large, max-video-preview:-1\" \/>\n<meta property=\"og:locale\" content=\"sv_SE\" \/>\n<meta property=\"og:type\" content=\"article\" \/>\n<meta property=\"og:title\" content=\"Du har ikke tilgang - Gibbs.no - Bookingsystem\" \/>\n<meta property=\"og:description\" content=\"&nbsp;Du har ikke tilgang til \u00e5 se denne siden.&nbsp;Hva kan jeg gj\u00f8re?&nbsp; Mulig du ikke er innlogget,\" \/>\n<meta property=\"og:url\" content=\"https:\/\/staging8.dev.gibbs.no\/sv\/du-har-ikke-tilgang\/\" \/>\n<meta property=\"og:site_name\" content=\"Gibbs.no - Bookingsystem\" \/>\n<meta property=\"article:publisher\" content=\"https:\/\/www.facebook.com\/GibbsNorge\" \/>\n<meta property=\"article:modified_time\" content=\"2023-08-23T11:01:44+00:00\" \/>\n<meta property=\"og:image\" content=\"https:\/\/staging8.dev.gibbs.no\/wp-content\/uploads\/2023\/03\/lock-150x150.png\" \/>\n<meta name=\"twitter:card\" content=\"summary_large_image\" \/>\n<script type=\"application\/ld+json\" class=\"yoast-schema-graph\">{\"@context\":\"https:\/\/schema.org\",\"@graph\":[{\"@type\":\"WebPage\",\"@id\":\"https:\/\/staging8.dev.gibbs.no\/du-har-ikke-tilgang\/\",\"url\":\"https:\/\/staging8.dev.gibbs.no\/du-har-ikke-tilgang\/\",\"name\":\"Du har ikke tilgang - Gibbs.no - Bookingsystem\",\"isPartOf\":{\"@id\":\"https:\/\/staging8.dev.gibbs.no\/#website\"},\"datePublished\":\"2022-10-07T18:20:11+00:00\",\"dateModified\":\"2023-08-23T11:01:44+00:00\",\"breadcrumb\":{\"@id\":\"https:\/\/staging8.dev.gibbs.no\/du-har-ikke-tilgang\/#breadcrumb\"},\"inLanguage\":\"sv-SE\",\"potentialAction\":[{\"@type\":\"ReadAction\",\"target\":[\"https:\/\/staging8.dev.gibbs.no\/du-har-ikke-tilgang\/\"]}]},{\"@type\":\"BreadcrumbList\",\"@id\":\"https:\/\/staging8.dev.gibbs.no\/du-har-ikke-tilgang\/#breadcrumb\",\"itemListElement\":[{\"@type\":\"ListItem\",\"position\":1,\"name\":\"Home\",\"item\":\"https:\/\/staging8.dev.gibbs.no\/\"},{\"@type\":\"ListItem\",\"position\":2,\"name\":\"Du har ikke tilgang\"}]},{\"@type\":\"WebSite\",\"@id\":\"https:\/\/staging8.dev.gibbs.no\/#website\",\"url\":\"https:\/\/staging8.dev.gibbs.no\/\",\"name\":\"Gibbs.no\",\"description\":\"Bookingsystem - 1.Book 2.Betal 3.\u00c5pne\",\"publisher\":{\"@id\":\"https:\/\/staging8.dev.gibbs.no\/#organization\"},\"potentialAction\":[{\"@type\":\"SearchAction\",\"target\":{\"@type\":\"EntryPoint\",\"urlTemplate\":\"https:\/\/staging8.dev.gibbs.no\/?s={search_term_string}\"},\"query-input\":\"required name=search_term_string\"}],\"inLanguage\":\"sv-SE\"},{\"@type\":\"Organization\",\"@id\":\"https:\/\/staging8.dev.gibbs.no\/#organization\",\"name\":\"Gibbs AS\",\"url\":\"https:\/\/staging8.dev.gibbs.no\/\",\"logo\":{\"@type\":\"ImageObject\",\"inLanguage\":\"sv-SE\",\"@id\":\"https:\/\/staging8.dev.gibbs.no\/#\/schema\/logo\/image\/\",\"url\":\"https:\/\/staging8.dev.gibbs.no\/wp-content\/uploads\/2023\/11\/Gibbs-bookingsystem-logo.png\",\"contentUrl\":\"https:\/\/staging8.dev.gibbs.no\/wp-content\/uploads\/2023\/11\/Gibbs-bookingsystem-logo.png\",\"width\":696,\"height\":696,\"caption\":\"Gibbs AS\"},\"image\":{\"@id\":\"https:\/\/staging8.dev.gibbs.no\/#\/schema\/logo\/image\/\"},\"sameAs\":[\"https:\/\/www.facebook.com\/GibbsNorge\",\"https:\/\/www.linkedin.com\/company\/gibbsnorge\"]}]}<\/script>\n<!-- \/ Yoast SEO plugin. -->","yoast_head_json":{"title":"Du har ikke tilgang - Gibbs.no - Bookingsystem","robots":{"index":"noindex","follow":"follow","max-snippet":"max-snippet:-1","max-image-preview":"max-image-preview:large","max-video-preview":"max-video-preview:-1"},"og_locale":"sv_SE","og_type":"article","og_title":"Du har ikke tilgang - Gibbs.no - Bookingsystem","og_description":"&nbsp;Du har ikke tilgang til \u00e5 se denne siden.&nbsp;Hva kan jeg gj\u00f8re?&nbsp; Mulig du ikke er innlogget,","og_url":"https:\/\/staging8.dev.gibbs.no\/sv\/du-har-ikke-tilgang\/","og_site_name":"Gibbs.no - Bookingsystem","article_publisher":"https:\/\/www.facebook.com\/GibbsNorge","article_modified_time":"2023-08-23T11:01:44+00:00","og_image":[{"url":"https:\/\/staging8.dev.gibbs.no\/wp-content\/uploads\/2023\/03\/lock-150x150.png"}],"twitter_card":"summary_large_image","schema":{"@context":"https:\/\/schema.org","@graph":[{"@type":"WebPage","@id":"https:\/\/staging8.dev.gibbs.no\/du-har-ikke-tilgang\/","url":"https:\/\/staging8.dev.gibbs.no\/du-har-ikke-tilgang\/","name":"Du har ikke tilgang - Gibbs.no - Bookingsystem","isPartOf":{"@id":"https:\/\/staging8.dev.gibbs.no\/#website"},"datePublished":"2022-10-07T18:20:11+00:00","dateModified":"2023-08-23T11:01:44+00:00","breadcrumb":{"@id":"https:\/\/staging8.dev.gibbs.no\/du-har-ikke-tilgang\/#breadcrumb"},"inLanguage":"sv-SE","potentialAction":[{"@type":"ReadAction","target":["https:\/\/staging8.dev.gibbs.no\/du-har-ikke-tilgang\/"]}]},{"@type":"BreadcrumbList","@id":"https:\/\/staging8.dev.gibbs.no\/du-har-ikke-tilgang\/#breadcrumb","itemListElement":[{"@type":"ListItem","position":1,"name":"Home","item":"https:\/\/staging8.dev.gibbs.no\/"},{"@type":"ListItem","position":2,"name":"Du har ikke tilgang"}]},{"@type":"WebSite","@id":"https:\/\/staging8.dev.gibbs.no\/#website","url":"https:\/\/staging8.dev.gibbs.no\/","name":"Gibbs.no","description":"Bookingsystem - 1.Book 2.Betal 3.\u00c5pne","publisher":{"@id":"https:\/\/staging8.dev.gibbs.no\/#organization"},"potentialAction":[{"@type":"SearchAction","target":{"@type":"EntryPoint","urlTemplate":"https:\/\/staging8.dev.gibbs.no\/?s={search_term_string}"},"query-input":"required name=search_term_string"}],"inLanguage":"sv-SE"},{"@type":"Organization","@id":"https:\/\/staging8.dev.gibbs.no\/#organization","name":"Gibbs AS","url":"https:\/\/staging8.dev.gibbs.no\/","logo":{"@type":"ImageObject","inLanguage":"sv-SE","@id":"https:\/\/staging8.dev.gibbs.no\/#\/schema\/logo\/image\/","url":"https:\/\/staging8.dev.gibbs.no\/wp-content\/uploads\/2023\/11\/Gibbs-bookingsystem-logo.png","contentUrl":"https:\/\/staging8.dev.gibbs.no\/wp-content\/uploads\/2023\/11\/Gibbs-bookingsystem-logo.png","width":696,"height":696,"caption":"Gibbs AS"},"image":{"@id":"https:\/\/staging8.dev.gibbs.no\/#\/schema\/logo\/image\/"},"sameAs":["https:\/\/www.facebook.com\/GibbsNorge","https:\/\/www.linkedin.com\/company\/gibbsnorge"]}]}},"uagb_featured_image_src":{"full":false,"thumbnail":false,"medium":false,"medium_large":false,"large":false,"1536x1536":false,"2048x2048":false,"trp-custom-language-flag":false,"post-thumbnail":false,"listeo-avatar":false,"listeo-blog-post":false,"listeo-blog-related-post":false,"listeo-post-thumb":false,"listeo-gallery":false,"listeo-listing-grid":false,"listeo_core-avatar":false,"listeo_core-preview":false,"woocommerce_thumbnail":false,"woocommerce_single":false,"woocommerce_gallery_thumbnail":false},"uagb_author_info":{"display_name":"Gibbs","author_link":"https:\/\/staging8.dev.gibbs.no\/sv\/author\/kamil-gryga94gmail-com\/"},"uagb_comment_info":0,"uagb_excerpt":"&nbsp;Du har ikke tilgang til \u00e5 se denne siden.&nbsp;Hva kan jeg gj\u00f8re?&nbsp; Mulig du ikke er innlogget,","_links":{"self":[{"href":"https:\/\/staging8.dev.gibbs.no\/sv\/wp-json\/wp\/v2\/pages\/9718","targetHints":{"allow":["GET"]}}],"collection":[{"href":"https:\/\/staging8.dev.gibbs.no\/sv\/wp-json\/wp\/v2\/pages"}],"about":[{"href":"https:\/\/staging8.dev.gibbs.no\/sv\/wp-json\/wp\/v2\/types\/page"}],"author":[{"embeddable":true,"href":"https:\/\/staging8.dev.gibbs.no\/sv\/wp-json\/wp\/v2\/users\/1"}],"replies":[{"embeddable":true,"href":"https:\/\/staging8.dev.gibbs.no\/sv\/wp-json\/wp\/v2\/comments?post=9718"}],"version-history":[{"count":67,"href":"https:\/\/staging8.dev.gibbs.no\/sv\/wp-json\/wp\/v2\/pages\/9718\/revisions"}],"predecessor-version":[{"id":13949,"href":"https:\/\/staging8.dev.gibbs.no\/sv\/wp-json\/wp\/v2\/pages\/9718\/revisions\/13949"}],"wp:attachment":[{"href":"https:\/\/staging8.dev.gibbs.no\/sv\/wp-json\/wp\/v2\/media?parent=9718"}],"curies":[{"name":"wp","href":"https:\/\/api.w.org\/{rel}","templated":true}]}}