{"id":562,"date":"2020-06-19T20:06:50","date_gmt":"2020-06-19T18:06:50","guid":{"rendered":"https:\/\/mygibb.com\/?page_id=562"},"modified":"2023-10-23T16:58:55","modified_gmt":"2023-10-23T14:58:55","slug":"personvern","status":"publish","type":"page","link":"https:\/\/staging8.dev.gibbs.no\/sv\/personvern\/","title":{"rendered":"Integritet"},"content":{"rendered":"<div data-elementor-type=\"wp-page\" data-elementor-id=\"562\" class=\"elementor elementor-562\" data-elementor-settings=\"[]\">\n\t\t\t\t\t\t\t<div class=\"elementor-section-wrap\">\n\t\t\t\t\t\t\t<section class=\"elementor-section elementor-top-section elementor-element elementor-element-cd868d1 elementor-section-boxed elementor-section-height-default elementor-section-height-default magic-button-disabled-no\" data-id=\"cd868d1\" data-element_type=\"section\">\n\t\t\t\t\t\t<div class=\"elementor-container elementor-column-gap-default\">\n\t\t\t\t\t<div class=\"elementor-column elementor-col-100 elementor-top-column elementor-element elementor-element-399a561\" data-id=\"399a561\" data-element_type=\"column\">\n\t\t\t<div class=\"elementor-widget-wrap elementor-element-populated\">\n\t\t\t\t\t\t\t\t<div class=\"elementor-element elementor-element-49a9688 elementor-widget elementor-widget-text-editor\" data-id=\"49a9688\" data-element_type=\"widget\" data-widget_type=\"text-editor.default\">\n\t\t\t\t<div class=\"elementor-widget-container\">\n\t\t\t<style>\/*! elementor - v3.5.3 - 28-12-2021 *\/\n.elementor-widget-text-editor.elementor-drop-cap-view-stacked .elementor-drop-cap{background-color:#818a91;color:#fff}.elementor-widget-text-editor.elementor-drop-cap-view-framed .elementor-drop-cap{color:#818a91;border:3px solid;background-color:transparent}.elementor-widget-text-editor:not(.elementor-drop-cap-view-default) .elementor-drop-cap{margin-top:8px}.elementor-widget-text-editor:not(.elementor-drop-cap-view-default) .elementor-drop-cap-letter{width:1em;height:1em}.elementor-widget-text-editor .elementor-drop-cap{float:left;text-align:center;line-height:1;font-size:50px}.elementor-widget-text-editor .elementor-drop-cap-letter{display:inline-block}<\/style>\t\t\t\t<p>gibbs.no drivs av gibbs AS, org nr 922 265 739 med registrerad f\u00f6retagsadress i storgata 15, 1767 Halden, Norge.<ul><li>I forts\u00e4ttningen h\u00e4nvisas till gibbs som &quot;Tj\u00e4nsten&quot; och gibbs AS som &quot;gibbs&quot;, &quot;Vi&quot; och\/eller &quot;oss&quot;<p>Vi p\u00e5 gibbs arbetar h\u00e5rt f\u00f6r att se till att allt du delar via Tj\u00e4nsten \u00e4r under din kontroll. Vi utvecklar alla funktioner med integritet som f\u00f6rsta prioritet. V\u00e5r aff\u00e4rsmodell bygger p\u00e5 att f\u00f6retag, institutioner och intresseorganisationer ska kunna komma \u00e5t det du vill, och inte tv\u00e4rtom. V\u00e5rt m\u00e5l \u00e4r att ha en s\u00e5 tydlig och begriplig integritetspolicy f\u00f6r alla.\u00a0<p><strong>F\u00f6rklaringar av termer som anv\u00e4nds:<ul><li><strong><em>Hyresobjekt \u00e4r ett samlingsbegrepp f\u00f6r allt som kan hyras och tj\u00e4nster som kan bokas genom gibbs.<li><strong><strong>Tj\u00e4nsteleverant\u00f6rer \u00e4r i detta sammanhang<i>\u00a0v\u00e5ra partners som tillhandah\u00e5ller tj\u00e4nster som vi beh\u00f6ver.<br \/><h3>1. Ansvarig f\u00f6r behandling<p>gibbs AS \u00e4r ansvarig f\u00f6r behandlingen av personuppgifter. Genom att anv\u00e4nda Tj\u00e4nsten och eventuellt registrera ett konto p\u00e5 gibbs.no accepterar och ger du till\u00e5telse f\u00f6r gibbs att behandla personlig information enligt beskrivningen i sekretesspolicyn.<h3>2. i allm\u00e4nhet om personuppgifter<p>De allm\u00e4nna reglerna f\u00f6r behandling av personuppgifter g\u00e4ller f\u00f6r hela Tj\u00e4nsten. De allm\u00e4nna reglerna inneb\u00e4r att gibbs alltid behandlar personuppgifter i enlighet med g\u00e4llande personuppgiftslagstiftning med respekt f\u00f6r integriteten. All hantering av personuppgifter vilar p\u00e5 laglig grund.<h3>3. Vilken information lagras och vad anv\u00e4nds den till?<p>3.1 Vi samlar in f\u00f6ljande personuppgifter om v\u00e5ra anv\u00e4ndare:\u00a0<p>(i) Kontaktinformation s\u00e5som namn, adress, telefonnummer, e-post, (ii) Betalningsinformation s\u00e5som betal- eller kreditkort eller bankkonto f\u00f6r betalning, (iii) Geografisk position som koordinater, (iv) Orderhistorik (v) ) IP-adress.\u00a0<p>3.2 Hur vi anv\u00e4nder informationen:<p>(i) Kontaktinformation anv\u00e4nds f\u00f6r att skapa ett konto p\u00e5 Tj\u00e4nsten. (ii) Betalningsinformation anv\u00e4nds f\u00f6r att kunna ta emot betalning f\u00f6r ett hyresobjekt eller f\u00f6r att kunna g\u00f6ra en betalning f\u00f6r ett hyrt hyresobjekt. (iii) Geografisk position anv\u00e4nds f\u00f6r att kunna visa hyresobjektet n\u00e4rmast dig eller n\u00e4rmast \u00f6nskad adress. (iv) Orderhistorik anv\u00e4nds f\u00f6r att presentera historiken f\u00f6r anv\u00e4ndaren. (v) IP-adressen som anv\u00e4nds f\u00f6r att skapa ett konto hos Stripe some \u00e4r gibbs betalningsleverant\u00f6r.<p>3.4 N\u00e4r du bes\u00f6ker v\u00e5r Tj\u00e4nst anv\u00e4nder vi cookies s\u00e5 att du inte beh\u00f6ver logga in varje g\u00e5ng du bes\u00f6ker v\u00e5r Tj\u00e4nst. Detta f\u00f6r att ge dig som anv\u00e4ndare b\u00e4sta m\u00f6jliga anv\u00e4ndarupplevelse.<h3>4. V\u00e5ra tj\u00e4nsteleverant\u00f6rer<p>Information som du tillhandah\u00e5ller via tj\u00e4nsten kan komma att l\u00e4mnas ut till v\u00e5ra tj\u00e4nsteleverant\u00f6rer anonymt. Till exempel Stripe som sk\u00f6ter betalningar. All data som hanteras i samarbete med betalningen \u00e4r krypterad. Nedan har vi alla tj\u00e4nsteleverant\u00f6rer vi anv\u00e4nder och listan kan komma att uppdateras i framtiden. Du uppmuntras att bes\u00f6ka listan f\u00f6r att h\u00e5lla dig uppdaterad.<p><b>N\u00e4t l\u00e4tt<p>Nets Easy \u00e4r v\u00e5r partner. De hanterar betalningen av hyresbeloppet i samband med bokningen via Tj\u00e4nsten.\u00a0<p>F\u00f6r att veta mer om hur Nets Easy hanterar anv\u00e4ndardata bes\u00f6k:<a> N\u00e4t l\u00e4tt<p><b>Youtube\u00a0<p>V\u00e5r tj\u00e4nst anv\u00e4nder YouTube f\u00f6r att visa anv\u00e4ndarvideor.\u00a0<p>F\u00f6r mer information om hur YouTube hanterar anv\u00e4ndardata bes\u00f6k:\u00a0<a>Youtubes sekretess<p><b>Vimeo<p>V\u00e5r tj\u00e4nst anv\u00e4nder funktioner som tillhandah\u00e5lls av Vimeos videoportal f\u00f6r att visa anv\u00e4ndarens videor.\u00a0<p>F\u00f6r mer information om hur Vimeo hanterar anv\u00e4ndardata bes\u00f6k:\u00a0<a>Vimeo Sekretess\u00a0<h3>5. Syfte med behandlingen<p>Vi behandlar uppgifterna f\u00f6r att kunna fullg\u00f6ra v\u00e5ra \u00e5taganden enligt \u00f6verenskommelse med dig. Vi anv\u00e4nder informationen du tillhandah\u00e5ller f\u00f6r att f\u00f6rb\u00e4ttra och leverera Tj\u00e4nsten till dig. Detta f\u00f6r att g\u00f6ra det enklare f\u00f6r dig att anv\u00e4nda Tj\u00e4nsten.<h3>Utl\u00e4mnande av information till tredje part<p>Vi kommer inte att dela, s\u00e4lja, \u00f6verf\u00f6ra eller p\u00e5 annat s\u00e4tt avsl\u00f6ja personlig information till andra, s\u00e5vida vi inte \u00e4r juridiskt skyldiga att g\u00f6ra det. Vid utl\u00e4mnande i samband med brott etc kan uppgifterna p\u00e5 beg\u00e4ran l\u00e4mnas ut till myndigheterna.\u00a0\u00a0<h3>7. Den registrerades r\u00e4ttigheter\u00a0<p>Vi behandlar dina personuppgifter i enlighet med personuppgiftslagen och g\u00e4llande regelverk. Observera att du kan kr\u00e4va tillg\u00e5ng till och \u00f6verf\u00f6ring av dina egna personuppgifter samt kr\u00e4va r\u00e4ttelse eller radering av uppgifter.\u00a0<h3>8. Informationss\u00e4kerhet\u00a0<p>Vi s\u00e4krar dina personuppgifter genom b\u00e5de fysisk och virtuell \u00e5tkomst och \u00e5tkomstkontroll, samt genom att kryptera k\u00e4nsliga delar av inl\u00e4mnad information. Vi har rutiner och \u00e5tg\u00e4rder p\u00e5 olika niv\u00e5er f\u00f6r att s\u00e4kerst\u00e4lla att obeh\u00f6riga inte f\u00e5r tillg\u00e5ng till dina personuppgifter och att behandlingen av uppgifterna sker i enlighet med g\u00e4llande lag. \u00c5tg\u00e4rderna omfattar bland annat regelbundna riskbed\u00f6mningar och fysiska rutiner f\u00f6r att s\u00e4kerst\u00e4lla informationss\u00e4kerheten.\u00a0<p>\u00a0<p>F\u00f6rfr\u00e5gningar om vilka uppgifter som har registrerats, r\u00e4ttelse och radering kan skickas skriftligen till f\u00f6ljande e-post:\u00a0<a>kontakt@gibbs.n\t\t\t\t\t\t<\/div>\n\t\t\t\t<\/div>\n\t\t\t\t\t<\/div>\n\t\t<\/div>\n\t\t\t\t\t\t\t<\/div>\n\t\t<\/section>\n\t\t\t\t\t\t<\/div>\n\t\t\t\t\t<\/div>","protected":false},"excerpt":{"rendered":"<p>Heretter omtales gibbs som \u201cTjenesten\u201d og gibbs AS som \u201cgibbs\u201c, \u201cVi\u201d og\/eller \u201coss\u201d Vi i gibbs jobber hardt for at alt du deler gjennom Tjenesten er under din kontroll. Vi utvikler alle funksjoner med personvern som f\u00f8rste prioritet. V\u00e5r forretningsmodell bygger p\u00e5 at bedrifter, institusjoner og interesseorganisasjoner kan f\u00e5 tilgang til det du \u00f8nsker, og [&hellip;]<\/p>","protected":false},"author":1,"featured_media":0,"parent":0,"menu_order":0,"comment_status":"closed","ping_status":"closed","template":"","meta":{"content-type":"","inline_featured_image":false,"_uag_custom_page_level_css":"","footnotes":""},"class_list":["post-562","page","type-page","status-publish","hentry"],"yoast_head":"<!-- This site is optimized with the Yoast SEO plugin v20.8 - https:\/\/yoast.com\/wordpress\/plugins\/seo\/ -->\n<title>Personvern - Gibbs.no - Bookingsystem<\/title>\n<meta name=\"robots\" content=\"noindex, follow, max-snippet:-1, max-image-preview:large, max-video-preview:-1\" \/>\n<meta property=\"og:locale\" content=\"sv_SE\" \/>\n<meta property=\"og:type\" content=\"article\" \/>\n<meta property=\"og:title\" content=\"Personvern - Gibbs.no - Bookingsystem\" \/>\n<meta property=\"og:description\" content=\"Heretter omtales gibbs som \u201cTjenesten\u201d og gibbs AS som \u201cgibbs\u201c, \u201cVi\u201d og\/eller \u201coss\u201d Vi i gibbs jobber hardt for at alt du deler gjennom Tjenesten er under din kontroll. Vi utvikler alle funksjoner med personvern som f\u00f8rste prioritet. V\u00e5r forretningsmodell bygger p\u00e5 at bedrifter, institusjoner og interesseorganisasjoner kan f\u00e5 tilgang til det du \u00f8nsker, og [&hellip;]\" \/>\n<meta property=\"og:url\" content=\"https:\/\/staging8.dev.gibbs.no\/sv\/personvern\/\" \/>\n<meta property=\"og:site_name\" content=\"Gibbs.no - Bookingsystem\" \/>\n<meta property=\"article:publisher\" content=\"https:\/\/www.facebook.com\/GibbsNorge\" \/>\n<meta property=\"article:modified_time\" content=\"2023-10-23T14:58:55+00:00\" \/>\n<meta property=\"og:image\" content=\"https:\/\/staging8.dev.gibbs.no\/wp-content\/uploads\/2023\/10\/Gibbs-Bookingsystem.png\" \/>\n\t<meta property=\"og:image:width\" content=\"1200\" \/>\n\t<meta property=\"og:image:height\" content=\"630\" \/>\n\t<meta property=\"og:image:type\" content=\"image\/png\" \/>\n<meta name=\"twitter:card\" content=\"summary_large_image\" \/>\n<meta name=\"twitter:label1\" content=\"Est. reading time\" \/>\n\t<meta name=\"twitter:data1\" content=\"4 minutes\" \/>\n<script type=\"application\/ld+json\" class=\"yoast-schema-graph\">{\"@context\":\"https:\/\/schema.org\",\"@graph\":[{\"@type\":\"WebPage\",\"@id\":\"https:\/\/staging8.dev.gibbs.no\/personvern\/\",\"url\":\"https:\/\/staging8.dev.gibbs.no\/personvern\/\",\"name\":\"Personvern - Gibbs.no - Bookingsystem\",\"isPartOf\":{\"@id\":\"https:\/\/staging8.dev.gibbs.no\/#website\"},\"datePublished\":\"2020-06-19T18:06:50+00:00\",\"dateModified\":\"2023-10-23T14:58:55+00:00\",\"breadcrumb\":{\"@id\":\"https:\/\/staging8.dev.gibbs.no\/personvern\/#breadcrumb\"},\"inLanguage\":\"sv-SE\",\"potentialAction\":[{\"@type\":\"ReadAction\",\"target\":[\"https:\/\/staging8.dev.gibbs.no\/personvern\/\"]}]},{\"@type\":\"BreadcrumbList\",\"@id\":\"https:\/\/staging8.dev.gibbs.no\/personvern\/#breadcrumb\",\"itemListElement\":[{\"@type\":\"ListItem\",\"position\":1,\"name\":\"Home\",\"item\":\"https:\/\/staging8.dev.gibbs.no\/\"},{\"@type\":\"ListItem\",\"position\":2,\"name\":\"Personvern\"}]},{\"@type\":\"WebSite\",\"@id\":\"https:\/\/staging8.dev.gibbs.no\/#website\",\"url\":\"https:\/\/staging8.dev.gibbs.no\/\",\"name\":\"Gibbs.no\",\"description\":\"Bookingsystem - 1.Book 2.Betal 3.\u00c5pne\",\"publisher\":{\"@id\":\"https:\/\/staging8.dev.gibbs.no\/#organization\"},\"potentialAction\":[{\"@type\":\"SearchAction\",\"target\":{\"@type\":\"EntryPoint\",\"urlTemplate\":\"https:\/\/staging8.dev.gibbs.no\/?s={search_term_string}\"},\"query-input\":\"required name=search_term_string\"}],\"inLanguage\":\"sv-SE\"},{\"@type\":\"Organization\",\"@id\":\"https:\/\/staging8.dev.gibbs.no\/#organization\",\"name\":\"Gibbs AS\",\"url\":\"https:\/\/staging8.dev.gibbs.no\/\",\"logo\":{\"@type\":\"ImageObject\",\"inLanguage\":\"sv-SE\",\"@id\":\"https:\/\/staging8.dev.gibbs.no\/#\/schema\/logo\/image\/\",\"url\":\"https:\/\/staging8.dev.gibbs.no\/wp-content\/uploads\/2023\/11\/Gibbs-bookingsystem-logo.png\",\"contentUrl\":\"https:\/\/staging8.dev.gibbs.no\/wp-content\/uploads\/2023\/11\/Gibbs-bookingsystem-logo.png\",\"width\":696,\"height\":696,\"caption\":\"Gibbs AS\"},\"image\":{\"@id\":\"https:\/\/staging8.dev.gibbs.no\/#\/schema\/logo\/image\/\"},\"sameAs\":[\"https:\/\/www.facebook.com\/GibbsNorge\",\"https:\/\/www.linkedin.com\/company\/gibbsnorge\"]}]}<\/script>\n<!-- \/ Yoast SEO plugin. -->","yoast_head_json":{"title":"Personvern - Gibbs.no - Bookingsystem","robots":{"index":"noindex","follow":"follow","max-snippet":"max-snippet:-1","max-image-preview":"max-image-preview:large","max-video-preview":"max-video-preview:-1"},"og_locale":"sv_SE","og_type":"article","og_title":"Personvern - Gibbs.no - Bookingsystem","og_description":"Heretter omtales gibbs som \u201cTjenesten\u201d og gibbs AS som \u201cgibbs\u201c, \u201cVi\u201d og\/eller \u201coss\u201d Vi i gibbs jobber hardt for at alt du deler gjennom Tjenesten er under din kontroll. Vi utvikler alle funksjoner med personvern som f\u00f8rste prioritet. V\u00e5r forretningsmodell bygger p\u00e5 at bedrifter, institusjoner og interesseorganisasjoner kan f\u00e5 tilgang til det du \u00f8nsker, og [&hellip;]","og_url":"https:\/\/staging8.dev.gibbs.no\/sv\/personvern\/","og_site_name":"Gibbs.no - Bookingsystem","article_publisher":"https:\/\/www.facebook.com\/GibbsNorge","article_modified_time":"2023-10-23T14:58:55+00:00","og_image":[{"width":1200,"height":630,"url":"https:\/\/staging8.dev.gibbs.no\/wp-content\/uploads\/2023\/10\/Gibbs-Bookingsystem.png","type":"image\/png"}],"twitter_card":"summary_large_image","twitter_misc":{"Est. reading time":"4 minutes"},"schema":{"@context":"https:\/\/schema.org","@graph":[{"@type":"WebPage","@id":"https:\/\/staging8.dev.gibbs.no\/personvern\/","url":"https:\/\/staging8.dev.gibbs.no\/personvern\/","name":"Personvern - Gibbs.no - Bookingsystem","isPartOf":{"@id":"https:\/\/staging8.dev.gibbs.no\/#website"},"datePublished":"2020-06-19T18:06:50+00:00","dateModified":"2023-10-23T14:58:55+00:00","breadcrumb":{"@id":"https:\/\/staging8.dev.gibbs.no\/personvern\/#breadcrumb"},"inLanguage":"sv-SE","potentialAction":[{"@type":"ReadAction","target":["https:\/\/staging8.dev.gibbs.no\/personvern\/"]}]},{"@type":"BreadcrumbList","@id":"https:\/\/staging8.dev.gibbs.no\/personvern\/#breadcrumb","itemListElement":[{"@type":"ListItem","position":1,"name":"Home","item":"https:\/\/staging8.dev.gibbs.no\/"},{"@type":"ListItem","position":2,"name":"Personvern"}]},{"@type":"WebSite","@id":"https:\/\/staging8.dev.gibbs.no\/#website","url":"https:\/\/staging8.dev.gibbs.no\/","name":"Gibbs.no","description":"Bookingsystem - 1.Book 2.Betal 3.\u00c5pne","publisher":{"@id":"https:\/\/staging8.dev.gibbs.no\/#organization"},"potentialAction":[{"@type":"SearchAction","target":{"@type":"EntryPoint","urlTemplate":"https:\/\/staging8.dev.gibbs.no\/?s={search_term_string}"},"query-input":"required name=search_term_string"}],"inLanguage":"sv-SE"},{"@type":"Organization","@id":"https:\/\/staging8.dev.gibbs.no\/#organization","name":"Gibbs AS","url":"https:\/\/staging8.dev.gibbs.no\/","logo":{"@type":"ImageObject","inLanguage":"sv-SE","@id":"https:\/\/staging8.dev.gibbs.no\/#\/schema\/logo\/image\/","url":"https:\/\/staging8.dev.gibbs.no\/wp-content\/uploads\/2023\/11\/Gibbs-bookingsystem-logo.png","contentUrl":"https:\/\/staging8.dev.gibbs.no\/wp-content\/uploads\/2023\/11\/Gibbs-bookingsystem-logo.png","width":696,"height":696,"caption":"Gibbs AS"},"image":{"@id":"https:\/\/staging8.dev.gibbs.no\/#\/schema\/logo\/image\/"},"sameAs":["https:\/\/www.facebook.com\/GibbsNorge","https:\/\/www.linkedin.com\/company\/gibbsnorge"]}]}},"uagb_featured_image_src":{"full":false,"thumbnail":false,"medium":false,"medium_large":false,"large":false,"1536x1536":false,"2048x2048":false,"trp-custom-language-flag":false,"post-thumbnail":false,"listeo-avatar":false,"listeo-blog-post":false,"listeo-blog-related-post":false,"listeo-post-thumb":false,"listeo-gallery":false,"listeo-listing-grid":false,"listeo_core-avatar":false,"listeo_core-preview":false,"woocommerce_thumbnail":false,"woocommerce_single":false,"woocommerce_gallery_thumbnail":false},"uagb_author_info":{"display_name":"Gibbs","author_link":"https:\/\/staging8.dev.gibbs.no\/sv\/author\/kamil-gryga94gmail-com\/"},"uagb_comment_info":0,"uagb_excerpt":"Heretter omtales gibbs som \u201cTjenesten\u201d og gibbs AS som \u201cgibbs\u201c, \u201cVi\u201d og\/eller \u201coss\u201d Vi i gibbs jobber hardt for at alt du deler gjennom Tjenesten er under din kontroll. Vi utvikler alle funksjoner med personvern som f\u00f8rste prioritet. V\u00e5r forretningsmodell bygger p\u00e5 at bedrifter, institusjoner og interesseorganisasjoner kan f\u00e5 tilgang til det du \u00f8nsker, og&hellip;","_links":{"self":[{"href":"https:\/\/staging8.dev.gibbs.no\/sv\/wp-json\/wp\/v2\/pages\/562","targetHints":{"allow":["GET"]}}],"collection":[{"href":"https:\/\/staging8.dev.gibbs.no\/sv\/wp-json\/wp\/v2\/pages"}],"about":[{"href":"https:\/\/staging8.dev.gibbs.no\/sv\/wp-json\/wp\/v2\/types\/page"}],"author":[{"embeddable":true,"href":"https:\/\/staging8.dev.gibbs.no\/sv\/wp-json\/wp\/v2\/users\/1"}],"replies":[{"embeddable":true,"href":"https:\/\/staging8.dev.gibbs.no\/sv\/wp-json\/wp\/v2\/comments?post=562"}],"version-history":[{"count":30,"href":"https:\/\/staging8.dev.gibbs.no\/sv\/wp-json\/wp\/v2\/pages\/562\/revisions"}],"predecessor-version":[{"id":18336,"href":"https:\/\/staging8.dev.gibbs.no\/sv\/wp-json\/wp\/v2\/pages\/562\/revisions\/18336"}],"wp:attachment":[{"href":"https:\/\/staging8.dev.gibbs.no\/sv\/wp-json\/wp\/v2\/media?parent=562"}],"curies":[{"name":"wp","href":"https:\/\/api.w.org\/{rel}","templated":true}]}}