{"id":32002,"date":"2024-06-25T18:19:41","date_gmt":"2024-06-25T16:19:41","guid":{"rendered":"https:\/\/staging8.dev.gibbs.no\/?page_id=32002"},"modified":"2024-06-25T18:24:19","modified_gmt":"2024-06-25T16:24:19","slug":"gibbs-bookingsystem-for-minilager","status":"publish","type":"page","link":"https:\/\/staging8.dev.gibbs.no\/sv\/gibbs-bookingsystem-for-minilager\/","title":{"rendered":"Gibbs bookingsystem for minilager"},"content":{"rendered":"<div class=\"wp-block-group green_background_image\"><div class=\"wp-block-group__inner-container is-layout-constrained wp-block-group-is-layout-constrained\">\n<h1 class=\"wp-block-heading has-text-align-center has-x-large-font-size\"><strong><strong>Gibbs bookingsystem for minilager <\/strong><\/strong><\/h1>\n\n\n\n<p class=\"has-text-align-center has-medium-font-size\"><strong><strong>Alt du trenger for \u00e5 automatisere ditt minilager utleie!<\/strong><\/strong><\/p>\n\n\n\n<div class=\"wp-block-uagb-container uagb-block-c3718d42 alignwide uagb-is-root-container\">\n<figure class=\"wp-block-embed aligncenter is-type-video is-provider-youtube wp-block-embed-youtube wp-embed-aspect-16-9 wp-has-aspect-ratio\"><div class=\"wp-block-embed__wrapper\">\n<iframe loading=\"lazy\" title=\"GIBBS BOOKINGSYSTEM - MINILAGER SOFTWARE\" width=\"760\" height=\"428\" src=\"https:\/\/www.youtube.com\/embed\/7kLT6etgKiE?feature=oembed\" frameborder=\"0\" allow=\"accelerometer; autoplay; clipboard-write; encrypted-media; gyroscope; picture-in-picture; web-share\" referrerpolicy=\"strict-origin-when-cross-origin\" allowfullscreen><\/iframe>\n<\/div><\/figure>\n<\/div>\n<\/div><\/div>\n\n\n\n<div class=\"wp-block-uagb-container uagb-block-376f593c alignfull uagb-is-root-container\"><div class=\"uagb-container-inner-blocks-wrap\">\n<div style=\"height:20px\" aria-hidden=\"true\" class=\"wp-block-spacer\"><\/div>\n\n\n\n<p class=\"has-text-align-center has-medium-font-size\">La dine kunder booke direkte fra din nettside med en enkel og sikker prosess. For \u00e5 sikre at alt er i orden f\u00f8r leieforholdet starter, krev BankID-verifisering, kredittsjekk og forskuddsbetaling. Kunden f\u00e5r kun tilgang til boden etter betaling. Hvis betalingen uteblir, vil koden til d\u00f8ren ikke fungere. Dette gj\u00f8r prosessen super enkel, og samtidig reduserer tiden du bruker p\u00e5 utleieadministrasjon betydelig.<\/p>\n\n\n\n<div class=\"wp-block-columns is-layout-flex wp-container-core-columns-is-layout-9d6595d7 wp-block-columns-is-layout-flex\">\n<div class=\"wp-block-column is-layout-flow wp-block-column-is-layout-flow\">\n<div class=\"wp-block-uagb-info-box uagb-block-13a36e81 uagb-infobox__content-wrap  uagb-infobox-icon-above-title uagb-infobox-image-valign-middle\"><div class=\"uagb-ifb-content\"><div class=\"uagb-ifb-icon-wrap\"><div class=\"uagb-iconbox-icon-wrap uagb-infobox-shape-circle\"><svg xmlns=\"https:\/\/www.w3.org\/2000\/svg\" viewbox=\"0 0 512 512\"><path d=\"M0 416C0 398.3 14.33 384 32 384H86.66C99 355.7 127.2 336 160 336C192.8 336 220.1 355.7 233.3 384H480C497.7 384 512 398.3 512 416C512 433.7 497.7 448 480 448H233.3C220.1 476.3 192.8 496 160 496C127.2 496 99 476.3 86.66 448H32C14.33 448 0 433.7 0 416V416zM192 416C192 398.3 177.7 384 160 384C142.3 384 128 398.3 128 416C128 433.7 142.3 448 160 448C177.7 448 192 433.7 192 416zM352 176C384.8 176 412.1 195.7 425.3 224H480C497.7 224 512 238.3 512 256C512 273.7 497.7 288 480 288H425.3C412.1 316.3 384.8 336 352 336C319.2 336 291 316.3 278.7 288H32C14.33 288 0 273.7 0 256C0 238.3 14.33 224 32 224H278.7C291 195.7 319.2 176 352 176zM384 256C384 238.3 369.7 224 352 224C334.3 224 320 238.3 320 256C320 273.7 334.3 288 352 288C369.7 288 384 273.7 384 256zM480 64C497.7 64 512 78.33 512 96C512 113.7 497.7 128 480 128H265.3C252.1 156.3 224.8 176 192 176C159.2 176 131 156.3 118.7 128H32C14.33 128 0 113.7 0 96C0 78.33 14.33 64 32 64H118.7C131 35.75 159.2 16 192 16C224.8 16 252.1 35.75 265.3 64H480zM160 96C160 113.7 174.3 128 192 128C209.7 128 224 113.7 224 96C224 78.33 209.7 64 192 64C174.3 64 160 78.33 160 96z\"><\/path><\/svg><\/div><\/div><div class=\"uagb-ifb-title-wrap\"><h3 class=\"uagb-ifb-title\">1. Online booking <\/h3><\/div><p class=\"uagb-ifb-desc\">Kunden g\u00e5r inn p\u00e5 nettsiden din, finner \u00f8nsket avdeling, velger lagerst\u00f8rrelse og innflyttingsdato. Deretter kan enheten bookes direkte, noe som gir enkel tilgang til tilgjengelige enheter og mulighet til \u00e5 booke raskt og effektivt.<\/p><\/div><\/div>\n<\/div>\n\n\n\n<div class=\"wp-block-column is-layout-flow wp-block-column-is-layout-flow\">\n<div class=\"wp-block-uagb-info-box uagb-block-7c23820a uagb-infobox__content-wrap  uagb-infobox-icon-above-title uagb-infobox-image-valign-middle\"><div class=\"uagb-ifb-content\"><div class=\"uagb-ifb-icon-wrap\"><div class=\"uagb-iconbox-icon-wrap uagb-infobox-shape-circle\"><svg xmlns=\"https:\/\/www.w3.org\/2000\/svg\" viewbox=\"0 0 512 512\"><path d=\"M511.6 36.86l-64 415.1c-1.5 9.734-7.375 18.22-15.97 23.05c-4.844 2.719-10.27 4.097-15.68 4.097c-4.188 0-8.319-.8154-12.29-2.472l-122.6-51.1l-50.86 76.29C226.3 508.5 219.8 512 212.8 512C201.3 512 192 502.7 192 491.2v-96.18c0-7.115 2.372-14.03 6.742-19.64L416 96l-293.7 264.3L19.69 317.5C8.438 312.8 .8125 302.2 .0625 289.1s5.469-23.72 16.06-29.77l448-255.1c10.69-6.109 23.88-5.547 34 1.406S513.5 24.72 511.6 36.86z\"><\/path><\/svg><\/div><\/div><div class=\"uagb-ifb-title-wrap\"><h3 class=\"uagb-ifb-title\">2. Betaling<\/h3><\/div><p class=\"uagb-ifb-desc\">Kunder kan betale med Visa, Mastercard, faktura eller EHF. Bel\u00f8pet trekkes automatisk hver m\u00e5ned, noe som gj\u00f8r betalingsprosessen enkel og praktisk. Dette sikrer at leien alltid blir betalt i tide uten ekstra innsats fra kundens side.<\/p><\/div><\/div>\n<\/div>\n\n\n\n<div class=\"wp-block-column is-layout-flow wp-block-column-is-layout-flow\">\n<div class=\"wp-block-uagb-info-box uagb-block-06ebbb42 uagb-infobox__content-wrap  uagb-infobox-icon-above-title uagb-infobox-image-valign-middle\"><div class=\"uagb-ifb-content\"><div class=\"uagb-ifb-icon-wrap\"><div class=\"uagb-iconbox-icon-wrap uagb-infobox-shape-circle\"><svg xmlns=\"https:\/\/www.w3.org\/2000\/svg\" viewbox=\"0 0 576 512\"><path d=\"M248.8 4.994C249.9 1.99 252.8 .0001 256 .0001C259.2 .0001 262.1 1.99 263.2 4.994L277.3 42.67L315 56.79C318 57.92 320 60.79 320 64C320 67.21 318 70.08 315 71.21L277.3 85.33L263.2 123C262.1 126 259.2 128 256 128C252.8 128 249.9 126 248.8 123L234.7 85.33L196.1 71.21C193.1 70.08 192 67.21 192 64C192 60.79 193.1 57.92 196.1 56.79L234.7 42.67L248.8 4.994zM427.4 14.06C446.2-4.686 476.6-4.686 495.3 14.06L529.9 48.64C548.6 67.38 548.6 97.78 529.9 116.5L148.5 497.9C129.8 516.6 99.38 516.6 80.64 497.9L46.06 463.3C27.31 444.6 27.31 414.2 46.06 395.4L427.4 14.06zM461.4 59.31L356.3 164.3L379.6 187.6L484.6 82.58L461.4 59.31zM7.491 117.2L64 96L85.19 39.49C86.88 34.98 91.19 32 96 32C100.8 32 105.1 34.98 106.8 39.49L128 96L184.5 117.2C189 118.9 192 123.2 192 128C192 132.8 189 137.1 184.5 138.8L128 160L106.8 216.5C105.1 221 100.8 224 96 224C91.19 224 86.88 221 85.19 216.5L64 160L7.491 138.8C2.985 137.1 0 132.8 0 128C0 123.2 2.985 118.9 7.491 117.2zM359.5 373.2L416 352L437.2 295.5C438.9 290.1 443.2 288 448 288C452.8 288 457.1 290.1 458.8 295.5L480 352L536.5 373.2C541 374.9 544 379.2 544 384C544 388.8 541 393.1 536.5 394.8L480 416L458.8 472.5C457.1 477 452.8 480 448 480C443.2 480 438.9 477 437.2 472.5L416 416L359.5 394.8C354.1 393.1 352 388.8 352 384C352 379.2 354.1 374.9 359.5 373.2z\"><\/path><\/svg><\/div><\/div><div class=\"uagb-ifb-title-wrap\"><h3 class=\"uagb-ifb-title\">3. Tilgang til d\u00f8ren<\/h3><\/div><p class=\"uagb-ifb-desc\">N\u00e5r kunden har betalt, f\u00e5r de umiddelbart tilgang til enheten. Ved manglende betaling blir tilgangen automatisk nektet. Integrasjonen med adgangskontrollsystemet sikrer at kun autoriserte personer har tilgang, noe som \u00f8ker sikkerheten og gir full oversikt over bes\u00f8kende.<\/p><\/div><\/div>\n<\/div>\n<\/div>\n<\/div><\/div>\n\n\n\n<div class=\"wp-block-uagb-buttons uagb-buttons__outer-wrap uagb-btn__default-btn uagb-btn-tablet__default-btn uagb-btn-mobile__default-btn uagb-block-a34ca152\"><div class=\"uagb-buttons__wrap uagb-buttons-layout-wrap\">\n<div class=\"wp-block-uagb-buttons-child uagb-buttons__outer-wrap uagb-block-d2e46666 wp-block-button try_button\"><div class=\"uagb-button__wrapper\"><a class=\"uagb-buttons-repeater wp-block-button__link\" href=\"https:\/\/staging8.dev.gibbs.no\/sv\/kontakt-oss\/\" onclick=\"return true;\" rel=\"follow noopener\" target=\"_self\"><div class=\"uagb-button__link\">Boka en demo<\/div><\/a><\/div><\/div>\n<\/div><\/div>\n\n\n\n<div class=\"wp-block-uagb-container uagb-block-108b988a alignfull uagb-is-root-container\"><div class=\"uagb-container-inner-blocks-wrap\">\n<div style=\"height:20px\" aria-hidden=\"true\" class=\"wp-block-spacer\"><\/div>\n\n\n\n<div class=\"wp-block-uagb-container uagb-block-afef1f45 alignfull uagb-is-root-container\"><div class=\"uagb-container-inner-blocks-wrap\">\n<div class=\"wp-block-group shadow-background\"><div class=\"wp-block-group__inner-container is-layout-constrained wp-block-group-is-layout-constrained\">\n<figure class=\"wp-block-table  price_table has-medium-font-size\"><table class=\"has-black-color has-text-color\"><tbody><tr><td><strong><strong>Produkter<\/strong><\/strong><\/td><td><strong>Pris<\/strong><\/td><\/tr><tr><td>Gibbs bookingsystem for minilager <\/td><td><strong>10kr<\/strong>\/mnd pr aktive bod<\/td><\/tr><tr><td>Automatisere \u00e5pning av d\u00f8r<br><br><em>(<a href=\"https:\/\/staging8.dev.gibbs.no\/sv\/priser\/smart-laser\/\">Alle l\u00e5ser<\/a>)<\/em><\/td><td><strong>189kr<\/strong>\/mnd pr smart l\u00e5s p\u00e5 hovedd\u00f8r<br><br>(<em>Kj\u00f8p smart kodepanel fra 9000 kr)<\/em><\/td><\/tr><tr><td>Integrasjon til regnskapssystem<\/td><td><strong>589kr<\/strong>\/mnd <\/td><\/tr><tr><td>SMS<\/td><td><strong>1kr <\/strong>per sms <\/td><\/tr><\/tbody><\/table><\/figure>\n\n\n\n<div style=\"height:10px\" aria-hidden=\"true\" class=\"wp-block-spacer\"><\/div>\n\n\n\n<p class=\"has-text-align-center margin_20 has-black-color has-text-color has-medium-font-size\">Ingen binding, ingen avgift per bruker,&nbsp;ingen skjulte kostnader, med andre ord:<\/p>\n\n\n\n<p class=\"has-text-align-center margin_20 has-black-color has-text-color has-medium-font-size\"><strong>ingen stress <\/strong>\ud83d\ude01<\/p>\n<\/div><\/div>\n\n\n\n<p class=\"has-text-align-center has-black-color has-text-color has-medium-font-size\"><em>Alle priser er uten MV<\/em>A<\/p>\n<\/div><\/div>\n\n\n\n<div class=\"wp-block-uagb-buttons uagb-buttons__outer-wrap uagb-btn__default-btn uagb-btn-tablet__default-btn uagb-btn-mobile__default-btn uagb-block-c229aa24\"><div class=\"uagb-buttons__wrap uagb-buttons-layout-wrap\">\n<div class=\"wp-block-uagb-buttons-child uagb-buttons__outer-wrap uagb-block-4e762e44 wp-block-button try_button\"><div class=\"uagb-button__wrapper\"><a class=\"uagb-buttons-repeater wp-block-button__link\" href=\"https:\/\/staging8.dev.gibbs.no\/sv\/kontakt-oss\/\" onclick=\"return true;\" rel=\"follow noopener\" target=\"_self\"><div class=\"uagb-button__link\">Boka en demo<\/div><\/a><\/div><\/div>\n<\/div><\/div>\n<\/div><\/div>","protected":false},"excerpt":{"rendered":"<p>Gibbs bookingsystem for minilager Alt du trenger for \u00e5 automatisere ditt minilager utleie! La dine kunder booke direkte fra din nettside med en enkel og sikker prosess. For \u00e5 sikre at alt er i orden f\u00f8r leieforholdet starter, krev BankID-verifisering, kredittsjekk og forskuddsbetaling. Kunden f\u00e5r kun tilgang til boden etter betaling. Hvis betalingen uteblir, vil [&hellip;]<\/p>","protected":false},"author":2,"featured_media":32012,"parent":0,"menu_order":0,"comment_status":"closed","ping_status":"closed","template":"","meta":{"content-type":"","inline_featured_image":false,"_uag_custom_page_level_css":"","footnotes":""},"class_list":["post-32002","page","type-page","status-publish","has-post-thumbnail","hentry"],"yoast_head":"<!-- This site is optimized with the Yoast SEO plugin v20.8 - https:\/\/yoast.com\/wordpress\/plugins\/seo\/ -->\n<title>Gibbs bookingsystem for minilager - Gibbs.no - Bookingsystem<\/title>\n<meta name=\"description\" content=\"Gibbs bookingsystem for minilager - Book, betal og \u00e5pne! Kunden betaler med Visa\/mastercard, Faktura eller EHF. Ingen betaling=Ingen adgang\" \/>\n<meta name=\"robots\" content=\"noindex, follow, max-snippet:-1, max-image-preview:large, max-video-preview:-1\" \/>\n<meta property=\"og:locale\" content=\"sv_SE\" \/>\n<meta property=\"og:type\" content=\"article\" \/>\n<meta property=\"og:title\" content=\"Gibbs bookingsystem for minilager - Gibbs.no - Bookingsystem\" \/>\n<meta property=\"og:description\" content=\"Gibbs bookingsystem for minilager - Book, betal og \u00e5pne! Kunden betaler med Visa\/mastercard, Faktura eller EHF. Ingen betaling=Ingen adgang\" \/>\n<meta property=\"og:url\" content=\"https:\/\/staging8.dev.gibbs.no\/sv\/gibbs-bookingsystem-for-minilager\/\" \/>\n<meta property=\"og:site_name\" content=\"Gibbs.no - Bookingsystem\" \/>\n<meta property=\"article:publisher\" content=\"https:\/\/www.facebook.com\/GibbsNorge\" \/>\n<meta property=\"article:modified_time\" content=\"2024-06-25T16:24:19+00:00\" \/>\n<meta property=\"og:image\" content=\"https:\/\/staging8.dev.gibbs.no\/wp-content\/uploads\/2024\/06\/Gibbs-minilager-bestilling.png\" \/>\n\t<meta property=\"og:image:width\" content=\"1440\" \/>\n\t<meta property=\"og:image:height\" content=\"1548\" \/>\n\t<meta property=\"og:image:type\" content=\"image\/png\" \/>\n<meta name=\"twitter:card\" content=\"summary_large_image\" \/>\n<meta name=\"twitter:label1\" content=\"Est. reading time\" \/>\n\t<meta name=\"twitter:data1\" content=\"2 minutes\" \/>\n<script type=\"application\/ld+json\" class=\"yoast-schema-graph\">{\"@context\":\"https:\/\/schema.org\",\"@graph\":[{\"@type\":\"WebPage\",\"@id\":\"https:\/\/staging8.dev.gibbs.no\/gibbs-bookingsystem-for-minilager\/\",\"url\":\"https:\/\/staging8.dev.gibbs.no\/gibbs-bookingsystem-for-minilager\/\",\"name\":\"Gibbs bookingsystem for minilager - Gibbs.no - Bookingsystem\",\"isPartOf\":{\"@id\":\"https:\/\/staging8.dev.gibbs.no\/#website\"},\"datePublished\":\"2024-06-25T16:19:41+00:00\",\"dateModified\":\"2024-06-25T16:24:19+00:00\",\"description\":\"Gibbs bookingsystem for minilager - Book, betal og \u00e5pne! Kunden betaler med Visa\/mastercard, Faktura eller EHF. Ingen betaling=Ingen adgang\",\"breadcrumb\":{\"@id\":\"https:\/\/staging8.dev.gibbs.no\/gibbs-bookingsystem-for-minilager\/#breadcrumb\"},\"inLanguage\":\"sv-SE\",\"potentialAction\":[{\"@type\":\"ReadAction\",\"target\":[\"https:\/\/staging8.dev.gibbs.no\/gibbs-bookingsystem-for-minilager\/\"]}]},{\"@type\":\"BreadcrumbList\",\"@id\":\"https:\/\/staging8.dev.gibbs.no\/gibbs-bookingsystem-for-minilager\/#breadcrumb\",\"itemListElement\":[{\"@type\":\"ListItem\",\"position\":1,\"name\":\"Home\",\"item\":\"https:\/\/staging8.dev.gibbs.no\/\"},{\"@type\":\"ListItem\",\"position\":2,\"name\":\"Gibbs bookingsystem for minilager\"}]},{\"@type\":\"WebSite\",\"@id\":\"https:\/\/staging8.dev.gibbs.no\/#website\",\"url\":\"https:\/\/staging8.dev.gibbs.no\/\",\"name\":\"Gibbs.no\",\"description\":\"Bookingsystem - 1.Book 2.Betal 3.\u00c5pne\",\"publisher\":{\"@id\":\"https:\/\/staging8.dev.gibbs.no\/#organization\"},\"potentialAction\":[{\"@type\":\"SearchAction\",\"target\":{\"@type\":\"EntryPoint\",\"urlTemplate\":\"https:\/\/staging8.dev.gibbs.no\/?s={search_term_string}\"},\"query-input\":\"required name=search_term_string\"}],\"inLanguage\":\"sv-SE\"},{\"@type\":\"Organization\",\"@id\":\"https:\/\/staging8.dev.gibbs.no\/#organization\",\"name\":\"Gibbs AS\",\"url\":\"https:\/\/staging8.dev.gibbs.no\/\",\"logo\":{\"@type\":\"ImageObject\",\"inLanguage\":\"sv-SE\",\"@id\":\"https:\/\/staging8.dev.gibbs.no\/#\/schema\/logo\/image\/\",\"url\":\"https:\/\/staging8.dev.gibbs.no\/wp-content\/uploads\/2023\/11\/Gibbs-bookingsystem-logo.png\",\"contentUrl\":\"https:\/\/staging8.dev.gibbs.no\/wp-content\/uploads\/2023\/11\/Gibbs-bookingsystem-logo.png\",\"width\":696,\"height\":696,\"caption\":\"Gibbs AS\"},\"image\":{\"@id\":\"https:\/\/staging8.dev.gibbs.no\/#\/schema\/logo\/image\/\"},\"sameAs\":[\"https:\/\/www.facebook.com\/GibbsNorge\",\"https:\/\/www.linkedin.com\/company\/gibbsnorge\"]}]}<\/script>\n<!-- \/ Yoast SEO plugin. -->","yoast_head_json":{"title":"Gibbs bookingsystem for minilager - Gibbs.no - Bookingsystem","description":"Gibbs bookingsystem for minilager - Book, betal og \u00e5pne! Kunden betaler med Visa\/mastercard, Faktura eller EHF. Ingen betaling=Ingen adgang","robots":{"index":"noindex","follow":"follow","max-snippet":"max-snippet:-1","max-image-preview":"max-image-preview:large","max-video-preview":"max-video-preview:-1"},"og_locale":"sv_SE","og_type":"article","og_title":"Gibbs bookingsystem for minilager - Gibbs.no - Bookingsystem","og_description":"Gibbs bookingsystem for minilager - Book, betal og \u00e5pne! Kunden betaler med Visa\/mastercard, Faktura eller EHF. Ingen betaling=Ingen adgang","og_url":"https:\/\/staging8.dev.gibbs.no\/sv\/gibbs-bookingsystem-for-minilager\/","og_site_name":"Gibbs.no - Bookingsystem","article_publisher":"https:\/\/www.facebook.com\/GibbsNorge","article_modified_time":"2024-06-25T16:24:19+00:00","og_image":[{"width":1440,"height":1548,"url":"https:\/\/staging8.dev.gibbs.no\/wp-content\/uploads\/2024\/06\/Gibbs-minilager-bestilling.png","type":"image\/png"}],"twitter_card":"summary_large_image","twitter_misc":{"Est. reading time":"2 minutes"},"schema":{"@context":"https:\/\/schema.org","@graph":[{"@type":"WebPage","@id":"https:\/\/staging8.dev.gibbs.no\/gibbs-bookingsystem-for-minilager\/","url":"https:\/\/staging8.dev.gibbs.no\/gibbs-bookingsystem-for-minilager\/","name":"Gibbs bookingsystem for minilager - Gibbs.no - Bookingsystem","isPartOf":{"@id":"https:\/\/staging8.dev.gibbs.no\/#website"},"datePublished":"2024-06-25T16:19:41+00:00","dateModified":"2024-06-25T16:24:19+00:00","description":"Gibbs bookingsystem for minilager - Book, betal og \u00e5pne! Kunden betaler med Visa\/mastercard, Faktura eller EHF. Ingen betaling=Ingen adgang","breadcrumb":{"@id":"https:\/\/staging8.dev.gibbs.no\/gibbs-bookingsystem-for-minilager\/#breadcrumb"},"inLanguage":"sv-SE","potentialAction":[{"@type":"ReadAction","target":["https:\/\/staging8.dev.gibbs.no\/gibbs-bookingsystem-for-minilager\/"]}]},{"@type":"BreadcrumbList","@id":"https:\/\/staging8.dev.gibbs.no\/gibbs-bookingsystem-for-minilager\/#breadcrumb","itemListElement":[{"@type":"ListItem","position":1,"name":"Home","item":"https:\/\/staging8.dev.gibbs.no\/"},{"@type":"ListItem","position":2,"name":"Gibbs bookingsystem for minilager"}]},{"@type":"WebSite","@id":"https:\/\/staging8.dev.gibbs.no\/#website","url":"https:\/\/staging8.dev.gibbs.no\/","name":"Gibbs.no","description":"Bookingsystem - 1.Book 2.Betal 3.\u00c5pne","publisher":{"@id":"https:\/\/staging8.dev.gibbs.no\/#organization"},"potentialAction":[{"@type":"SearchAction","target":{"@type":"EntryPoint","urlTemplate":"https:\/\/staging8.dev.gibbs.no\/?s={search_term_string}"},"query-input":"required name=search_term_string"}],"inLanguage":"sv-SE"},{"@type":"Organization","@id":"https:\/\/staging8.dev.gibbs.no\/#organization","name":"Gibbs AS","url":"https:\/\/staging8.dev.gibbs.no\/","logo":{"@type":"ImageObject","inLanguage":"sv-SE","@id":"https:\/\/staging8.dev.gibbs.no\/#\/schema\/logo\/image\/","url":"https:\/\/staging8.dev.gibbs.no\/wp-content\/uploads\/2023\/11\/Gibbs-bookingsystem-logo.png","contentUrl":"https:\/\/staging8.dev.gibbs.no\/wp-content\/uploads\/2023\/11\/Gibbs-bookingsystem-logo.png","width":696,"height":696,"caption":"Gibbs AS"},"image":{"@id":"https:\/\/staging8.dev.gibbs.no\/#\/schema\/logo\/image\/"},"sameAs":["https:\/\/www.facebook.com\/GibbsNorge","https:\/\/www.linkedin.com\/company\/gibbsnorge"]}]}},"uagb_featured_image_src":{"full":["https:\/\/staging8.dev.gibbs.no\/wp-content\/uploads\/2024\/06\/Gibbs-minilager-bestilling.png",1440,1548,false],"thumbnail":["https:\/\/staging8.dev.gibbs.no\/wp-content\/uploads\/2024\/06\/Gibbs-minilager-bestilling-150x150.png",150,150,true],"medium":["https:\/\/staging8.dev.gibbs.no\/wp-content\/uploads\/2024\/06\/Gibbs-minilager-bestilling-279x300.png",279,300,true],"medium_large":["https:\/\/staging8.dev.gibbs.no\/wp-content\/uploads\/2024\/06\/Gibbs-minilager-bestilling-768x826.png",760,817,true],"large":["https:\/\/staging8.dev.gibbs.no\/wp-content\/uploads\/2024\/06\/Gibbs-minilager-bestilling-953x1024.png",760,817,true],"1536x1536":["https:\/\/staging8.dev.gibbs.no\/wp-content\/uploads\/2024\/06\/Gibbs-minilager-bestilling-1429x1536.png",1429,1536,true],"2048x2048":["https:\/\/staging8.dev.gibbs.no\/wp-content\/uploads\/2024\/06\/Gibbs-minilager-bestilling.png",1440,1548,false],"trp-custom-language-flag":["https:\/\/staging8.dev.gibbs.no\/wp-content\/uploads\/2024\/06\/Gibbs-minilager-bestilling-11x12.png",11,12,true],"post-thumbnail":["https:\/\/staging8.dev.gibbs.no\/wp-content\/uploads\/2024\/06\/Gibbs-minilager-bestilling-900x500.png",900,500,true],"listeo-avatar":["https:\/\/staging8.dev.gibbs.no\/wp-content\/uploads\/2024\/06\/Gibbs-minilager-bestilling-549x590.png",549,590,true],"listeo-blog-post":["https:\/\/staging8.dev.gibbs.no\/wp-content\/uploads\/2024\/06\/Gibbs-minilager-bestilling-623x670.png",623,670,true],"listeo-blog-related-post":["https:\/\/staging8.dev.gibbs.no\/wp-content\/uploads\/2024\/06\/Gibbs-minilager-bestilling-577x620.png",577,620,true],"listeo-post-thumb":["https:\/\/staging8.dev.gibbs.no\/wp-content\/uploads\/2024\/06\/Gibbs-minilager-bestilling-150x150.png",150,150,true],"listeo-gallery":["https:\/\/staging8.dev.gibbs.no\/wp-content\/uploads\/2024\/06\/Gibbs-minilager-bestilling-1200x1290.png",1200,1290,true],"listeo-listing-grid":["https:\/\/staging8.dev.gibbs.no\/wp-content\/uploads\/2024\/06\/Gibbs-minilager-bestilling-520x397.png",520,397,true],"listeo_core-avatar":["https:\/\/staging8.dev.gibbs.no\/wp-content\/uploads\/2024\/06\/Gibbs-minilager-bestilling-590x590.png",590,590,true],"listeo_core-preview":["https:\/\/staging8.dev.gibbs.no\/wp-content\/uploads\/2024\/06\/Gibbs-minilager-bestilling-200x200.png",200,200,true],"woocommerce_thumbnail":["https:\/\/staging8.dev.gibbs.no\/wp-content\/uploads\/2024\/06\/Gibbs-minilager-bestilling-300x300.png",300,300,true],"woocommerce_single":["https:\/\/staging8.dev.gibbs.no\/wp-content\/uploads\/2024\/06\/Gibbs-minilager-bestilling-600x645.png",600,645,true],"woocommerce_gallery_thumbnail":["https:\/\/staging8.dev.gibbs.no\/wp-content\/uploads\/2024\/06\/Gibbs-minilager-bestilling-100x100.png",100,100,true]},"uagb_author_info":{"display_name":"Gibbs Team A","author_link":"https:\/\/staging8.dev.gibbs.no\/sv\/author\/abdi-yusuf\/"},"uagb_comment_info":0,"uagb_excerpt":"Gibbs bookingsystem for minilager Alt du trenger for \u00e5 automatisere ditt minilager utleie! La dine kunder booke direkte fra din nettside med en enkel og sikker prosess. For \u00e5 sikre at alt er i orden f\u00f8r leieforholdet starter, krev BankID-verifisering, kredittsjekk og forskuddsbetaling. Kunden f\u00e5r kun tilgang til boden etter betaling. Hvis betalingen uteblir, vil&hellip;","_links":{"self":[{"href":"https:\/\/staging8.dev.gibbs.no\/sv\/wp-json\/wp\/v2\/pages\/32002","targetHints":{"allow":["GET"]}}],"collection":[{"href":"https:\/\/staging8.dev.gibbs.no\/sv\/wp-json\/wp\/v2\/pages"}],"about":[{"href":"https:\/\/staging8.dev.gibbs.no\/sv\/wp-json\/wp\/v2\/types\/page"}],"author":[{"embeddable":true,"href":"https:\/\/staging8.dev.gibbs.no\/sv\/wp-json\/wp\/v2\/users\/2"}],"replies":[{"embeddable":true,"href":"https:\/\/staging8.dev.gibbs.no\/sv\/wp-json\/wp\/v2\/comments?post=32002"}],"version-history":[{"count":10,"href":"https:\/\/staging8.dev.gibbs.no\/sv\/wp-json\/wp\/v2\/pages\/32002\/revisions"}],"predecessor-version":[{"id":34514,"href":"https:\/\/staging8.dev.gibbs.no\/sv\/wp-json\/wp\/v2\/pages\/32002\/revisions\/34514"}],"wp:featuredmedia":[{"embeddable":true,"href":"https:\/\/staging8.dev.gibbs.no\/sv\/wp-json\/wp\/v2\/media\/32012"}],"wp:attachment":[{"href":"https:\/\/staging8.dev.gibbs.no\/sv\/wp-json\/wp\/v2\/media?parent=32002"}],"curies":[{"name":"wp","href":"https:\/\/api.w.org\/{rel}","templated":true}]}}