{"id":16692,"date":"2023-10-05T23:07:27","date_gmt":"2023-10-05T21:07:27","guid":{"rendered":"https:\/\/staging8.dev.gibbs.no\/?page_id=16692"},"modified":"2024-02-14T17:08:09","modified_gmt":"2024-02-14T16:08:09","slug":"smart-laser","status":"publish","type":"page","link":"https:\/\/staging8.dev.gibbs.no\/sv\/priser\/smart-laser\/","title":{"rendered":"Smart l\u00e5ser"},"content":{"rendered":"<div style=\"height:20px\" aria-hidden=\"true\" class=\"wp-block-spacer\"><\/div>\n\n\n\n<div class=\"wp-block-group green_background\"><div class=\"wp-block-group__inner-container is-layout-constrained wp-block-group-is-layout-constrained\">\n<p class=\"has-text-align-center green_background has-black-color has-text-color\">V\u00e5re utvalgte smartl\u00e5ser er fullt integrert med v\u00e5rt bookingsystem. Alle smartl\u00e5ser genererer unike koder som kun er gyldig i den bestilte bookingperioden, og alle smartl\u00e5ser er batteridrevne \ud83d\ude0e<\/p>\n<\/div><\/div>\n\n\n\n<div style=\"height:20px\" aria-hidden=\"true\" class=\"wp-block-spacer\"><\/div>\n\n\n\n<div class=\"wp-block-columns is-layout-flex wp-container-core-columns-is-layout-9d6595d7 wp-block-columns-is-layout-flex\">\n<div class=\"wp-block-column is-layout-flow wp-block-column-is-layout-flow\">\n<div style=\"height:8px\" aria-hidden=\"true\" class=\"wp-block-spacer\"><\/div>\n\n\n\n<div class=\"wp-block-group shadow-background background-shadow\"><div class=\"wp-block-group__inner-container is-layout-constrained wp-block-group-is-layout-constrained\"><div class=\"wp-block-image\">\n<figure class=\"aligncenter size-thumbnail\"><img loading=\"lazy\" decoding=\"async\" width=\"150\" height=\"150\" src=\"https:\/\/staging8.dev.gibbs.no\/wp-content\/uploads\/2023\/10\/door-handle-150x150.jpg\" alt=\"\" class=\"wp-image-17109\" srcset=\"https:\/\/staging8.dev.gibbs.no\/wp-content\/uploads\/2023\/10\/door-handle-150x150.jpg 150w, https:\/\/staging8.dev.gibbs.no\/wp-content\/uploads\/2023\/10\/door-handle-12x12.jpg 12w, https:\/\/staging8.dev.gibbs.no\/wp-content\/uploads\/2023\/10\/door-handle-200x200.jpg 200w, https:\/\/staging8.dev.gibbs.no\/wp-content\/uploads\/2023\/10\/door-handle-100x100.jpg 100w, https:\/\/staging8.dev.gibbs.no\/wp-content\/uploads\/2023\/10\/door-handle.jpg 250w\" sizes=\"auto, (max-width: 150px) 100vw, 150px\" \/><\/figure>\n<\/div>\n\n\n<div style=\"height:8px\" aria-hidden=\"true\" class=\"wp-block-spacer\"><\/div>\n\n\n\n<p class=\"has-text-align-center has-black-color has-text-color has-medium-font-size\"><strong>Smart l\u00e5s<\/strong><\/p>\n\n\n\n<figure class=\"wp-block-table is-style-stripes\"><table class=\"has-black-color has-text-color\"><tbody><tr><td><strong>Egnet til <\/strong><\/td><td>Selskapslokaler, hytter, leiligheter, badstue, og lignende<\/td><\/tr><tr><td><strong>Produsent<\/strong><\/td><td>Locky Tech \ud83c\uddf3\ud83c\uddf4<\/td><\/tr><tr><td><strong>Fordeler<\/strong><\/td><td>4-sifret kode, Mulig med &laquo;\u00e5pen modus&raquo; forblir \u00e5pen i bookingperioden<\/td><\/tr><tr><td><strong>Ulemper<\/strong><\/td><td>Krever WiFi tilkobling<\/td><\/tr><tr><td><strong>Hvordan fungerer den?<\/strong><\/td><td>Tast inn kode og d\u00f8r h\u00e5ndtaket er mulig \u00e5 \u00e5pne<\/td><\/tr><tr><td><strong>Installere<\/strong><\/td><td>Bytt ut eksisterende l\u00e5s <\/td><\/tr><tr><td><strong>Egenskaper<\/strong><\/td><td>T\u00e5ler temperaturer fra -30\u00b0C til 50\u00b0C, samt regn og sn\u00f8<\/td><\/tr><\/tbody><\/table><\/figure>\n\n\n\n<div style=\"height:20px\" aria-hidden=\"true\" class=\"wp-block-spacer\"><\/div>\n\n\n\n<p class=\"has-text-align-center has-black-color has-text-color has-medium-font-size\"><strong>2995kr<\/strong><\/p>\n\n\n\n<div class=\"wp-block-uagb-buttons uagb-buttons__outer-wrap uagb-btn__default-btn uagb-btn-tablet__default-btn uagb-btn-mobile__default-btn uagb-block-a34ca152\"><div class=\"uagb-buttons__wrap uagb-buttons-layout-wrap\">\n<div class=\"wp-block-uagb-buttons-child uagb-buttons__outer-wrap uagb-block-2749e315 wp-block-button try_button\"><div class=\"uagb-button__wrapper\"><a class=\"uagb-buttons-repeater wp-block-button__link\" href=\"https:\/\/staging8.dev.gibbs.no\/sv\/kontakt-oss\/\" onclick=\"return true;\" rel=\"follow noopener\" target=\"_self\"><div class=\"uagb-button__link\">Bestill<\/div><\/a><\/div><\/div>\n<\/div><\/div>\n\n\n\n<div style=\"height:20px\" aria-hidden=\"true\" class=\"wp-block-spacer\"><\/div>\n<\/div><\/div>\n<\/div>\n\n\n\n<div class=\"wp-block-column is-layout-flow wp-block-column-is-layout-flow\">\n<div style=\"height:8px\" aria-hidden=\"true\" class=\"wp-block-spacer\"><\/div>\n\n\n\n<div class=\"wp-block-group shadow-background background-shadow\"><div class=\"wp-block-group__inner-container is-layout-constrained wp-block-group-is-layout-constrained\"><div class=\"wp-block-image\">\n<figure class=\"aligncenter size-thumbnail\"><img loading=\"lazy\" decoding=\"async\" width=\"150\" height=\"150\" src=\"https:\/\/staging8.dev.gibbs.no\/wp-content\/uploads\/2023\/10\/Screenshot-2023-10-05-at-23.59.06-150x150.png\" alt=\"\" class=\"wp-image-16718\" srcset=\"https:\/\/staging8.dev.gibbs.no\/wp-content\/uploads\/2023\/10\/Screenshot-2023-10-05-at-23.59.06-150x150.png 150w, https:\/\/staging8.dev.gibbs.no\/wp-content\/uploads\/2023\/10\/Screenshot-2023-10-05-at-23.59.06-300x300.png 300w, https:\/\/staging8.dev.gibbs.no\/wp-content\/uploads\/2023\/10\/Screenshot-2023-10-05-at-23.59.06-12x12.png 12w, https:\/\/staging8.dev.gibbs.no\/wp-content\/uploads\/2023\/10\/Screenshot-2023-10-05-at-23.59.06-588x590.png 588w, https:\/\/staging8.dev.gibbs.no\/wp-content\/uploads\/2023\/10\/Screenshot-2023-10-05-at-23.59.06-577x579.png 577w, https:\/\/staging8.dev.gibbs.no\/wp-content\/uploads\/2023\/10\/Screenshot-2023-10-05-at-23.59.06-590x590.png 590w, https:\/\/staging8.dev.gibbs.no\/wp-content\/uploads\/2023\/10\/Screenshot-2023-10-05-at-23.59.06-200x200.png 200w, https:\/\/staging8.dev.gibbs.no\/wp-content\/uploads\/2023\/10\/Screenshot-2023-10-05-at-23.59.06-100x100.png 100w, https:\/\/staging8.dev.gibbs.no\/wp-content\/uploads\/2023\/10\/Screenshot-2023-10-05-at-23.59.06.png 596w\" sizes=\"auto, (max-width: 150px) 100vw, 150px\" \/><\/figure>\n<\/div>\n\n\n<div style=\"height:8px\" aria-hidden=\"true\" class=\"wp-block-spacer\"><\/div>\n\n\n\n<p class=\"has-text-align-center has-black-color has-text-color has-medium-font-size\"><strong>Smart l\u00e5s deadbolt<\/strong><\/p>\n\n\n\n<figure class=\"wp-block-table is-style-stripes\"><table class=\"has-black-color has-text-color\"><tbody><tr><td><strong>Egnet til <\/strong><\/td><td>Selskapslokaler, hytter, leiligheter, badstue, og lignende<\/td><\/tr><tr><td><strong>Produsent<\/strong><\/td><td>Igloohome<\/td><\/tr><tr><td><strong>Fordeler<\/strong><\/td><td>Krever verken Wi-Fi-tilkobling eller str\u00f8mtilgang<\/td><\/tr><tr><td><strong>Ulemper<\/strong><\/td><td>9-sifret kode, Krever utfresing for installasjon<\/td><\/tr><tr><td><strong>Hvordan fungerer den?<\/strong><\/td><td>Tast inn kode og en bolt mekanisme \u00e5pner seg<\/td><\/tr><tr><td><strong><strong>Installere<\/strong><\/strong><\/td><td>Bytt ut eksisterende l\u00e5s.<\/td><\/tr><tr><td><strong>Egenskaper<\/strong><\/td><td>T\u00e5ler temperaturer fra -20\u00b0C til 50\u00b0C, samt regn og sn\u00f8<\/td><\/tr><\/tbody><\/table><\/figure>\n\n\n\n<div style=\"height:20px\" aria-hidden=\"true\" class=\"wp-block-spacer\"><\/div>\n\n\n\n<p class=\"has-text-align-center has-black-color has-text-color has-medium-font-size\"><strong>2995kr<\/strong><\/p>\n\n\n\n<div class=\"wp-block-uagb-buttons uagb-buttons__outer-wrap uagb-btn__default-btn uagb-btn-tablet__default-btn uagb-btn-mobile__default-btn uagb-block-33b6b3ef\"><div class=\"uagb-buttons__wrap uagb-buttons-layout-wrap\">\n<div class=\"wp-block-uagb-buttons-child uagb-buttons__outer-wrap uagb-block-4f7b3ce7 wp-block-button try_button\"><div class=\"uagb-button__wrapper\"><a class=\"uagb-buttons-repeater wp-block-button__link\" href=\"https:\/\/staging8.dev.gibbs.no\/sv\/kontakt-oss\/\" onclick=\"return true;\" rel=\"follow noopener\" target=\"_self\"><div class=\"uagb-button__link\">Bestill<\/div><\/a><\/div><\/div>\n<\/div><\/div>\n\n\n\n<div style=\"height:20px\" aria-hidden=\"true\" class=\"wp-block-spacer\"><\/div>\n<\/div><\/div>\n<\/div>\n<\/div>\n\n\n\n<div class=\"wp-block-columns is-layout-flex wp-container-core-columns-is-layout-9d6595d7 wp-block-columns-is-layout-flex\">\n<div class=\"wp-block-column is-layout-flow wp-block-column-is-layout-flow\">\n<div class=\"wp-block-group shadow-background background-shadow\"><div class=\"wp-block-group__inner-container is-layout-constrained wp-block-group-is-layout-constrained\"><div class=\"wp-block-image\">\n<figure class=\"aligncenter size-thumbnail\"><img loading=\"lazy\" decoding=\"async\" width=\"150\" height=\"150\" src=\"https:\/\/staging8.dev.gibbs.no\/wp-content\/uploads\/2023\/10\/Screenshot-2023-10-05-at-23.55.22-150x150.png\" alt=\"\" class=\"wp-image-16720\" srcset=\"https:\/\/staging8.dev.gibbs.no\/wp-content\/uploads\/2023\/10\/Screenshot-2023-10-05-at-23.55.22-150x150.png 150w, https:\/\/staging8.dev.gibbs.no\/wp-content\/uploads\/2023\/10\/Screenshot-2023-10-05-at-23.55.22-11x12.png 11w, https:\/\/staging8.dev.gibbs.no\/wp-content\/uploads\/2023\/10\/Screenshot-2023-10-05-at-23.55.22-200x200.png 200w, https:\/\/staging8.dev.gibbs.no\/wp-content\/uploads\/2023\/10\/Screenshot-2023-10-05-at-23.55.22-100x100.png 100w\" sizes=\"auto, (max-width: 150px) 100vw, 150px\" \/><\/figure>\n<\/div>\n\n\n<div style=\"height:8px\" aria-hidden=\"true\" class=\"wp-block-spacer\"><\/div>\n\n\n\n<p class=\"has-text-align-center has-black-color has-text-color has-medium-font-size\"><strong>Smart Hengel\u00e5s<\/strong><\/p>\n\n\n\n<figure class=\"wp-block-table is-style-stripes\"><table class=\"has-black-color has-text-color\"><tbody><tr><td><strong><strong>Egnet til <\/strong><\/strong><\/td><td>Badstue, bod, hundepark, kano, sykkel ol<\/td><\/tr><tr><td><strong>Produsent<\/strong><\/td><td>Igloohome<\/td><\/tr><tr><td><strong>Fordeler<\/strong><\/td><td>Krever verken Wi-Fi-tilkobling eller str\u00f8mtilgang<\/td><\/tr><tr><td><strong>Ulemper<\/strong><\/td><td>Ikke adgangslogg, \u00e5pning via link, 9sifret adgangskode<\/td><\/tr><tr><td><strong>Hvordan fungerer den?<\/strong><\/td><td>Tast inn kode og hengel\u00e5sen \u00e5pner seg<\/td><\/tr><tr><td><strong><strong>Installere<\/strong><\/strong><\/td><td>Krever ingen installasjon<\/td><\/tr><tr><td><strong>Egenskaper<\/strong><\/td><td>T\u00e5ler temperaturer fra -20\u00b0C til 50\u00b0C, samt regn og sn\u00f8<\/td><\/tr><\/tbody><\/table><\/figure>\n\n\n\n<div style=\"height:20px\" aria-hidden=\"true\" class=\"wp-block-spacer\"><\/div>\n\n\n\n<p class=\"has-text-align-center has-black-color has-text-color has-medium-font-size\"><strong><strong>1995kr<\/strong><\/strong><\/p>\n\n\n\n<div class=\"wp-block-uagb-buttons uagb-buttons__outer-wrap uagb-btn__default-btn uagb-btn-tablet__default-btn uagb-btn-mobile__default-btn uagb-block-f419030b\"><div class=\"uagb-buttons__wrap uagb-buttons-layout-wrap\">\n<div class=\"wp-block-uagb-buttons-child uagb-buttons__outer-wrap uagb-block-b4961491 wp-block-button try_button\"><div class=\"uagb-button__wrapper\"><a class=\"uagb-buttons-repeater wp-block-button__link\" href=\"https:\/\/staging8.dev.gibbs.no\/sv\/kontakt-oss\/\" onclick=\"return true;\" rel=\"follow noopener\" target=\"_self\"><div class=\"uagb-button__link\">Bestill<\/div><\/a><\/div><\/div>\n<\/div><\/div>\n\n\n\n<div style=\"height:20px\" aria-hidden=\"true\" class=\"wp-block-spacer\"><\/div>\n<\/div><\/div>\n<\/div>\n\n\n\n<div class=\"wp-block-column is-layout-flow wp-block-column-is-layout-flow\">\n<div class=\"wp-block-group shadow-background background-shadow\"><div class=\"wp-block-group__inner-container is-layout-constrained wp-block-group-is-layout-constrained\"><div class=\"wp-block-image\">\n<figure class=\"aligncenter size-thumbnail\"><img loading=\"lazy\" decoding=\"async\" width=\"150\" height=\"150\" src=\"https:\/\/staging8.dev.gibbs.no\/wp-content\/uploads\/2023\/10\/Screenshot-2023-10-05-at-23.56.07-150x150.png\" alt=\"\" class=\"wp-image-16719\" srcset=\"https:\/\/staging8.dev.gibbs.no\/wp-content\/uploads\/2023\/10\/Screenshot-2023-10-05-at-23.56.07-150x150.png 150w, https:\/\/staging8.dev.gibbs.no\/wp-content\/uploads\/2023\/10\/Screenshot-2023-10-05-at-23.56.07-300x300.png 300w, https:\/\/staging8.dev.gibbs.no\/wp-content\/uploads\/2023\/10\/Screenshot-2023-10-05-at-23.56.07-12x12.png 12w, https:\/\/staging8.dev.gibbs.no\/wp-content\/uploads\/2023\/10\/Screenshot-2023-10-05-at-23.56.07-200x200.png 200w, https:\/\/staging8.dev.gibbs.no\/wp-content\/uploads\/2023\/10\/Screenshot-2023-10-05-at-23.56.07-100x100.png 100w, https:\/\/staging8.dev.gibbs.no\/wp-content\/uploads\/2023\/10\/Screenshot-2023-10-05-at-23.56.07.png 389w\" sizes=\"auto, (max-width: 150px) 100vw, 150px\" \/><\/figure>\n<\/div>\n\n\n<div style=\"height:8px\" aria-hidden=\"true\" class=\"wp-block-spacer\"><\/div>\n\n\n\n<p class=\"has-text-align-center has-black-color has-text-color has-medium-font-size\"><strong>Smart<\/strong> <strong>N\u00f8kkelboks<\/strong><\/p>\n\n\n\n<figure class=\"wp-block-table is-style-stripes\"><table class=\"has-black-color has-text-color\"><tbody><tr><td><strong><strong>Egnet til <\/strong><\/strong><\/td><td>utleieobjekter der man \u00f8nsker \u00e5 beholde eksisterende l\u00e5s<\/td><\/tr><tr><td><strong>Produsent<\/strong><\/td><td>Igloohome<\/td><\/tr><tr><td><strong>Fordeler<\/strong><\/td><td>Krever verken Wi-Fi-tilkobling eller str\u00f8mtilgang<\/td><\/tr><tr><td><strong>Ulemper<\/strong><\/td><td>Ikke adgangslogg, \u00e5pning via link, 9sifret adgangskode<\/td><\/tr><tr><td><strong>Hvordan fungerer den?<\/strong><\/td><td>Tast inn kode og et n\u00f8kkelrom blir tilgjengelige<\/td><\/tr><tr><td><strong><strong>Installere<\/strong><\/strong><\/td><td>Kan festes p\u00e5 veggen eller annen passende overflate<\/td><\/tr><tr><td><strong>Egenskaper<\/strong><\/td><td>T\u00e5ler temperaturer fra -20\u00b0C til 50\u00b0C, samt regn og sn\u00f8<\/td><\/tr><\/tbody><\/table><\/figure>\n\n\n\n<p class=\"has-text-align-center\"><\/p>\n\n\n\n<p class=\"has-text-align-center has-black-color has-text-color has-medium-font-size\"><strong>2995kr<\/strong><\/p>\n\n\n\n<div class=\"wp-block-uagb-buttons uagb-buttons__outer-wrap uagb-btn__default-btn uagb-btn-tablet__default-btn uagb-btn-mobile__default-btn uagb-block-d8c82315\"><div class=\"uagb-buttons__wrap uagb-buttons-layout-wrap\">\n<div class=\"wp-block-uagb-buttons-child uagb-buttons__outer-wrap uagb-block-1fafb5e2 wp-block-button try_button\"><div class=\"uagb-button__wrapper\"><a class=\"uagb-buttons-repeater wp-block-button__link\" href=\"https:\/\/staging8.dev.gibbs.no\/sv\/kontakt-oss\/\" onclick=\"return true;\" rel=\"follow noopener\" target=\"_self\"><div class=\"uagb-button__link\">Bestill<\/div><\/a><\/div><\/div>\n<\/div><\/div>\n\n\n\n<div style=\"height:20px\" aria-hidden=\"true\" class=\"wp-block-spacer\"><\/div>\n<\/div><\/div>\n<\/div>\n<\/div>","protected":false},"excerpt":{"rendered":"<p>V\u00e5re utvalgte smartl\u00e5ser er fullt integrert med v\u00e5rt bookingsystem. Alle smartl\u00e5ser genererer unike koder som kun er gyldig i den bestilte bookingperioden, og alle smartl\u00e5ser er batteridrevne \ud83d\ude0e Smart l\u00e5s Egnet til Selskapslokaler, hytter, leiligheter, badstue, og lignende Produsent Locky Tech \ud83c\uddf3\ud83c\uddf4 Fordeler 4-sifret kode, Mulig med &laquo;\u00e5pen modus&raquo; forblir \u00e5pen i bookingperioden Ulemper Krever [&hellip;]<\/p>","protected":false},"author":1,"featured_media":0,"parent":16159,"menu_order":0,"comment_status":"closed","ping_status":"closed","template":"page-template-popup.php","meta":{"content-type":"","inline_featured_image":false,"_uag_custom_page_level_css":"","footnotes":""},"class_list":["post-16692","page","type-page","status-publish","hentry"],"yoast_head":"<!-- This site is optimized with the Yoast SEO plugin v20.8 - https:\/\/yoast.com\/wordpress\/plugins\/seo\/ -->\n<title>Smart l\u00e5ser - Gibbs.no - Bookingsystem<\/title>\n<meta name=\"robots\" content=\"noindex, follow, max-snippet:-1, max-image-preview:large, max-video-preview:-1\" \/>\n<meta property=\"og:locale\" content=\"sv_SE\" \/>\n<meta property=\"og:type\" content=\"article\" \/>\n<meta property=\"og:title\" content=\"Smart l\u00e5ser - Gibbs.no - Bookingsystem\" \/>\n<meta property=\"og:description\" content=\"V\u00e5re utvalgte smartl\u00e5ser er fullt integrert med v\u00e5rt bookingsystem. Alle smartl\u00e5ser genererer unike koder som kun er gyldig i den bestilte bookingperioden, og alle smartl\u00e5ser er batteridrevne \ud83d\ude0e Smart l\u00e5s Egnet til Selskapslokaler, hytter, leiligheter, badstue, og lignende Produsent Locky Tech \ud83c\uddf3\ud83c\uddf4 Fordeler 4-sifret kode, Mulig med &laquo;\u00e5pen modus&raquo; forblir \u00e5pen i bookingperioden Ulemper Krever [&hellip;]\" \/>\n<meta property=\"og:url\" content=\"https:\/\/staging8.dev.gibbs.no\/sv\/priser\/smart-laser\/\" \/>\n<meta property=\"og:site_name\" content=\"Gibbs.no - Bookingsystem\" \/>\n<meta property=\"article:publisher\" content=\"https:\/\/www.facebook.com\/GibbsNorge\" \/>\n<meta property=\"article:modified_time\" content=\"2024-02-14T16:08:09+00:00\" \/>\n<meta property=\"og:image\" content=\"https:\/\/staging8.dev.gibbs.no\/wp-content\/uploads\/2023\/10\/door-handle-150x150.jpg\" \/>\n<meta name=\"twitter:card\" content=\"summary_large_image\" \/>\n<meta name=\"twitter:label1\" content=\"Est. reading time\" \/>\n\t<meta name=\"twitter:data1\" content=\"3 minutes\" \/>\n<script type=\"application\/ld+json\" class=\"yoast-schema-graph\">{\"@context\":\"https:\/\/schema.org\",\"@graph\":[{\"@type\":\"WebPage\",\"@id\":\"https:\/\/staging8.dev.gibbs.no\/priser\/smart-laser\/\",\"url\":\"https:\/\/staging8.dev.gibbs.no\/priser\/smart-laser\/\",\"name\":\"Smart l\u00e5ser - Gibbs.no - Bookingsystem\",\"isPartOf\":{\"@id\":\"https:\/\/staging8.dev.gibbs.no\/#website\"},\"datePublished\":\"2023-10-05T21:07:27+00:00\",\"dateModified\":\"2024-02-14T16:08:09+00:00\",\"breadcrumb\":{\"@id\":\"https:\/\/staging8.dev.gibbs.no\/priser\/smart-laser\/#breadcrumb\"},\"inLanguage\":\"sv-SE\",\"potentialAction\":[{\"@type\":\"ReadAction\",\"target\":[\"https:\/\/staging8.dev.gibbs.no\/priser\/smart-laser\/\"]}]},{\"@type\":\"BreadcrumbList\",\"@id\":\"https:\/\/staging8.dev.gibbs.no\/priser\/smart-laser\/#breadcrumb\",\"itemListElement\":[{\"@type\":\"ListItem\",\"position\":1,\"name\":\"Home\",\"item\":\"https:\/\/staging8.dev.gibbs.no\/\"},{\"@type\":\"ListItem\",\"position\":2,\"name\":\"Priser\",\"item\":\"https:\/\/staging8.dev.gibbs.no\/priser\/\"},{\"@type\":\"ListItem\",\"position\":3,\"name\":\"Smart l\u00e5ser\"}]},{\"@type\":\"WebSite\",\"@id\":\"https:\/\/staging8.dev.gibbs.no\/#website\",\"url\":\"https:\/\/staging8.dev.gibbs.no\/\",\"name\":\"Gibbs.no\",\"description\":\"Bookingsystem - 1.Book 2.Betal 3.\u00c5pne\",\"publisher\":{\"@id\":\"https:\/\/staging8.dev.gibbs.no\/#organization\"},\"potentialAction\":[{\"@type\":\"SearchAction\",\"target\":{\"@type\":\"EntryPoint\",\"urlTemplate\":\"https:\/\/staging8.dev.gibbs.no\/?s={search_term_string}\"},\"query-input\":\"required name=search_term_string\"}],\"inLanguage\":\"sv-SE\"},{\"@type\":\"Organization\",\"@id\":\"https:\/\/staging8.dev.gibbs.no\/#organization\",\"name\":\"Gibbs AS\",\"url\":\"https:\/\/staging8.dev.gibbs.no\/\",\"logo\":{\"@type\":\"ImageObject\",\"inLanguage\":\"sv-SE\",\"@id\":\"https:\/\/staging8.dev.gibbs.no\/#\/schema\/logo\/image\/\",\"url\":\"https:\/\/staging8.dev.gibbs.no\/wp-content\/uploads\/2023\/11\/Gibbs-bookingsystem-logo.png\",\"contentUrl\":\"https:\/\/staging8.dev.gibbs.no\/wp-content\/uploads\/2023\/11\/Gibbs-bookingsystem-logo.png\",\"width\":696,\"height\":696,\"caption\":\"Gibbs AS\"},\"image\":{\"@id\":\"https:\/\/staging8.dev.gibbs.no\/#\/schema\/logo\/image\/\"},\"sameAs\":[\"https:\/\/www.facebook.com\/GibbsNorge\",\"https:\/\/www.linkedin.com\/company\/gibbsnorge\"]}]}<\/script>\n<!-- \/ Yoast SEO plugin. -->","yoast_head_json":{"title":"Smart l\u00e5ser - Gibbs.no - Bookingsystem","robots":{"index":"noindex","follow":"follow","max-snippet":"max-snippet:-1","max-image-preview":"max-image-preview:large","max-video-preview":"max-video-preview:-1"},"og_locale":"sv_SE","og_type":"article","og_title":"Smart l\u00e5ser - Gibbs.no - Bookingsystem","og_description":"V\u00e5re utvalgte smartl\u00e5ser er fullt integrert med v\u00e5rt bookingsystem. Alle smartl\u00e5ser genererer unike koder som kun er gyldig i den bestilte bookingperioden, og alle smartl\u00e5ser er batteridrevne \ud83d\ude0e Smart l\u00e5s Egnet til Selskapslokaler, hytter, leiligheter, badstue, og lignende Produsent Locky Tech \ud83c\uddf3\ud83c\uddf4 Fordeler 4-sifret kode, Mulig med &laquo;\u00e5pen modus&raquo; forblir \u00e5pen i bookingperioden Ulemper Krever [&hellip;]","og_url":"https:\/\/staging8.dev.gibbs.no\/sv\/priser\/smart-laser\/","og_site_name":"Gibbs.no - Bookingsystem","article_publisher":"https:\/\/www.facebook.com\/GibbsNorge","article_modified_time":"2024-02-14T16:08:09+00:00","og_image":[{"url":"https:\/\/staging8.dev.gibbs.no\/wp-content\/uploads\/2023\/10\/door-handle-150x150.jpg"}],"twitter_card":"summary_large_image","twitter_misc":{"Est. reading time":"3 minutes"},"schema":{"@context":"https:\/\/schema.org","@graph":[{"@type":"WebPage","@id":"https:\/\/staging8.dev.gibbs.no\/priser\/smart-laser\/","url":"https:\/\/staging8.dev.gibbs.no\/priser\/smart-laser\/","name":"Smart l\u00e5ser - Gibbs.no - Bookingsystem","isPartOf":{"@id":"https:\/\/staging8.dev.gibbs.no\/#website"},"datePublished":"2023-10-05T21:07:27+00:00","dateModified":"2024-02-14T16:08:09+00:00","breadcrumb":{"@id":"https:\/\/staging8.dev.gibbs.no\/priser\/smart-laser\/#breadcrumb"},"inLanguage":"sv-SE","potentialAction":[{"@type":"ReadAction","target":["https:\/\/staging8.dev.gibbs.no\/priser\/smart-laser\/"]}]},{"@type":"BreadcrumbList","@id":"https:\/\/staging8.dev.gibbs.no\/priser\/smart-laser\/#breadcrumb","itemListElement":[{"@type":"ListItem","position":1,"name":"Home","item":"https:\/\/staging8.dev.gibbs.no\/"},{"@type":"ListItem","position":2,"name":"Priser","item":"https:\/\/staging8.dev.gibbs.no\/priser\/"},{"@type":"ListItem","position":3,"name":"Smart l\u00e5ser"}]},{"@type":"WebSite","@id":"https:\/\/staging8.dev.gibbs.no\/#website","url":"https:\/\/staging8.dev.gibbs.no\/","name":"Gibbs.no","description":"Bookingsystem - 1.Book 2.Betal 3.\u00c5pne","publisher":{"@id":"https:\/\/staging8.dev.gibbs.no\/#organization"},"potentialAction":[{"@type":"SearchAction","target":{"@type":"EntryPoint","urlTemplate":"https:\/\/staging8.dev.gibbs.no\/?s={search_term_string}"},"query-input":"required name=search_term_string"}],"inLanguage":"sv-SE"},{"@type":"Organization","@id":"https:\/\/staging8.dev.gibbs.no\/#organization","name":"Gibbs AS","url":"https:\/\/staging8.dev.gibbs.no\/","logo":{"@type":"ImageObject","inLanguage":"sv-SE","@id":"https:\/\/staging8.dev.gibbs.no\/#\/schema\/logo\/image\/","url":"https:\/\/staging8.dev.gibbs.no\/wp-content\/uploads\/2023\/11\/Gibbs-bookingsystem-logo.png","contentUrl":"https:\/\/staging8.dev.gibbs.no\/wp-content\/uploads\/2023\/11\/Gibbs-bookingsystem-logo.png","width":696,"height":696,"caption":"Gibbs AS"},"image":{"@id":"https:\/\/staging8.dev.gibbs.no\/#\/schema\/logo\/image\/"},"sameAs":["https:\/\/www.facebook.com\/GibbsNorge","https:\/\/www.linkedin.com\/company\/gibbsnorge"]}]}},"uagb_featured_image_src":{"full":false,"thumbnail":false,"medium":false,"medium_large":false,"large":false,"1536x1536":false,"2048x2048":false,"trp-custom-language-flag":false,"post-thumbnail":false,"listeo-avatar":false,"listeo-blog-post":false,"listeo-blog-related-post":false,"listeo-post-thumb":false,"listeo-gallery":false,"listeo-listing-grid":false,"listeo_core-avatar":false,"listeo_core-preview":false,"woocommerce_thumbnail":false,"woocommerce_single":false,"woocommerce_gallery_thumbnail":false},"uagb_author_info":{"display_name":"Gibbs","author_link":"https:\/\/staging8.dev.gibbs.no\/sv\/author\/kamil-gryga94gmail-com\/"},"uagb_comment_info":0,"uagb_excerpt":"V\u00e5re utvalgte smartl\u00e5ser er fullt integrert med v\u00e5rt bookingsystem. Alle smartl\u00e5ser genererer unike koder som kun er gyldig i den bestilte bookingperioden, og alle smartl\u00e5ser er batteridrevne \ud83d\ude0e Smart l\u00e5s Egnet til Selskapslokaler, hytter, leiligheter, badstue, og lignende Produsent Locky Tech \ud83c\uddf3\ud83c\uddf4 Fordeler 4-sifret kode, Mulig med &laquo;\u00e5pen modus&raquo; forblir \u00e5pen i bookingperioden Ulemper Krever&hellip;","_links":{"self":[{"href":"https:\/\/staging8.dev.gibbs.no\/sv\/wp-json\/wp\/v2\/pages\/16692","targetHints":{"allow":["GET"]}}],"collection":[{"href":"https:\/\/staging8.dev.gibbs.no\/sv\/wp-json\/wp\/v2\/pages"}],"about":[{"href":"https:\/\/staging8.dev.gibbs.no\/sv\/wp-json\/wp\/v2\/types\/page"}],"author":[{"embeddable":true,"href":"https:\/\/staging8.dev.gibbs.no\/sv\/wp-json\/wp\/v2\/users\/1"}],"replies":[{"embeddable":true,"href":"https:\/\/staging8.dev.gibbs.no\/sv\/wp-json\/wp\/v2\/comments?post=16692"}],"version-history":[{"count":28,"href":"https:\/\/staging8.dev.gibbs.no\/sv\/wp-json\/wp\/v2\/pages\/16692\/revisions"}],"predecessor-version":[{"id":22974,"href":"https:\/\/staging8.dev.gibbs.no\/sv\/wp-json\/wp\/v2\/pages\/16692\/revisions\/22974"}],"up":[{"embeddable":true,"href":"https:\/\/staging8.dev.gibbs.no\/sv\/wp-json\/wp\/v2\/pages\/16159"}],"wp:attachment":[{"href":"https:\/\/staging8.dev.gibbs.no\/sv\/wp-json\/wp\/v2\/media?parent=16692"}],"curies":[{"name":"wp","href":"https:\/\/api.w.org\/{rel}","templated":true}]}}