{"id":16566,"date":"2023-10-05T18:37:04","date_gmt":"2023-10-05T16:37:04","guid":{"rendered":"https:\/\/staging8.dev.gibbs.no\/?page_id=16566"},"modified":"2023-10-06T01:34:48","modified_gmt":"2023-10-05T23:34:48","slug":"tidsbesparelse","status":"publish","type":"page","link":"https:\/\/staging8.dev.gibbs.no\/sv\/tidsbesparelse\/","title":{"rendered":"Tids sparande"},"content":{"rendered":"<div class=\"wp-block-uagb-container uagb-block-838411ab alignfull uagb-is-root-container\"><div class=\"uagb-container-inner-blocks-wrap\">\n<div class=\"wp-block-group .shadow-background\"><div class=\"wp-block-group__inner-container is-layout-constrained wp-block-group-is-layout-constrained\">\n<h2 class=\"wp-block-heading has-text-align-center\"><strong>F\u00f6r hyresv\u00e4rden<\/strong><\/h2>\n\n\n\n<div style=\"height:20px\" aria-hidden=\"true\" class=\"wp-block-spacer\"><\/div>\n\n\n\n<h3 class=\"wp-block-heading has-text-align-center\"><strong>Manuell bokning<\/strong><\/h3>\n\n\n<div class=\"wp-block-image\">\n<figure class=\"aligncenter size-large is-resized\"><img decoding=\"async\" src=\"https:\/\/staging8.dev.gibbs.no\/wp-content\/uploads\/2023\/10\/utleie-manuel-steps-488x1024.png\" alt=\"\" class=\"wp-image-16672\" style=\"width:300px\" width=\"300\" srcset=\"https:\/\/staging8.dev.gibbs.no\/wp-content\/uploads\/2023\/10\/utleie-manuel-steps-488x1024.png 488w, https:\/\/staging8.dev.gibbs.no\/wp-content\/uploads\/2023\/10\/utleie-manuel-steps-143x300.png 143w, https:\/\/staging8.dev.gibbs.no\/wp-content\/uploads\/2023\/10\/utleie-manuel-steps-6x12.png 6w, https:\/\/staging8.dev.gibbs.no\/wp-content\/uploads\/2023\/10\/utleie-manuel-steps-281x590.png 281w, https:\/\/staging8.dev.gibbs.no\/wp-content\/uploads\/2023\/10\/utleie-manuel-steps-320x670.png 320w, https:\/\/staging8.dev.gibbs.no\/wp-content\/uploads\/2023\/10\/utleie-manuel-steps-413x866.png 413w, https:\/\/staging8.dev.gibbs.no\/wp-content\/uploads\/2023\/10\/utleie-manuel-steps-600x1258.png 600w, https:\/\/staging8.dev.gibbs.no\/wp-content\/uploads\/2023\/10\/utleie-manuel-steps.png 631w\" sizes=\"(max-width: 488px) 100vw, 488px\" \/><\/figure>\n<\/div>\n\n\n<p class=\"has-black-color has-text-color\">1. Ta emot beg\u00e4ran. Kanske m\u00e5ste svara p\u00e5 en fr\u00e5ga? L\u00e5t oss b\u00f6rja med detta medelv\u00e4rde <strong>3 min<\/strong><\/p>\n\n\n\n<p class=\"has-black-color has-text-color\">2. Att kontrollera tillg\u00e4ngligheten kan snabbt ta lite tid, speciellt om det \u00e4r flera administrat\u00f6rer som accepterar f\u00f6rfr\u00e5gningar, men om du har en Google eller annan digital kalender \u00e4r det inte mer \u00e4n <strong>2 min<\/strong><\/p>\n\n\n\n<p class=\"has-black-color has-text-color\">3. Dialogen \u00e4r kanske den mest invecklade. Du lyckades svara kunden att den var tillg\u00e4nglig inom 10 minuter, men sedan tar de 3 dagar att svara dig igen. Och under tiden fick du 2 andra f\u00f6rfr\u00e5gningar f\u00f6r samma tid. Sedan blir det lite pingis med kunden f\u00f6r att hitta r\u00e4tt tidpunkt.<br>Vi tillhandah\u00e5ller det <strong>10 minuter<\/strong> och 3 timmars v\u00e4ntetid<\/p>\n\n\n\n<p class=\"has-black-color has-text-color\">4. L\u00e4gg till i kalendern tar <strong>1 min<\/strong> om du har bra rutiner<\/p>\n\n\n\n<p class=\"has-black-color has-text-color\">5. Kontraktsundertecknande kan ta <strong>5 min <\/strong>om du har bra rutiner. Men att v\u00e4nta p\u00e5 ett p\u00e5skrivet kontrakt och eventuellt tjata ett par g\u00e5nger kan ta tid. L\u00e5t oss s\u00e4ga 1 timmes v\u00e4ntetid<\/p>\n\n\n\n<p class=\"has-black-color has-text-color\">6. Att l\u00e4mna \u00f6ver nyckel varierar extremt. Vissa har nyckeln kvar utan &quot;filten&quot;, medan andra m\u00e5ste ha en vaktm\u00e4stare som kommer och levererar. Vi f\u00e5r se <strong>10 minuter <\/strong><\/p>\n\n\n\n<p class=\"has-black-color has-text-color\">7. Att f\u00e5 tillbaka nyckeln \u00e4r lika varierande. D\u00e5 och d\u00e5 blir det \u00e4ven trasslat eller inte levererat i tid till n\u00e4sta uthyrning. Vi f\u00e5r se <strong>10 minuter <\/strong><\/p>\n\n\n\n<p class=\"has-black-color has-text-color\">8. Att skicka fakturan kan ta lite tid, fr\u00e5gan \u00e4r om den som ansvarar f\u00f6r uthyrningen \u00e4r samma person som ocks\u00e5 skickar fakturan. Det varierar ocks\u00e5 fr\u00e5n plats till plats. L\u00e5t oss s\u00e4ga att det tar i genomsnitt <strong>10 minuter<\/strong><\/p>\n\n\n\n<p class=\"has-black-color has-text-color\">9. Ibland m\u00e5ste man bara jobba med lite tjat. S\u00e4ga <strong>2 min<\/strong><\/p>\n\n\n\n<h3 class=\"wp-block-heading has-text-align-center\"><strong>Gibbs bokning<\/strong><\/h3>\n\n\n<div class=\"wp-block-image\">\n<figure class=\"aligncenter size-full is-resized\"><img decoding=\"async\" src=\"https:\/\/staging8.dev.gibbs.no\/wp-content\/uploads\/2023\/10\/utleier-steps-automatisk.png\" alt=\"\" class=\"wp-image-16673\" style=\"width:300px\" width=\"300\" srcset=\"https:\/\/staging8.dev.gibbs.no\/wp-content\/uploads\/2023\/10\/utleier-steps-automatisk.png 629w, https:\/\/staging8.dev.gibbs.no\/wp-content\/uploads\/2023\/10\/utleier-steps-automatisk-300x208.png 300w, https:\/\/staging8.dev.gibbs.no\/wp-content\/uploads\/2023\/10\/utleier-steps-automatisk-18x12.png 18w, https:\/\/staging8.dev.gibbs.no\/wp-content\/uploads\/2023\/10\/utleier-steps-automatisk-590x410.png 590w, https:\/\/staging8.dev.gibbs.no\/wp-content\/uploads\/2023\/10\/utleier-steps-automatisk-577x401.png 577w, https:\/\/staging8.dev.gibbs.no\/wp-content\/uploads\/2023\/10\/utleier-steps-automatisk-600x417.png 600w\" sizes=\"(max-width: 629px) 100vw, 629px\" \/><\/figure>\n<\/div>\n\n\n<p class=\"has-black-color has-text-color\">1. Ta emot bokningar direkt i din gibbs administrationskalender. Detta tar inte dig tid <strong>0 min<\/strong>.<\/p>\n\n\n\n<p class=\"has-black-color has-text-color\">2. Njut av det digitala livet. Nu har du lite tid \u00f6ver, som du kan g\u00f6ra andra saker med. Kanske en liten fika? <strong>0 min<\/strong><\/p>\n\n\n\n<p class=\"has-black-color has-text-color\">3. Tja, du kanske har f\u00f6rslag p\u00e5 f\u00f6rb\u00e4ttringar eller vill skicka ett leende till oss? Eftersom det \u00e4r helt frivilligt s\u00e4tter vi upp det <strong>0 min<\/strong> \ud83d\ude42 <\/p>\n\n\n\n<div style=\"height:20px\" aria-hidden=\"true\" class=\"wp-block-spacer\"><\/div>\n\n\n\n<div class=\"wp-block-columns is-not-stacked-on-mobile is-layout-flex wp-container-core-columns-is-layout-9d6595d7 wp-block-columns-is-layout-flex\">\n<div class=\"wp-block-column is-layout-flow wp-block-column-is-layout-flow\">\n<div class=\"wp-block-group has-black-color has-text-color\"><div class=\"wp-block-group__inner-container is-layout-constrained wp-block-group-is-layout-constrained\">\n<p class=\"has-text-align-center has-medium-font-size\"><strong>Gibbs bokning<\/strong><\/p>\n\n\n\n<p class=\"has-text-align-center has-medium-font-size\"><strong>0 min<\/strong> arbete<\/p>\n\n\n\n<p class=\"has-text-align-center has-medium-font-size\"><strong>0 min<\/strong> v\u00e4ntetid<\/p>\n<\/div><\/div>\n<\/div>\n\n\n\n<div class=\"wp-block-column is-layout-flow wp-block-column-is-layout-flow\">\n<div class=\"wp-block-group has-black-color has-text-color\"><div class=\"wp-block-group__inner-container is-layout-constrained wp-block-group-is-layout-constrained\">\n<p class=\"has-text-align-center has-medium-font-size\"><strong>Manuell bokning<\/strong><\/p>\n\n\n\n<p class=\"has-text-align-center has-medium-font-size\"><strong>53 min<\/strong> arbete<\/p>\n\n\n\n<p class=\"has-text-align-center has-medium-font-size\"><strong>4 timmar<\/strong> v\u00e4ntetid<\/p>\n<\/div><\/div>\n<\/div>\n<\/div>\n<\/div><\/div>\n\n\n\n<div class=\"wp-block-group .shadow-background\"><div class=\"wp-block-group__inner-container is-layout-constrained wp-block-group-is-layout-constrained\">\n<h2 class=\"wp-block-heading has-text-align-center\"><strong>F\u00f6r hyresg\u00e4sten<\/strong><\/h2>\n\n\n\n<div style=\"height:20px\" aria-hidden=\"true\" class=\"wp-block-spacer\"><\/div>\n\n\n\n<h3 class=\"wp-block-heading has-text-align-center\"><strong>Manuell bokning<\/strong><\/h3>\n\n\n<div class=\"wp-block-image\">\n<figure class=\"aligncenter size-full is-resized\"><img decoding=\"async\" src=\"https:\/\/staging8.dev.gibbs.no\/wp-content\/uploads\/2023\/10\/leietaker-steps.png\" alt=\"\" class=\"wp-image-16625\" style=\"width:300px\" width=\"300\" srcset=\"https:\/\/staging8.dev.gibbs.no\/wp-content\/uploads\/2023\/10\/leietaker-steps.png 629w, https:\/\/staging8.dev.gibbs.no\/wp-content\/uploads\/2023\/10\/leietaker-steps-213x300.png 213w, https:\/\/staging8.dev.gibbs.no\/wp-content\/uploads\/2023\/10\/leietaker-steps-9x12.png 9w, https:\/\/staging8.dev.gibbs.no\/wp-content\/uploads\/2023\/10\/leietaker-steps-419x590.png 419w, https:\/\/staging8.dev.gibbs.no\/wp-content\/uploads\/2023\/10\/leietaker-steps-476x670.png 476w, https:\/\/staging8.dev.gibbs.no\/wp-content\/uploads\/2023\/10\/leietaker-steps-577x813.png 577w, https:\/\/staging8.dev.gibbs.no\/wp-content\/uploads\/2023\/10\/leietaker-steps-600x845.png 600w\" sizes=\"(max-width: 629px) 100vw, 629px\" \/><\/figure>\n<\/div>\n\n\n<p class=\"has-black-color has-text-color\">1. Skicka f\u00f6rfr\u00e5gan kan vara lite komplicerat f\u00f6r m\u00e5nga. Vad ska du b\u00f6rja skriva?<br>L\u00e5t oss b\u00f6rja med detta medelv\u00e4rde <strong>2 min<\/strong> <\/p>\n\n\n\n<p class=\"has-black-color has-text-color\">2. Dialog kan snabbt ta m\u00e5nga timmar, och upp till flera dagar, om man r\u00e4knar in v\u00e4ntetid (alla gillar inte att svara p\u00e5 f\u00f6rfr\u00e5gningar p\u00e5 helgen). Det kan ocks\u00e5 leda till att du tappar kunder, eftersom du inte har tid att svara tillr\u00e4ckligt snabbt. <br>Vi tillhandah\u00e5ller det <strong>10 minuter<\/strong> arbete och 3 timmars v\u00e4ntetid<\/p>\n\n\n\n<p class=\"has-black-color has-text-color\">3. Kontraktsskrivning sker ofta genom att hyresg\u00e4sten m\u00e5ste tr\u00e4ffa hyresv\u00e4rden fysiskt, alternativt skriva ut ett kontrakt som skickats via mail, underteckna det, sedan scanna och skicka tillbaka det. <br>L\u00e5t oss s\u00e4ga att det tar i genomsnitt<strong> 10 minuter<\/strong><\/p>\n\n\n\n<p class=\"has-black-color has-text-color\">4. Att h\u00e4mta nyckeln kan vara sv\u00e5rt, men det varierar fr\u00e5n plats till plats. L\u00e5t oss s\u00e4ga att det tar i genomsnitt <strong>5 min<\/strong>. Ibland m\u00e5ste man v\u00e4nta p\u00e5 personen som levererar nyckeln, s\u00e5 inte mycket tid, men mer frustration 5 min v\u00e4ntetid<\/p>\n\n\n\n<p class=\"has-black-color has-text-color\">5. Retur av nyckel. L\u00e5t oss s\u00e4ga att det tar i genomsnitt <strong>5 min<\/strong>. Ibland m\u00e5ste du v\u00e4nta h\u00e4r och s\u00e4g 5 minuters v\u00e4ntan<\/p>\n\n\n\n<p class=\"has-black-color has-text-color\">6. Betalning av faktura <strong>5 min<\/strong><\/p>\n\n\n\n<h3 class=\"wp-block-heading has-text-align-center\"><strong>Gibbs bokning<\/strong><\/h3>\n\n\n<div class=\"wp-block-image\">\n<figure class=\"aligncenter size-full is-resized\"><img decoding=\"async\" src=\"https:\/\/staging8.dev.gibbs.no\/wp-content\/uploads\/2023\/10\/leietaker-steps-automatiskv2.png\" alt=\"\" class=\"wp-image-16652\" style=\"width:300px\" width=\"300\" srcset=\"https:\/\/staging8.dev.gibbs.no\/wp-content\/uploads\/2023\/10\/leietaker-steps-automatiskv2.png 628w, https:\/\/staging8.dev.gibbs.no\/wp-content\/uploads\/2023\/10\/leietaker-steps-automatiskv2-300x209.png 300w, https:\/\/staging8.dev.gibbs.no\/wp-content\/uploads\/2023\/10\/leietaker-steps-automatiskv2-18x12.png 18w, https:\/\/staging8.dev.gibbs.no\/wp-content\/uploads\/2023\/10\/leietaker-steps-automatiskv2-590x411.png 590w, https:\/\/staging8.dev.gibbs.no\/wp-content\/uploads\/2023\/10\/leietaker-steps-automatiskv2-577x402.png 577w, https:\/\/staging8.dev.gibbs.no\/wp-content\/uploads\/2023\/10\/leietaker-steps-automatiskv2-600x418.png 600w\" sizes=\"(max-width: 628px) 100vw, 628px\" \/><\/figure>\n<\/div>\n\n\n<p class=\"has-black-color has-text-color\">1. Boka genom att v\u00e4lja ett tillg\u00e4ngligt datum. Detta tar ca <strong>1 min<\/strong><\/p>\n\n\n\n<p class=\"has-black-color has-text-color\">2. Betala med vipps, visa eller mastercard. F\u00f6rsta g\u00e5ngen tar det ca <strong>2 min<\/strong>, men andra g\u00e5ngen kommer du ih\u00e5g gibbs \ud83d\ude42 <\/p>\n\n\n\n<p class=\"has-black-color has-text-color\">3. Du f\u00e5r \u00e5tkomstkoden via SMS, och den tar \u00f6ver <strong>1 min<\/strong> f\u00f6r att ange koden<\/p>\n\n\n\n<div style=\"height:20px\" aria-hidden=\"true\" class=\"wp-block-spacer\"><\/div>\n\n\n\n<div class=\"wp-block-columns is-not-stacked-on-mobile is-layout-flex wp-container-core-columns-is-layout-9d6595d7 wp-block-columns-is-layout-flex\">\n<div class=\"wp-block-column is-layout-flow wp-block-column-is-layout-flow\">\n<div class=\"wp-block-group has-black-color has-text-color\"><div class=\"wp-block-group__inner-container is-layout-constrained wp-block-group-is-layout-constrained\">\n<p class=\"has-text-align-center has-medium-font-size\"><strong>Gibbs bokning<\/strong><\/p>\n\n\n\n<p class=\"has-text-align-center has-medium-font-size\"><strong>4 min<\/strong> arbete<\/p>\n\n\n\n<p class=\"has-text-align-center has-medium-font-size\"><strong>0 min<\/strong> v\u00e4ntetid<\/p>\n<\/div><\/div>\n<\/div>\n\n\n\n<div class=\"wp-block-column is-layout-flow wp-block-column-is-layout-flow\">\n<div class=\"wp-block-group has-black-color has-text-color\"><div class=\"wp-block-group__inner-container is-layout-constrained wp-block-group-is-layout-constrained\">\n<p class=\"has-text-align-center has-medium-font-size\"><strong>Manuell bokning<\/strong><\/p>\n\n\n\n<p class=\"has-text-align-center has-medium-font-size\"><strong>37 min<\/strong> arbete<\/p>\n\n\n\n<p class=\"has-text-align-center has-medium-font-size\"><strong>3,1 timmar<\/strong> v\u00e4ntetid<\/p>\n<\/div><\/div>\n<\/div>\n<\/div>\n<\/div><\/div>\n<\/div><\/div>\n\n\n\n<div class=\"wp-block-uagb-container uagb-block-5fef5f48 alignfull uagb-is-root-container\"><div class=\"uagb-container-inner-blocks-wrap\">\n<div style=\"height:40px\" aria-hidden=\"true\" class=\"wp-block-spacer\"><\/div>\n\n\n\n<p class=\"has-text-align-center has-medium-font-size\"><em>Manuella tidsbesparingar baseras p\u00e5 genomsnittliga bokningar. Om du g\u00f6r ett experiment och m\u00e4ter all tid som spenderas p\u00e5 alla detaljer s\u00e5 g\u00e5r det mer tid \u00e4n du tror \ud83d\ude42 <\/em><\/p>\n<\/div><\/div>","protected":false},"excerpt":{"rendered":"<p>For utleier Manuell booking 1. Motta foresp\u00f8rsel. M\u00e5 kanskje svare p\u00e5 noe sp\u00f8rsm\u00e5l? La oss starte med at dette tar i snitt 3 min 2. Sjekke tilgjengelighet, kan fort ta litt tid, spesielt om det er flere administratorer som tar imot foresp\u00f8rsler, men har man en google eller annen digital kalender s\u00e5 er det ikke [&hellip;]<\/p>","protected":false},"author":1,"featured_media":0,"parent":0,"menu_order":0,"comment_status":"closed","ping_status":"closed","template":"","meta":{"content-type":"","inline_featured_image":false,"_uag_custom_page_level_css":"","footnotes":""},"class_list":["post-16566","page","type-page","status-publish","hentry"],"yoast_head":"<!-- This site is optimized with the Yoast SEO plugin v20.8 - https:\/\/yoast.com\/wordpress\/plugins\/seo\/ -->\n<title>Tidsbesparelse - Gibbs.no - Bookingsystem<\/title>\n<meta name=\"robots\" content=\"noindex, follow, max-snippet:-1, max-image-preview:large, max-video-preview:-1\" \/>\n<meta property=\"og:locale\" content=\"sv_SE\" \/>\n<meta property=\"og:type\" content=\"article\" \/>\n<meta property=\"og:title\" content=\"Tidsbesparelse - Gibbs.no - Bookingsystem\" \/>\n<meta property=\"og:description\" content=\"For utleier Manuell booking 1. Motta foresp\u00f8rsel. M\u00e5 kanskje svare p\u00e5 noe sp\u00f8rsm\u00e5l? La oss starte med at dette tar i snitt 3 min 2. Sjekke tilgjengelighet, kan fort ta litt tid, spesielt om det er flere administratorer som tar imot foresp\u00f8rsler, men har man en google eller annen digital kalender s\u00e5 er det ikke [&hellip;]\" \/>\n<meta property=\"og:url\" content=\"https:\/\/staging8.dev.gibbs.no\/sv\/tidsbesparelse\/\" \/>\n<meta property=\"og:site_name\" content=\"Gibbs.no - Bookingsystem\" \/>\n<meta property=\"article:publisher\" content=\"https:\/\/www.facebook.com\/GibbsNorge\" \/>\n<meta property=\"article:modified_time\" content=\"2023-10-05T23:34:48+00:00\" \/>\n<meta property=\"og:image\" content=\"https:\/\/staging8.dev.gibbs.no\/wp-content\/uploads\/2023\/10\/utleie-manuel-steps-488x1024.png\" \/>\n<meta name=\"twitter:card\" content=\"summary_large_image\" \/>\n<meta name=\"twitter:label1\" content=\"Est. reading time\" \/>\n\t<meta name=\"twitter:data1\" content=\"3 minutes\" \/>\n<script type=\"application\/ld+json\" class=\"yoast-schema-graph\">{\"@context\":\"https:\/\/schema.org\",\"@graph\":[{\"@type\":\"WebPage\",\"@id\":\"https:\/\/staging8.dev.gibbs.no\/tidsbesparelse\/\",\"url\":\"https:\/\/staging8.dev.gibbs.no\/tidsbesparelse\/\",\"name\":\"Tidsbesparelse - Gibbs.no - Bookingsystem\",\"isPartOf\":{\"@id\":\"https:\/\/staging8.dev.gibbs.no\/#website\"},\"datePublished\":\"2023-10-05T16:37:04+00:00\",\"dateModified\":\"2023-10-05T23:34:48+00:00\",\"breadcrumb\":{\"@id\":\"https:\/\/staging8.dev.gibbs.no\/tidsbesparelse\/#breadcrumb\"},\"inLanguage\":\"sv-SE\",\"potentialAction\":[{\"@type\":\"ReadAction\",\"target\":[\"https:\/\/staging8.dev.gibbs.no\/tidsbesparelse\/\"]}]},{\"@type\":\"BreadcrumbList\",\"@id\":\"https:\/\/staging8.dev.gibbs.no\/tidsbesparelse\/#breadcrumb\",\"itemListElement\":[{\"@type\":\"ListItem\",\"position\":1,\"name\":\"Home\",\"item\":\"https:\/\/staging8.dev.gibbs.no\/\"},{\"@type\":\"ListItem\",\"position\":2,\"name\":\"Tidsbesparelse\"}]},{\"@type\":\"WebSite\",\"@id\":\"https:\/\/staging8.dev.gibbs.no\/#website\",\"url\":\"https:\/\/staging8.dev.gibbs.no\/\",\"name\":\"Gibbs.no\",\"description\":\"Bookingsystem - 1.Book 2.Betal 3.\u00c5pne\",\"publisher\":{\"@id\":\"https:\/\/staging8.dev.gibbs.no\/#organization\"},\"potentialAction\":[{\"@type\":\"SearchAction\",\"target\":{\"@type\":\"EntryPoint\",\"urlTemplate\":\"https:\/\/staging8.dev.gibbs.no\/?s={search_term_string}\"},\"query-input\":\"required name=search_term_string\"}],\"inLanguage\":\"sv-SE\"},{\"@type\":\"Organization\",\"@id\":\"https:\/\/staging8.dev.gibbs.no\/#organization\",\"name\":\"Gibbs AS\",\"url\":\"https:\/\/staging8.dev.gibbs.no\/\",\"logo\":{\"@type\":\"ImageObject\",\"inLanguage\":\"sv-SE\",\"@id\":\"https:\/\/staging8.dev.gibbs.no\/#\/schema\/logo\/image\/\",\"url\":\"https:\/\/staging8.dev.gibbs.no\/wp-content\/uploads\/2023\/11\/Gibbs-bookingsystem-logo.png\",\"contentUrl\":\"https:\/\/staging8.dev.gibbs.no\/wp-content\/uploads\/2023\/11\/Gibbs-bookingsystem-logo.png\",\"width\":696,\"height\":696,\"caption\":\"Gibbs AS\"},\"image\":{\"@id\":\"https:\/\/staging8.dev.gibbs.no\/#\/schema\/logo\/image\/\"},\"sameAs\":[\"https:\/\/www.facebook.com\/GibbsNorge\",\"https:\/\/www.linkedin.com\/company\/gibbsnorge\"]}]}<\/script>\n<!-- \/ Yoast SEO plugin. -->","yoast_head_json":{"title":"Tidsbesparelse - Gibbs.no - Bookingsystem","robots":{"index":"noindex","follow":"follow","max-snippet":"max-snippet:-1","max-image-preview":"max-image-preview:large","max-video-preview":"max-video-preview:-1"},"og_locale":"sv_SE","og_type":"article","og_title":"Tidsbesparelse - Gibbs.no - Bookingsystem","og_description":"For utleier Manuell booking 1. Motta foresp\u00f8rsel. M\u00e5 kanskje svare p\u00e5 noe sp\u00f8rsm\u00e5l? La oss starte med at dette tar i snitt 3 min 2. Sjekke tilgjengelighet, kan fort ta litt tid, spesielt om det er flere administratorer som tar imot foresp\u00f8rsler, men har man en google eller annen digital kalender s\u00e5 er det ikke [&hellip;]","og_url":"https:\/\/staging8.dev.gibbs.no\/sv\/tidsbesparelse\/","og_site_name":"Gibbs.no - Bookingsystem","article_publisher":"https:\/\/www.facebook.com\/GibbsNorge","article_modified_time":"2023-10-05T23:34:48+00:00","og_image":[{"url":"https:\/\/staging8.dev.gibbs.no\/wp-content\/uploads\/2023\/10\/utleie-manuel-steps-488x1024.png"}],"twitter_card":"summary_large_image","twitter_misc":{"Est. reading time":"3 minutes"},"schema":{"@context":"https:\/\/schema.org","@graph":[{"@type":"WebPage","@id":"https:\/\/staging8.dev.gibbs.no\/tidsbesparelse\/","url":"https:\/\/staging8.dev.gibbs.no\/tidsbesparelse\/","name":"Tidsbesparelse - Gibbs.no - Bookingsystem","isPartOf":{"@id":"https:\/\/staging8.dev.gibbs.no\/#website"},"datePublished":"2023-10-05T16:37:04+00:00","dateModified":"2023-10-05T23:34:48+00:00","breadcrumb":{"@id":"https:\/\/staging8.dev.gibbs.no\/tidsbesparelse\/#breadcrumb"},"inLanguage":"sv-SE","potentialAction":[{"@type":"ReadAction","target":["https:\/\/staging8.dev.gibbs.no\/tidsbesparelse\/"]}]},{"@type":"BreadcrumbList","@id":"https:\/\/staging8.dev.gibbs.no\/tidsbesparelse\/#breadcrumb","itemListElement":[{"@type":"ListItem","position":1,"name":"Home","item":"https:\/\/staging8.dev.gibbs.no\/"},{"@type":"ListItem","position":2,"name":"Tidsbesparelse"}]},{"@type":"WebSite","@id":"https:\/\/staging8.dev.gibbs.no\/#website","url":"https:\/\/staging8.dev.gibbs.no\/","name":"Gibbs.no","description":"Bookingsystem - 1.Book 2.Betal 3.\u00c5pne","publisher":{"@id":"https:\/\/staging8.dev.gibbs.no\/#organization"},"potentialAction":[{"@type":"SearchAction","target":{"@type":"EntryPoint","urlTemplate":"https:\/\/staging8.dev.gibbs.no\/?s={search_term_string}"},"query-input":"required name=search_term_string"}],"inLanguage":"sv-SE"},{"@type":"Organization","@id":"https:\/\/staging8.dev.gibbs.no\/#organization","name":"Gibbs AS","url":"https:\/\/staging8.dev.gibbs.no\/","logo":{"@type":"ImageObject","inLanguage":"sv-SE","@id":"https:\/\/staging8.dev.gibbs.no\/#\/schema\/logo\/image\/","url":"https:\/\/staging8.dev.gibbs.no\/wp-content\/uploads\/2023\/11\/Gibbs-bookingsystem-logo.png","contentUrl":"https:\/\/staging8.dev.gibbs.no\/wp-content\/uploads\/2023\/11\/Gibbs-bookingsystem-logo.png","width":696,"height":696,"caption":"Gibbs AS"},"image":{"@id":"https:\/\/staging8.dev.gibbs.no\/#\/schema\/logo\/image\/"},"sameAs":["https:\/\/www.facebook.com\/GibbsNorge","https:\/\/www.linkedin.com\/company\/gibbsnorge"]}]}},"uagb_featured_image_src":{"full":false,"thumbnail":false,"medium":false,"medium_large":false,"large":false,"1536x1536":false,"2048x2048":false,"trp-custom-language-flag":false,"post-thumbnail":false,"listeo-avatar":false,"listeo-blog-post":false,"listeo-blog-related-post":false,"listeo-post-thumb":false,"listeo-gallery":false,"listeo-listing-grid":false,"listeo_core-avatar":false,"listeo_core-preview":false,"woocommerce_thumbnail":false,"woocommerce_single":false,"woocommerce_gallery_thumbnail":false},"uagb_author_info":{"display_name":"Gibbs","author_link":"https:\/\/staging8.dev.gibbs.no\/sv\/author\/kamil-gryga94gmail-com\/"},"uagb_comment_info":0,"uagb_excerpt":"For utleier Manuell booking 1. Motta foresp\u00f8rsel. M\u00e5 kanskje svare p\u00e5 noe sp\u00f8rsm\u00e5l? La oss starte med at dette tar i snitt 3 min 2. Sjekke tilgjengelighet, kan fort ta litt tid, spesielt om det er flere administratorer som tar imot foresp\u00f8rsler, men har man en google eller annen digital kalender s\u00e5 er det ikke&hellip;","_links":{"self":[{"href":"https:\/\/staging8.dev.gibbs.no\/sv\/wp-json\/wp\/v2\/pages\/16566","targetHints":{"allow":["GET"]}}],"collection":[{"href":"https:\/\/staging8.dev.gibbs.no\/sv\/wp-json\/wp\/v2\/pages"}],"about":[{"href":"https:\/\/staging8.dev.gibbs.no\/sv\/wp-json\/wp\/v2\/types\/page"}],"author":[{"embeddable":true,"href":"https:\/\/staging8.dev.gibbs.no\/sv\/wp-json\/wp\/v2\/users\/1"}],"replies":[{"embeddable":true,"href":"https:\/\/staging8.dev.gibbs.no\/sv\/wp-json\/wp\/v2\/comments?post=16566"}],"version-history":[{"count":48,"href":"https:\/\/staging8.dev.gibbs.no\/sv\/wp-json\/wp\/v2\/pages\/16566\/revisions"}],"predecessor-version":[{"id":16768,"href":"https:\/\/staging8.dev.gibbs.no\/sv\/wp-json\/wp\/v2\/pages\/16566\/revisions\/16768"}],"wp:attachment":[{"href":"https:\/\/staging8.dev.gibbs.no\/sv\/wp-json\/wp\/v2\/media?parent=16566"}],"curies":[{"name":"wp","href":"https:\/\/api.w.org\/{rel}","templated":true}]}}