{"id":16225,"date":"2023-10-03T16:26:01","date_gmt":"2023-10-03T14:26:01","guid":{"rendered":"https:\/\/staging8.dev.gibbs.no\/?page_id=16225"},"modified":"2023-10-23T16:56:59","modified_gmt":"2023-10-23T14:56:59","slug":"sesongbooking-algoritme","status":"publish","type":"page","link":"https:\/\/staging8.dev.gibbs.no\/sv\/sesongbooking-algoritme\/","title":{"rendered":"Algoritm f\u00f6r s\u00e4songsbokning"},"content":{"rendered":"<div class=\"wp-block-group green_background_image\"><div class=\"wp-block-group__inner-container is-layout-constrained wp-block-group-is-layout-constrained\">\n<h1 class=\"wp-block-heading has-text-align-center has-x-large-font-size\"><strong><strong>Algoritm f\u00f6r s\u00e4songsbokning<\/strong><\/strong><\/h1>\n\n\n\n<p class=\"has-text-align-center has-medium-font-size\"><strong><strong>Systemet nominerades till digitaliseringspriset 2023<\/strong><\/strong><\/p>\n\n\n\n<div class=\"wp-block-uagb-container uagb-block-c3718d42 alignwide uagb-is-root-container\">\n<figure class=\"wp-block-embed aligncenter is-type-video is-provider-youtube wp-block-embed-youtube wp-embed-aspect-16-9 wp-has-aspect-ratio\"><div class=\"wp-block-embed__wrapper\">\n<iframe loading=\"lazy\" title=\"Gibbs s\u00e4songsbokning f\u00f6r lag och f\u00f6reningar\" width=\"760\" height=\"428\" src=\"https:\/\/www.youtube.com\/embed\/fzEV8SrRdvc?feature=oembed\" frameborder=\"0\" allow=\"accelerometer; autoplay; clipboard-write; encrypted-media; gyroscope; picture-in-picture; web-share\" referrerpolicy=\"strict-origin-when-cross-origin\" allowfullscreen><\/iframe>\n<\/div><\/figure>\n<\/div>\n<\/div><\/div>\n\n\n\n<div class=\"wp-block-uagb-container uagb-block-376f593c alignfull uagb-is-root-container\"><div class=\"uagb-container-inner-blocks-wrap\">\n<div style=\"height:20px\" aria-hidden=\"true\" class=\"wp-block-spacer\"><\/div>\n\n\n\n<div class=\"wp-block-columns is-layout-flex wp-container-core-columns-is-layout-9d6595d7 wp-block-columns-is-layout-flex\">\n<div class=\"wp-block-column is-layout-flow wp-block-column-is-layout-flow\">\n<div class=\"wp-block-uagb-info-box uagb-block-13a36e81 uagb-infobox__content-wrap  uagb-infobox-icon-above-title uagb-infobox-image-valign-middle\"><div class=\"uagb-ifb-content\"><div class=\"uagb-ifb-icon-wrap\"><div class=\"uagb-iconbox-icon-wrap uagb-infobox-shape-circle\"><svg xmlns=\"https:\/\/www.w3.org\/2000\/svg\" viewbox=\"0 0 512 512\"><path d=\"M0 416C0 398.3 14.33 384 32 384H86.66C99 355.7 127.2 336 160 336C192.8 336 220.1 355.7 233.3 384H480C497.7 384 512 398.3 512 416C512 433.7 497.7 448 480 448H233.3C220.1 476.3 192.8 496 160 496C127.2 496 99 476.3 86.66 448H32C14.33 448 0 433.7 0 416V416zM192 416C192 398.3 177.7 384 160 384C142.3 384 128 398.3 128 416C128 433.7 142.3 448 160 448C177.7 448 192 433.7 192 416zM352 176C384.8 176 412.1 195.7 425.3 224H480C497.7 224 512 238.3 512 256C512 273.7 497.7 288 480 288H425.3C412.1 316.3 384.8 336 352 336C319.2 336 291 316.3 278.7 288H32C14.33 288 0 273.7 0 256C0 238.3 14.33 224 32 224H278.7C291 195.7 319.2 176 352 176zM384 256C384 238.3 369.7 224 352 224C334.3 224 320 238.3 320 256C320 273.7 334.3 288 352 288C369.7 288 384 273.7 384 256zM480 64C497.7 64 512 78.33 512 96C512 113.7 497.7 128 480 128H265.3C252.1 156.3 224.8 176 192 176C159.2 176 131 156.3 118.7 128H32C14.33 128 0 113.7 0 96C0 78.33 14.33 64 32 64H118.7C131 35.75 159.2 16 192 16C224.8 16 252.1 35.75 265.3 64H480zM160 96C160 113.7 174.3 128 192 128C209.7 128 224 113.7 224 96C224 78.33 209.7 64 192 64C174.3 64 160 78.33 160 96z\"><\/path><\/svg><\/div><\/div><div class=\"uagb-ifb-title-wrap\"><h3 class=\"uagb-ifb-title\">1. Skapa dina egna regler <\/h3><\/div><p class=\"uagb-ifb-desc\">Baserat p\u00e5 \u00e5lder, niv\u00e5, antal medlemmar, typ av sport + 16 parametrar. <\/p><\/div><\/div>\n<\/div>\n\n\n\n<div class=\"wp-block-column is-layout-flow wp-block-column-is-layout-flow\">\n<div class=\"wp-block-uagb-info-box uagb-block-7c23820a uagb-infobox__content-wrap  uagb-infobox-icon-above-title uagb-infobox-image-valign-middle\"><div class=\"uagb-ifb-content\"><div class=\"uagb-ifb-icon-wrap\"><div class=\"uagb-iconbox-icon-wrap uagb-infobox-shape-circle\"><svg xmlns=\"https:\/\/www.w3.org\/2000\/svg\" viewbox=\"0 0 512 512\"><path d=\"M511.6 36.86l-64 415.1c-1.5 9.734-7.375 18.22-15.97 23.05c-4.844 2.719-10.27 4.097-15.68 4.097c-4.188 0-8.319-.8154-12.29-2.472l-122.6-51.1l-50.86 76.29C226.3 508.5 219.8 512 212.8 512C201.3 512 192 502.7 192 491.2v-96.18c0-7.115 2.372-14.03 6.742-19.64L416 96l-293.7 264.3L19.69 317.5C8.438 312.8 .8125 302.2 .0625 289.1s5.469-23.72 16.06-29.77l448-255.1c10.69-6.109 23.88-5.547 34 1.406S513.5 24.72 511.6 36.86z\"><\/path><\/svg><\/div><\/div><div class=\"uagb-ifb-title-wrap\"><h3 class=\"uagb-ifb-title\">2. Skicka ans\u00f6kan<\/h3><\/div><p class=\"uagb-ifb-desc\">Idrottslag\/f\u00f6reningar eller privatpersoner anm\u00e4ler sig genom bokningssystemet.<\/p><\/div><\/div>\n<\/div>\n\n\n\n<div class=\"wp-block-column is-layout-flow wp-block-column-is-layout-flow\">\n<div class=\"wp-block-uagb-info-box uagb-block-06ebbb42 uagb-infobox__content-wrap  uagb-infobox-icon-above-title uagb-infobox-image-valign-middle\"><div class=\"uagb-ifb-content\"><div class=\"uagb-ifb-icon-wrap\"><div class=\"uagb-iconbox-icon-wrap uagb-infobox-shape-circle\"><svg xmlns=\"https:\/\/www.w3.org\/2000\/svg\" viewbox=\"0 0 576 512\"><path d=\"M248.8 4.994C249.9 1.99 252.8 .0001 256 .0001C259.2 .0001 262.1 1.99 263.2 4.994L277.3 42.67L315 56.79C318 57.92 320 60.79 320 64C320 67.21 318 70.08 315 71.21L277.3 85.33L263.2 123C262.1 126 259.2 128 256 128C252.8 128 249.9 126 248.8 123L234.7 85.33L196.1 71.21C193.1 70.08 192 67.21 192 64C192 60.79 193.1 57.92 196.1 56.79L234.7 42.67L248.8 4.994zM427.4 14.06C446.2-4.686 476.6-4.686 495.3 14.06L529.9 48.64C548.6 67.38 548.6 97.78 529.9 116.5L148.5 497.9C129.8 516.6 99.38 516.6 80.64 497.9L46.06 463.3C27.31 444.6 27.31 414.2 46.06 395.4L427.4 14.06zM461.4 59.31L356.3 164.3L379.6 187.6L484.6 82.58L461.4 59.31zM7.491 117.2L64 96L85.19 39.49C86.88 34.98 91.19 32 96 32C100.8 32 105.1 34.98 106.8 39.49L128 96L184.5 117.2C189 118.9 192 123.2 192 128C192 132.8 189 137.1 184.5 138.8L128 160L106.8 216.5C105.1 221 100.8 224 96 224C91.19 224 86.88 221 85.19 216.5L64 160L7.491 138.8C2.985 137.1 0 132.8 0 128C0 123.2 2.985 118.9 7.491 117.2zM359.5 373.2L416 352L437.2 295.5C438.9 290.1 443.2 288 448 288C452.8 288 457.1 290.1 458.8 295.5L480 352L536.5 373.2C541 374.9 544 379.2 544 384C544 388.8 541 393.1 536.5 394.8L480 416L458.8 472.5C457.1 477 452.8 480 448 480C443.2 480 438.9 477 437.2 472.5L416 416L359.5 394.8C354.1 393.1 352 388.8 352 384C352 379.2 354.1 374.9 359.5 373.2z\"><\/path><\/svg><\/div><\/div><div class=\"uagb-ifb-title-wrap\"><h3 class=\"uagb-ifb-title\">3. Algoritmen ger f\u00f6rslag<\/h3><\/div><p class=\"uagb-ifb-desc\">Systemet accepterar ans\u00f6kningarna och ger ett f\u00f6rslag p\u00e5 0,8 sek!<\/p><\/div><\/div>\n<\/div>\n<\/div>\n<\/div><\/div>\n\n\n\n<div class=\"wp-block-uagb-buttons uagb-buttons__outer-wrap uagb-btn__default-btn uagb-btn-tablet__default-btn uagb-btn-mobile__default-btn uagb-block-a34ca152\"><div class=\"uagb-buttons__wrap uagb-buttons-layout-wrap\">\n<div class=\"wp-block-uagb-buttons-child uagb-buttons__outer-wrap uagb-block-d2e46666 wp-block-button try_button\"><div class=\"uagb-button__wrapper\"><a class=\"uagb-buttons-repeater wp-block-button__link\" href=\"https:\/\/staging8.dev.gibbs.no\/sv\/kontakt-oss\/\" onclick=\"return true;\" rel=\"follow noopener\" target=\"_self\"><div class=\"uagb-button__link\">Boka en demo<\/div><\/a><\/div><\/div>\n<\/div><\/div>\n\n\n\n<div class=\"wp-block-uagb-container uagb-block-e058d840 alignfull uagb-is-root-container\"><div class=\"uagb-container-inner-blocks-wrap\">\n<div class=\"wp-block-group\"><div class=\"wp-block-group__inner-container is-layout-constrained wp-block-group-is-layout-constrained\">\n<div style=\"height:30px\" aria-hidden=\"true\" class=\"wp-block-spacer\"><\/div>\n\n\n\n<h2 class=\"wp-block-heading has-text-align-center\"><strong>Vad s\u00e4ger v\u00e5ra kunder?<\/strong><\/h2>\n\n\n\n<div class=\"wp-block-uagb-testimonial uagb-slick-carousel uagb-tm__arrow-outside uagb-block-138d9ec0\"><div class=\"is-carousel uagb-tm__columns-1 uagb-tm__items\"><div class=\"uagb-testimonial__wrap  uagb-tm__imgicon-style-circle uagb-tm__image-position-bottom uagb-tm__bg-type-none\"><div class=\"uagb-tm__content\"><div class=\"uagb-tm__overlay\"><\/div><div class=\"uagb-tm__text-wrap\"><div class=\"uagb-tm__desc\">Detta f\u00f6rsvann p\u00e5 nolltid! Algoritmen gjorde jobbet och gav ett mycket bra f\u00f6rslag. Det \u00e4r ocks\u00e5 v\u00e4ldigt enkelt att g\u00f6ra justeringar och anpassningar i efterhand. L\u00f6sningens vecko\u00f6versikt, d\u00e4r du har alla hyresr\u00e4tter samlade p\u00e5 en sida och kan scrolla ner f\u00f6r att se tiderna, \u00e4r v\u00e4ldigt trevlig. Jag tycker att kalendern \u00e4r v\u00e4ldigt enkel att anv\u00e4nda, och ger en v\u00e4ldigt bra \u00f6verblick \u00f6ver tilldelade tider. En helt annan v\u00e4rld \u00e4n vad jag \u00e4r van vid sedan tidigare! <a href=\"https:\/\/staging8.dev.gibbs.no\/sv\/2023\/09\/en-digital-timeplan-planlegger-helautomatiserer-ressursfordelingen-i-skolen\/\"><strong>L\u00e4s om projektet h\u00e4r<\/strong><\/a><\/div><div class=\"uagb-tm__meta-inner\"><div class=\"uagb-tm__image-content\"><div class=\"uagb-tm__image\"><img decoding=\"async\" class=\"uagb-tm-img-src\" src=\"https:\/\/staging8.dev.gibbs.no\/wp-content\/uploads\/2023\/10\/inger-150x150.jpg\" alt=\"\" width=\"130\" height=\"130\" loading=\"lazy\"\/><\/div><\/div><div class=\"uagb-testimonial-details\"><span class=\"uagb-tm__author-name\">H\u00f6gskolan i \u00d8stfold<\/span><span class=\"uagb-tm__company\">Inger Hjelmeland - F\u00f6rste lektor<\/span><\/div><\/div><\/div><\/div><\/div><div class=\"uagb-testimonial__wrap  uagb-tm__imgicon-style-circle uagb-tm__image-position-bottom uagb-tm__bg-type-none\"><div class=\"uagb-tm__content\"><div class=\"uagb-tm__overlay\"><\/div><div class=\"uagb-tm__text-wrap\"><div class=\"uagb-tm__desc\">Vi har ett antal idrottsanl\u00e4ggningar som finns att hyra ut till de boende. Och det \u00e4r oerh\u00f6rt tidskr\u00e4vande f\u00f6r oss att tilldela tider till lag och f\u00f6reningar med hj\u00e4lp av Excel-ark. Detta tar allt fr\u00e5n 50 till 90 timmar totalt. S\u00e5 i samarbete med Gibbs AS och andra kommuner. Har vi tagit oss an utmaningarna och l\u00f6st detta genom att automatisera tilldelningen. Efter att ans\u00f6kningarna har kommit in finns det bara en knapp f\u00f6r oss att trycka p\u00e5. Algoritmen tilldelar i ett \u00f6gonblick. F\u00f6r oss inneb\u00e4r detta minskad tids\u00e5tg\u00e5ng och r\u00e4ttvis tilldelning till de s\u00f6kande. <a href=\"https:\/\/staging8.dev.gibbs.no\/sv\/2021\/02\/algoritmene-tildeler-treningstider-med-100-noyaktighet\/\"><strong>L\u00e4s om hela projektet h\u00e4r<\/strong><\/a><\/div><div class=\"uagb-tm__meta-inner\"><div class=\"uagb-tm__image-content\"><div class=\"uagb-tm__image\"><img decoding=\"async\" class=\"uagb-tm-img-src\" src=\"https:\/\/staging8.dev.gibbs.no\/wp-content\/uploads\/2023\/10\/arne-150x150.jpg\" alt=\"\" width=\"130\" height=\"130\" loading=\"lazy\"\/><\/div><\/div><div class=\"uagb-testimonial-details\"><span class=\"uagb-tm__author-name\">\u00a0L\u00f8renskogs kommun<\/span><span class=\"uagb-tm__company\">Arne Fiske \u2013 Avdelningschef f\u00f6r idrott och friluftsliv<\/span><\/div><\/div><\/div><\/div><\/div><div class=\"uagb-testimonial__wrap  uagb-tm__imgicon-style-circle uagb-tm__image-position-bottom uagb-tm__bg-type-none\"><div class=\"uagb-tm__content\"><div class=\"uagb-tm__overlay\"><\/div><div class=\"uagb-tm__text-wrap\"><div class=\"uagb-tm__desc\">Vi anv\u00e4nder f\u00f6r n\u00e4rvarande excelark f\u00f6r att organisera och tilldela repetitiva\/fasta tr\u00e4ningstider till lag och f\u00f6reningar. Det \u00e4r sv\u00e5rt att ange tider. Speciellt n\u00e4r det \u00e4r liten hallkapacitet och m\u00e5nga s\u00f6kande.<br>Tillsammans med Gibbs har vi automatiserat priset! Denna l\u00f6sning kommer definitivt att f\u00f6r\u00e4ndra hur vi organiserar och f\u00f6rdelar fasta utbildningstider i framtiden och sparar oss avsev\u00e4rda resurser som vi kan anv\u00e4nda f\u00f6r v\u00e4rdeskapande.<\/div><div class=\"uagb-tm__meta-inner\"><div class=\"uagb-tm__image-content\"><div class=\"uagb-tm__image\"><img decoding=\"async\" class=\"uagb-tm-img-src\" src=\"https:\/\/staging8.dev.gibbs.no\/wp-content\/uploads\/2023\/10\/klubb-stian-150x150.jpg\" alt=\"\" width=\"130\" height=\"130\" loading=\"lazy\"\/><\/div><\/div><div class=\"uagb-testimonial-details\"><span class=\"uagb-tm__author-name\">Haldens idrottsr\u00e5d<\/span><span class=\"uagb-tm__company\">Stian Stian Mj\u00f8lner\u00f8d-Lie \u2013 General manager<\/span><\/div><\/div><\/div><\/div><\/div><\/div><\/div>\n<\/div><\/div>\n<\/div><\/div>\n\n\n\n<div class=\"wp-block-uagb-container uagb-block-501b675a alignfull uagb-is-root-container\"><div class=\"uagb-container-inner-blocks-wrap\">\n<div class=\"wp-block-columns is-layout-flex wp-container-core-columns-is-layout-9d6595d7 wp-block-columns-is-layout-flex\">\n<div class=\"wp-block-column is-layout-flow wp-block-column-is-layout-flow\">\n<div class=\"wp-block-uagb-info-box uagb-block-cd556b81 uagb-infobox__content-wrap  uagb-infobox-icon-above-title uagb-infobox-image-valign-middle\"><div class=\"uagb-ifb-content\"><div class=\"uagb-ifb-icon-wrap\"><div class=\"uagb-iconbox-icon-wrap uagb-infobox-shape-circle\"><svg xmlns=\"https:\/\/www.w3.org\/2000\/svg\" viewbox=\"0 0 384 512\"><path d=\"M374.6 73.39c-12.5-12.5-32.75-12.5-45.25 0l-320 320c-12.5 12.5-12.5 32.75 0 45.25C15.63 444.9 23.81 448 32 448s16.38-3.125 22.62-9.375l320-320C387.1 106.1 387.1 85.89 374.6 73.39zM64 192c35.3 0 64-28.72 64-64S99.3 64.01 64 64.01S0 92.73 0 128S28.7 192 64 192zM320 320c-35.3 0-64 28.72-64 64s28.7 64 64 64s64-28.72 64-64S355.3 320 320 320z\"><\/path><\/svg><\/div><\/div><div class=\"uagb-ifb-title-wrap\"><h3 class=\"uagb-ifb-title\">Enkelt, automatiskt och snabbt<\/h3><\/div><p class=\"uagb-ifb-desc\">Ett verktyg som automatiserar resursallokering. Minska tiden med 95% L\u00e5t algoritmen g\u00f6ra jobbet! Noggrann och r\u00e4ttvis. <\/p><\/div><\/div>\n<\/div>\n\n\n\n<div class=\"wp-block-column is-layout-flow wp-block-column-is-layout-flow\">\n<div class=\"wp-block-uagb-info-box uagb-block-f9ba6f42 uagb-infobox__content-wrap  uagb-infobox-icon-above-title uagb-infobox-image-valign-middle\"><div class=\"uagb-ifb-content\"><div class=\"uagb-ifb-icon-wrap\"><div class=\"uagb-iconbox-icon-wrap uagb-infobox-shape-circle\"><svg xmlns=\"https:\/\/www.w3.org\/2000\/svg\" viewbox=\"0 0 512 512\"><path d=\"M0 256C0 114.6 114.6 0 256 0C397.4 0 512 114.6 512 256C512 397.4 397.4 512 256 512C114.6 512 0 397.4 0 256zM164.1 325.5C158.3 318.8 148.2 318.1 141.5 323.9C134.8 329.7 134.1 339.8 139.9 346.5C162.1 372.1 200.9 400 255.1 400C311.1 400 349.8 372.1 372.1 346.5C377.9 339.8 377.2 329.7 370.5 323.9C363.8 318.1 353.7 318.8 347.9 325.5C329.9 346.2 299.4 368 255.1 368C212.6 368 182 346.2 164.1 325.5H164.1zM226.5 231.6C229.8 230.5 232 227.4 232 224C232 206.1 225.3 188.4 215.4 175.2C205.6 162.2 191.5 152 176 152C160.5 152 146.4 162.2 136.6 175.2C126.7 188.4 120 206.1 120 224C120 227.4 122.2 230.5 125.5 231.6C128.7 232.7 132.3 231.6 134.4 228.8L134.4 228.8L134.6 228.5C134.8 228.3 134.1 228 135.3 227.6C135.1 226.8 136.9 225.7 138.1 224.3C140.6 221.4 144.1 217.7 148.3 213.1C157.1 206.2 167.2 200 176 200C184.8 200 194.9 206.2 203.7 213.1C207.9 217.7 211.4 221.4 213.9 224.3C215.1 225.7 216 226.8 216.7 227.6C217 228 217.2 228.3 217.4 228.5L217.6 228.8L217.6 228.8C219.7 231.6 223.3 232.7 226.5 231.6V231.6zM377.6 228.8C379.7 231.6 383.3 232.7 386.5 231.6C389.8 230.5 392 227.4 392 224C392 206.1 385.3 188.4 375.4 175.2C365.6 162.2 351.5 152 336 152C320.5 152 306.4 162.2 296.6 175.2C286.7 188.4 280 206.1 280 224C280 227.4 282.2 230.5 285.5 231.6C288.7 232.7 292.3 231.6 294.4 228.8L294.4 228.8L294.6 228.5C294.8 228.3 294.1 228 295.3 227.6C295.1 226.8 296.9 225.7 298.1 224.3C300.6 221.4 304.1 217.7 308.3 213.1C317.1 206.2 327.2 200 336 200C344.8 200 354.9 206.2 363.7 213.1C367.9 217.7 371.4 221.4 373.9 224.3C375.1 225.7 376 226.8 376.7 227.6C377 228 377.2 228.3 377.4 228.5L377.6 228.8L377.6 228.8z\"><\/path><\/svg><\/div><\/div><div class=\"uagb-ifb-title-wrap\"><h3 class=\"uagb-ifb-title\">Under anbudsgr\u00e4nsen<\/h3><\/div><p class=\"uagb-ifb-desc\">Inget behov av att lansera ett anbud, vi \u00e4r inte dyra \ud83d\ude42<\/p><\/div><\/div>\n<\/div>\n<\/div>\n<\/div><\/div>\n\n\n\n<div class=\"wp-block-uagb-container uagb-block-108b988a alignfull uagb-is-root-container\"><div class=\"uagb-container-inner-blocks-wrap\">\n<h2 class=\"wp-block-heading has-text-align-center\"><strong>Kund\u00e4rende \u2013 Enebakk kommun<\/strong><\/h2>\n\n\n\n<ul class=\"has-black-color has-text-color has-medium-font-size wp-block-list\">\n<li>Anv\u00e4nd totalt 2 timmar ist\u00e4llet f\u00f6r 40 timmar<\/li>\n\n\n\n<li>R\u00e4ttvis f\u00f6rdelning<\/li>\n\n\n\n<li>Ingen missn\u00f6jd<\/li>\n<\/ul>\n\n\n\n<figure class=\"wp-block-embed is-type-video is-provider-vimeo wp-block-embed-vimeo wp-embed-aspect-1-1 wp-has-aspect-ratio\"><div class=\"wp-block-embed__wrapper\">\n<iframe loading=\"lazy\" title=\"Enebakk kommun - intervju\" src=\"https:\/\/player.vimeo.com\/video\/571703303?dnt=1&amp;app_id=122963\" width=\"760\" height=\"760\" frameborder=\"0\" allow=\"autoplay; fullscreen; picture-in-picture; clipboard-write\"><\/iframe>\n<\/div><\/figure>\n\n\n\n<div style=\"height:20px\" aria-hidden=\"true\" class=\"wp-block-spacer\"><\/div>\n\n\n\n<div class=\"wp-block-uagb-buttons uagb-buttons__outer-wrap uagb-btn__default-btn uagb-btn-tablet__default-btn uagb-btn-mobile__default-btn uagb-block-c229aa24\"><div class=\"uagb-buttons__wrap uagb-buttons-layout-wrap\">\n<div class=\"wp-block-uagb-buttons-child uagb-buttons__outer-wrap uagb-block-4e762e44 wp-block-button try_button\"><div class=\"uagb-button__wrapper\"><a class=\"uagb-buttons-repeater wp-block-button__link\" href=\"https:\/\/staging8.dev.gibbs.no\/sv\/kontakt-oss\/\" onclick=\"return true;\" rel=\"follow noopener\" target=\"_self\"><div class=\"uagb-button__link\">Boka en demo<\/div><\/a><\/div><\/div>\n<\/div><\/div>\n<\/div><\/div>","protected":false},"excerpt":{"rendered":"<p>Sesongbooking algoritme Systemet ble nominert til digitaliseringsprisen 2023 Hva sier kundene v\u00e5res? Kunde case &#8211; Enebakk kommune<\/p>","protected":false},"author":1,"featured_media":0,"parent":0,"menu_order":0,"comment_status":"closed","ping_status":"closed","template":"","meta":{"content-type":"","inline_featured_image":false,"_uag_custom_page_level_css":"","footnotes":""},"class_list":["post-16225","page","type-page","status-publish","hentry"],"yoast_head":"<!-- This site is optimized with the Yoast SEO plugin v20.8 - https:\/\/yoast.com\/wordpress\/plugins\/seo\/ -->\n<title>Sesongbooking algoritme - Gibbs.no - Bookingsystem<\/title>\n<meta name=\"robots\" content=\"noindex, follow, max-snippet:-1, max-image-preview:large, max-video-preview:-1\" \/>\n<meta property=\"og:locale\" content=\"sv_SE\" \/>\n<meta property=\"og:type\" content=\"article\" \/>\n<meta property=\"og:title\" content=\"Sesongbooking algoritme - Gibbs.no - Bookingsystem\" \/>\n<meta property=\"og:description\" content=\"Sesongbooking algoritme Systemet ble nominert til digitaliseringsprisen 2023 Hva sier kundene v\u00e5res? Kunde case &#8211; Enebakk kommune\" \/>\n<meta property=\"og:url\" content=\"https:\/\/staging8.dev.gibbs.no\/sv\/sesongbooking-algoritme\/\" \/>\n<meta property=\"og:site_name\" content=\"Gibbs.no - Bookingsystem\" \/>\n<meta property=\"article:publisher\" content=\"https:\/\/www.facebook.com\/GibbsNorge\" \/>\n<meta property=\"article:modified_time\" content=\"2023-10-23T14:56:59+00:00\" \/>\n<meta property=\"og:image\" content=\"https:\/\/staging8.dev.gibbs.no\/wp-content\/uploads\/2023\/10\/inger-150x150.jpg\" \/>\n<meta name=\"twitter:card\" content=\"summary_large_image\" \/>\n<meta name=\"twitter:label1\" content=\"Est. reading time\" \/>\n\t<meta name=\"twitter:data1\" content=\"3 minutes\" \/>\n<script type=\"application\/ld+json\" class=\"yoast-schema-graph\">{\"@context\":\"https:\/\/schema.org\",\"@graph\":[{\"@type\":\"WebPage\",\"@id\":\"https:\/\/staging8.dev.gibbs.no\/sesongbooking-algoritme\/\",\"url\":\"https:\/\/staging8.dev.gibbs.no\/sesongbooking-algoritme\/\",\"name\":\"Sesongbooking algoritme - Gibbs.no - Bookingsystem\",\"isPartOf\":{\"@id\":\"https:\/\/staging8.dev.gibbs.no\/#website\"},\"datePublished\":\"2023-10-03T14:26:01+00:00\",\"dateModified\":\"2023-10-23T14:56:59+00:00\",\"breadcrumb\":{\"@id\":\"https:\/\/staging8.dev.gibbs.no\/sesongbooking-algoritme\/#breadcrumb\"},\"inLanguage\":\"sv-SE\",\"potentialAction\":[{\"@type\":\"ReadAction\",\"target\":[\"https:\/\/staging8.dev.gibbs.no\/sesongbooking-algoritme\/\"]}]},{\"@type\":\"BreadcrumbList\",\"@id\":\"https:\/\/staging8.dev.gibbs.no\/sesongbooking-algoritme\/#breadcrumb\",\"itemListElement\":[{\"@type\":\"ListItem\",\"position\":1,\"name\":\"Home\",\"item\":\"https:\/\/staging8.dev.gibbs.no\/\"},{\"@type\":\"ListItem\",\"position\":2,\"name\":\"Sesongbooking algoritme\"}]},{\"@type\":\"WebSite\",\"@id\":\"https:\/\/staging8.dev.gibbs.no\/#website\",\"url\":\"https:\/\/staging8.dev.gibbs.no\/\",\"name\":\"Gibbs.no\",\"description\":\"Bookingsystem - 1.Book 2.Betal 3.\u00c5pne\",\"publisher\":{\"@id\":\"https:\/\/staging8.dev.gibbs.no\/#organization\"},\"potentialAction\":[{\"@type\":\"SearchAction\",\"target\":{\"@type\":\"EntryPoint\",\"urlTemplate\":\"https:\/\/staging8.dev.gibbs.no\/?s={search_term_string}\"},\"query-input\":\"required name=search_term_string\"}],\"inLanguage\":\"sv-SE\"},{\"@type\":\"Organization\",\"@id\":\"https:\/\/staging8.dev.gibbs.no\/#organization\",\"name\":\"Gibbs AS\",\"url\":\"https:\/\/staging8.dev.gibbs.no\/\",\"logo\":{\"@type\":\"ImageObject\",\"inLanguage\":\"sv-SE\",\"@id\":\"https:\/\/staging8.dev.gibbs.no\/#\/schema\/logo\/image\/\",\"url\":\"https:\/\/staging8.dev.gibbs.no\/wp-content\/uploads\/2023\/11\/Gibbs-bookingsystem-logo.png\",\"contentUrl\":\"https:\/\/staging8.dev.gibbs.no\/wp-content\/uploads\/2023\/11\/Gibbs-bookingsystem-logo.png\",\"width\":696,\"height\":696,\"caption\":\"Gibbs AS\"},\"image\":{\"@id\":\"https:\/\/staging8.dev.gibbs.no\/#\/schema\/logo\/image\/\"},\"sameAs\":[\"https:\/\/www.facebook.com\/GibbsNorge\",\"https:\/\/www.linkedin.com\/company\/gibbsnorge\"]}]}<\/script>\n<!-- \/ Yoast SEO plugin. -->","yoast_head_json":{"title":"Sesongbooking algoritme - Gibbs.no - Bookingsystem","robots":{"index":"noindex","follow":"follow","max-snippet":"max-snippet:-1","max-image-preview":"max-image-preview:large","max-video-preview":"max-video-preview:-1"},"og_locale":"sv_SE","og_type":"article","og_title":"Sesongbooking algoritme - Gibbs.no - Bookingsystem","og_description":"Sesongbooking algoritme Systemet ble nominert til digitaliseringsprisen 2023 Hva sier kundene v\u00e5res? Kunde case &#8211; Enebakk kommune","og_url":"https:\/\/staging8.dev.gibbs.no\/sv\/sesongbooking-algoritme\/","og_site_name":"Gibbs.no - Bookingsystem","article_publisher":"https:\/\/www.facebook.com\/GibbsNorge","article_modified_time":"2023-10-23T14:56:59+00:00","og_image":[{"url":"https:\/\/staging8.dev.gibbs.no\/wp-content\/uploads\/2023\/10\/inger-150x150.jpg"}],"twitter_card":"summary_large_image","twitter_misc":{"Est. reading time":"3 minutes"},"schema":{"@context":"https:\/\/schema.org","@graph":[{"@type":"WebPage","@id":"https:\/\/staging8.dev.gibbs.no\/sesongbooking-algoritme\/","url":"https:\/\/staging8.dev.gibbs.no\/sesongbooking-algoritme\/","name":"Sesongbooking algoritme - Gibbs.no - Bookingsystem","isPartOf":{"@id":"https:\/\/staging8.dev.gibbs.no\/#website"},"datePublished":"2023-10-03T14:26:01+00:00","dateModified":"2023-10-23T14:56:59+00:00","breadcrumb":{"@id":"https:\/\/staging8.dev.gibbs.no\/sesongbooking-algoritme\/#breadcrumb"},"inLanguage":"sv-SE","potentialAction":[{"@type":"ReadAction","target":["https:\/\/staging8.dev.gibbs.no\/sesongbooking-algoritme\/"]}]},{"@type":"BreadcrumbList","@id":"https:\/\/staging8.dev.gibbs.no\/sesongbooking-algoritme\/#breadcrumb","itemListElement":[{"@type":"ListItem","position":1,"name":"Home","item":"https:\/\/staging8.dev.gibbs.no\/"},{"@type":"ListItem","position":2,"name":"Sesongbooking algoritme"}]},{"@type":"WebSite","@id":"https:\/\/staging8.dev.gibbs.no\/#website","url":"https:\/\/staging8.dev.gibbs.no\/","name":"Gibbs.no","description":"Bookingsystem - 1.Book 2.Betal 3.\u00c5pne","publisher":{"@id":"https:\/\/staging8.dev.gibbs.no\/#organization"},"potentialAction":[{"@type":"SearchAction","target":{"@type":"EntryPoint","urlTemplate":"https:\/\/staging8.dev.gibbs.no\/?s={search_term_string}"},"query-input":"required name=search_term_string"}],"inLanguage":"sv-SE"},{"@type":"Organization","@id":"https:\/\/staging8.dev.gibbs.no\/#organization","name":"Gibbs AS","url":"https:\/\/staging8.dev.gibbs.no\/","logo":{"@type":"ImageObject","inLanguage":"sv-SE","@id":"https:\/\/staging8.dev.gibbs.no\/#\/schema\/logo\/image\/","url":"https:\/\/staging8.dev.gibbs.no\/wp-content\/uploads\/2023\/11\/Gibbs-bookingsystem-logo.png","contentUrl":"https:\/\/staging8.dev.gibbs.no\/wp-content\/uploads\/2023\/11\/Gibbs-bookingsystem-logo.png","width":696,"height":696,"caption":"Gibbs AS"},"image":{"@id":"https:\/\/staging8.dev.gibbs.no\/#\/schema\/logo\/image\/"},"sameAs":["https:\/\/www.facebook.com\/GibbsNorge","https:\/\/www.linkedin.com\/company\/gibbsnorge"]}]}},"uagb_featured_image_src":{"full":false,"thumbnail":false,"medium":false,"medium_large":false,"large":false,"1536x1536":false,"2048x2048":false,"trp-custom-language-flag":false,"post-thumbnail":false,"listeo-avatar":false,"listeo-blog-post":false,"listeo-blog-related-post":false,"listeo-post-thumb":false,"listeo-gallery":false,"listeo-listing-grid":false,"listeo_core-avatar":false,"listeo_core-preview":false,"woocommerce_thumbnail":false,"woocommerce_single":false,"woocommerce_gallery_thumbnail":false},"uagb_author_info":{"display_name":"Gibbs","author_link":"https:\/\/staging8.dev.gibbs.no\/sv\/author\/kamil-gryga94gmail-com\/"},"uagb_comment_info":0,"uagb_excerpt":"Sesongbooking algoritme Systemet ble nominert til digitaliseringsprisen 2023 Hva sier kundene v\u00e5res? Kunde case &#8211; Enebakk kommune","_links":{"self":[{"href":"https:\/\/staging8.dev.gibbs.no\/sv\/wp-json\/wp\/v2\/pages\/16225","targetHints":{"allow":["GET"]}}],"collection":[{"href":"https:\/\/staging8.dev.gibbs.no\/sv\/wp-json\/wp\/v2\/pages"}],"about":[{"href":"https:\/\/staging8.dev.gibbs.no\/sv\/wp-json\/wp\/v2\/types\/page"}],"author":[{"embeddable":true,"href":"https:\/\/staging8.dev.gibbs.no\/sv\/wp-json\/wp\/v2\/users\/1"}],"replies":[{"embeddable":true,"href":"https:\/\/staging8.dev.gibbs.no\/sv\/wp-json\/wp\/v2\/comments?post=16225"}],"version-history":[{"count":39,"href":"https:\/\/staging8.dev.gibbs.no\/sv\/wp-json\/wp\/v2\/pages\/16225\/revisions"}],"predecessor-version":[{"id":20115,"href":"https:\/\/staging8.dev.gibbs.no\/sv\/wp-json\/wp\/v2\/pages\/16225\/revisions\/20115"}],"wp:attachment":[{"href":"https:\/\/staging8.dev.gibbs.no\/sv\/wp-json\/wp\/v2\/media?parent=16225"}],"curies":[{"name":"wp","href":"https:\/\/api.w.org\/{rel}","templated":true}]}}