{"id":16038,"date":"2023-10-02T19:46:18","date_gmt":"2023-10-02T17:46:18","guid":{"rendered":"https:\/\/staging8.dev.gibbs.no\/?page_id=16038"},"modified":"2023-11-07T17:23:12","modified_gmt":"2023-11-07T16:23:12","slug":"integrasjoner","status":"publish","type":"page","link":"https:\/\/staging8.dev.gibbs.no\/sv\/integrasjoner\/","title":{"rendered":"Integrationer"},"content":{"rendered":"<div class=\"wp-block-group green_background_image\"><div class=\"wp-block-group__inner-container is-layout-constrained wp-block-group-is-layout-constrained\">\n<h1 class=\"wp-block-heading has-text-align-center has-x-large-font-size\"><strong>Integrationer<\/strong><\/h1>\n\n\n\n<p class=\"has-text-align-center has-medium-font-size\"><strong>G\u00f6r det m\u00f6jligt att automatisera uthyrning fr\u00e5n bokning till bokf\u00f6ring<\/strong><\/p>\n<\/div><\/div>\n\n\n\n<div style=\"height:30px\" aria-hidden=\"true\" class=\"wp-block-spacer\"><\/div>\n\n\n\n<div class=\"wp-block-uagb-container uagb-block-c7f18aa1 alignfull uagb-is-root-container\"><div class=\"uagb-container-inner-blocks-wrap\">\n<div class=\"wp-block-uagb-container uagb-block-1f6764bc alignfull uagb-is-root-container\"><div class=\"uagb-container-inner-blocks-wrap\">\n<div class=\"wp-block-columns is-not-stacked-on-mobile is-layout-flex wp-container-core-columns-is-layout-9d6595d7 wp-block-columns-is-layout-flex\">\n<div class=\"wp-block-column is-layout-flow wp-block-column-is-layout-flow\" style=\"flex-basis:25%\">\n<figure class=\"wp-block-image size-full\"><img loading=\"lazy\" decoding=\"async\" width=\"512\" height=\"320\" src=\"https:\/\/staging8.dev.gibbs.no\/wp-content\/uploads\/2023\/10\/vipps.jpg\" alt=\"\" class=\"wp-image-16072\" srcset=\"https:\/\/staging8.dev.gibbs.no\/wp-content\/uploads\/2023\/10\/vipps.jpg 512w, https:\/\/staging8.dev.gibbs.no\/wp-content\/uploads\/2023\/10\/vipps-300x188.jpg 300w, https:\/\/staging8.dev.gibbs.no\/wp-content\/uploads\/2023\/10\/vipps-18x12.jpg 18w\" sizes=\"auto, (max-width: 512px) 100vw, 512px\" \/><\/figure>\n<\/div>\n\n\n\n<div class=\"wp-block-column is-layout-flow wp-block-column-is-layout-flow\" style=\"flex-basis:25%\">\n<figure class=\"wp-block-image size-full\"><img loading=\"lazy\" decoding=\"async\" width=\"512\" height=\"320\" src=\"https:\/\/staging8.dev.gibbs.no\/wp-content\/uploads\/2023\/10\/nets.jpg\" alt=\"\" class=\"wp-image-16071\" srcset=\"https:\/\/staging8.dev.gibbs.no\/wp-content\/uploads\/2023\/10\/nets.jpg 512w, https:\/\/staging8.dev.gibbs.no\/wp-content\/uploads\/2023\/10\/nets-300x188.jpg 300w, https:\/\/staging8.dev.gibbs.no\/wp-content\/uploads\/2023\/10\/nets-18x12.jpg 18w\" sizes=\"auto, (max-width: 512px) 100vw, 512px\" \/><\/figure>\n<\/div>\n\n\n\n<div class=\"wp-block-column is-layout-flow wp-block-column-is-layout-flow\" style=\"flex-basis:25%\"><div class=\"wp-block-image\">\n<figure class=\"aligncenter size-full\"><img loading=\"lazy\" decoding=\"async\" width=\"512\" height=\"320\" src=\"https:\/\/staging8.dev.gibbs.no\/wp-content\/uploads\/2023\/10\/bankid.jpg\" alt=\"\" class=\"wp-image-16070\" srcset=\"https:\/\/staging8.dev.gibbs.no\/wp-content\/uploads\/2023\/10\/bankid.jpg 512w, https:\/\/staging8.dev.gibbs.no\/wp-content\/uploads\/2023\/10\/bankid-300x188.jpg 300w, https:\/\/staging8.dev.gibbs.no\/wp-content\/uploads\/2023\/10\/bankid-18x12.jpg 18w\" sizes=\"auto, (max-width: 512px) 100vw, 512px\" \/><\/figure>\n<\/div><\/div>\n\n\n\n<div class=\"wp-block-column is-layout-flow wp-block-column-is-layout-flow\" style=\"flex-basis:25%\">\n<figure class=\"wp-block-image size-full\"><img loading=\"lazy\" decoding=\"async\" width=\"513\" height=\"320\" src=\"https:\/\/staging8.dev.gibbs.no\/wp-content\/uploads\/2023\/10\/visa.jpg\" alt=\"\" class=\"wp-image-16067\" srcset=\"https:\/\/staging8.dev.gibbs.no\/wp-content\/uploads\/2023\/10\/visa.jpg 513w, https:\/\/staging8.dev.gibbs.no\/wp-content\/uploads\/2023\/10\/visa-300x187.jpg 300w, https:\/\/staging8.dev.gibbs.no\/wp-content\/uploads\/2023\/10\/visa-18x12.jpg 18w\" sizes=\"auto, (max-width: 513px) 100vw, 513px\" \/><\/figure>\n<\/div>\n<\/div>\n\n\n\n<div class=\"wp-block-columns is-not-stacked-on-mobile is-layout-flex wp-container-core-columns-is-layout-9d6595d7 wp-block-columns-is-layout-flex\">\n<div class=\"wp-block-column is-layout-flow wp-block-column-is-layout-flow\" style=\"flex-basis:25%\">\n<figure class=\"wp-block-image size-full\"><img loading=\"lazy\" decoding=\"async\" width=\"513\" height=\"320\" src=\"https:\/\/staging8.dev.gibbs.no\/wp-content\/uploads\/2023\/10\/airbnb.jpg\" alt=\"\" class=\"wp-image-16063\" srcset=\"https:\/\/staging8.dev.gibbs.no\/wp-content\/uploads\/2023\/10\/airbnb.jpg 513w, https:\/\/staging8.dev.gibbs.no\/wp-content\/uploads\/2023\/10\/airbnb-300x187.jpg 300w, https:\/\/staging8.dev.gibbs.no\/wp-content\/uploads\/2023\/10\/airbnb-18x12.jpg 18w\" sizes=\"auto, (max-width: 513px) 100vw, 513px\" \/><\/figure>\n<\/div>\n\n\n\n<div class=\"wp-block-column is-layout-flow wp-block-column-is-layout-flow\" style=\"flex-basis:25%\">\n<figure class=\"wp-block-image size-full\"><img loading=\"lazy\" decoding=\"async\" width=\"513\" height=\"320\" src=\"https:\/\/staging8.dev.gibbs.no\/wp-content\/uploads\/2023\/10\/booking.com_.jpg\" alt=\"\" class=\"wp-image-16062\" srcset=\"https:\/\/staging8.dev.gibbs.no\/wp-content\/uploads\/2023\/10\/booking.com_.jpg 513w, https:\/\/staging8.dev.gibbs.no\/wp-content\/uploads\/2023\/10\/booking.com_-300x187.jpg 300w, https:\/\/staging8.dev.gibbs.no\/wp-content\/uploads\/2023\/10\/booking.com_-18x12.jpg 18w\" sizes=\"auto, (max-width: 513px) 100vw, 513px\" \/><\/figure>\n<\/div>\n\n\n\n<div class=\"wp-block-column is-layout-flow wp-block-column-is-layout-flow\" style=\"flex-basis:25%\"><div class=\"wp-block-image\">\n<figure class=\"aligncenter size-full\"><img loading=\"lazy\" decoding=\"async\" width=\"513\" height=\"321\" src=\"https:\/\/staging8.dev.gibbs.no\/wp-content\/uploads\/2023\/10\/assaabloy.jpg\" alt=\"\" class=\"wp-image-16069\" srcset=\"https:\/\/staging8.dev.gibbs.no\/wp-content\/uploads\/2023\/10\/assaabloy.jpg 513w, https:\/\/staging8.dev.gibbs.no\/wp-content\/uploads\/2023\/10\/assaabloy-300x188.jpg 300w, https:\/\/staging8.dev.gibbs.no\/wp-content\/uploads\/2023\/10\/assaabloy-18x12.jpg 18w\" sizes=\"auto, (max-width: 513px) 100vw, 513px\" \/><\/figure>\n<\/div><\/div>\n\n\n\n<div class=\"wp-block-column is-layout-flow wp-block-column-is-layout-flow\" style=\"flex-basis:25%\">\n<figure class=\"wp-block-image size-full\"><img loading=\"lazy\" decoding=\"async\" width=\"513\" height=\"321\" src=\"https:\/\/staging8.dev.gibbs.no\/wp-content\/uploads\/2023\/10\/salto.jpg\" alt=\"\" class=\"wp-image-16065\" srcset=\"https:\/\/staging8.dev.gibbs.no\/wp-content\/uploads\/2023\/10\/salto.jpg 513w, https:\/\/staging8.dev.gibbs.no\/wp-content\/uploads\/2023\/10\/salto-300x188.jpg 300w, https:\/\/staging8.dev.gibbs.no\/wp-content\/uploads\/2023\/10\/salto-18x12.jpg 18w\" sizes=\"auto, (max-width: 513px) 100vw, 513px\" \/><\/figure>\n<\/div>\n<\/div>\n\n\n\n<div class=\"wp-block-columns is-not-stacked-on-mobile is-layout-flex wp-container-core-columns-is-layout-9d6595d7 wp-block-columns-is-layout-flex\">\n<div class=\"wp-block-column is-layout-flow wp-block-column-is-layout-flow\" style=\"flex-basis:25%\">\n<figure class=\"wp-block-image size-full\"><img loading=\"lazy\" decoding=\"async\" width=\"513\" height=\"321\" src=\"https:\/\/staging8.dev.gibbs.no\/wp-content\/uploads\/2023\/10\/dormakaba.jpg\" alt=\"\" class=\"wp-image-16064\" srcset=\"https:\/\/staging8.dev.gibbs.no\/wp-content\/uploads\/2023\/10\/dormakaba.jpg 513w, https:\/\/staging8.dev.gibbs.no\/wp-content\/uploads\/2023\/10\/dormakaba-300x188.jpg 300w, https:\/\/staging8.dev.gibbs.no\/wp-content\/uploads\/2023\/10\/dormakaba-18x12.jpg 18w\" sizes=\"auto, (max-width: 513px) 100vw, 513px\" \/><\/figure>\n<\/div>\n\n\n\n<div class=\"wp-block-column is-layout-flow wp-block-column-is-layout-flow\" style=\"flex-basis:25%\">\n<figure class=\"wp-block-image size-full\"><img loading=\"lazy\" decoding=\"async\" width=\"513\" height=\"320\" src=\"https:\/\/staging8.dev.gibbs.no\/wp-content\/uploads\/2023\/10\/iloq.jpg\" alt=\"\" class=\"wp-image-16068\" srcset=\"https:\/\/staging8.dev.gibbs.no\/wp-content\/uploads\/2023\/10\/iloq.jpg 513w, https:\/\/staging8.dev.gibbs.no\/wp-content\/uploads\/2023\/10\/iloq-300x187.jpg 300w, https:\/\/staging8.dev.gibbs.no\/wp-content\/uploads\/2023\/10\/iloq-18x12.jpg 18w\" sizes=\"auto, (max-width: 513px) 100vw, 513px\" \/><\/figure>\n<\/div>\n\n\n\n<div class=\"wp-block-column is-layout-flow wp-block-column-is-layout-flow\" style=\"flex-basis:25%\">\n<figure class=\"wp-block-image size-full\"><img loading=\"lazy\" decoding=\"async\" width=\"513\" height=\"321\" src=\"https:\/\/staging8.dev.gibbs.no\/wp-content\/uploads\/2023\/10\/evva.jpg\" alt=\"\" class=\"wp-image-16061\" srcset=\"https:\/\/staging8.dev.gibbs.no\/wp-content\/uploads\/2023\/10\/evva.jpg 513w, https:\/\/staging8.dev.gibbs.no\/wp-content\/uploads\/2023\/10\/evva-300x188.jpg 300w, https:\/\/staging8.dev.gibbs.no\/wp-content\/uploads\/2023\/10\/evva-18x12.jpg 18w\" sizes=\"auto, (max-width: 513px) 100vw, 513px\" \/><\/figure>\n<\/div>\n\n\n\n<div class=\"wp-block-column is-layout-flow wp-block-column-is-layout-flow\" style=\"flex-basis:25%\"><div class=\"wp-block-image\">\n<figure class=\"aligncenter size-full\"><img loading=\"lazy\" decoding=\"async\" width=\"513\" height=\"321\" src=\"https:\/\/staging8.dev.gibbs.no\/wp-content\/uploads\/2023\/10\/igloohome.jpg\" alt=\"\" class=\"wp-image-16066\" srcset=\"https:\/\/staging8.dev.gibbs.no\/wp-content\/uploads\/2023\/10\/igloohome.jpg 513w, https:\/\/staging8.dev.gibbs.no\/wp-content\/uploads\/2023\/10\/igloohome-300x188.jpg 300w, https:\/\/staging8.dev.gibbs.no\/wp-content\/uploads\/2023\/10\/igloohome-18x12.jpg 18w\" sizes=\"auto, (max-width: 513px) 100vw, 513px\" \/><\/figure>\n<\/div><\/div>\n<\/div>\n<\/div><\/div>\n\n\n\n<div class=\"wp-block-group\"><div class=\"wp-block-group__inner-container is-layout-constrained wp-block-group-is-layout-constrained\">\n<h1 class=\"wp-block-heading has-text-align-center\"><strong>Integrerade l\u00e5s<\/strong><\/h1>\n\n\n\n<div style=\"height:30px\" aria-hidden=\"true\" class=\"wp-block-spacer\"><\/div>\n\n\n\n<ul class=\"wp-block-list\">\n<li><strong>ASSA ABLOY ARX:<\/strong>&nbsp;Ett passersystem fr\u00e5n ASSA ABLOY som tillhandah\u00e5ller s\u00e4kerhets- och tilltr\u00e4desl\u00f6sningar f\u00f6r byggnader.<\/li>\n\n\n\n<li><strong>ASSA ABLOY SMARTair:<\/strong>&nbsp;Ett passersystem fr\u00e5n ASSA ABLOY som tillhandah\u00e5ller tr\u00e5dl\u00f6sa och flexibla l\u00e5s- och tilltr\u00e4desl\u00f6sningar.<\/li>\n\n\n\n<li><strong>Dormakaba Exivo:<\/strong>&nbsp;Ett passersystem fr\u00e5n Dormakaba som ger s\u00e4ker och effektiv passerkontroll f\u00f6r byggnader.<\/li>\n\n\n\n<li><strong>Dormakaba Exos:<\/strong>&nbsp;Ytterligare ett passersystem fr\u00e5n Dormakaba med avancerade \u00e5tkomsthanteringsfunktioner.<\/li>\n\n\n\n<li><strong>Dormakaba dKey:<\/strong>&nbsp;Ett smart l\u00e5s fr\u00e5n Dormakaba som ger enkel och s\u00e4ker passerkontroll.<\/li>\n\n\n\n<li><strong>EVVA Airkey:<\/strong>&nbsp;Ett passersystem fr\u00e5n EVVA som tillhandah\u00e5ller elektronisk passerkontroll.<\/li>\n\n\n\n<li><strong>H\u00e4r \u00e4r:<\/strong>&nbsp;En leverant\u00f6r av grindl\u00f6sningar, bommar och passersystem f\u00f6r s\u00e4kerhet och passerkontroll.<\/li>\n\n\n\n<li><strong>igloohome h\u00e4ngl\u00e5s:<\/strong>&nbsp;Ett smart h\u00e4ngl\u00e5s fr\u00e5n igloohome som ger \u00e5tkomstkontroll med hj\u00e4lp av en mobilapp.<\/li>\n\n\n\n<li><strong>igloohome nyckell\u00e5da:<\/strong>&nbsp;En smart nyckell\u00e5da fr\u00e5n igloohome som ger s\u00e4ker nyckelf\u00f6rvaring och \u00e5tkomstdelning.<\/li>\n\n\n\n<li><strong>igloohome D\u00f6rrl\u00e5s:<\/strong>&nbsp;Smarta d\u00f6rrl\u00e5s fr\u00e5n igloohome som ger passerkontroll och bekv\u00e4mlighet.<\/li>\n\n\n\n<li><strong>iLOQ 5-serien online<\/strong>: Ett molnbaserat passersystem fr\u00e5n iLOQ som ger elektronisk passerkontroll och enkel administration.<\/li>\n\n\n\n<li><strong>Integra:<\/strong>&nbsp;Ett passersystem som tillhandah\u00e5ller \u00e5tkomsthantering och s\u00e4kerhets\u00e5tg\u00e4rder.<\/li>\n\n\n\n<li><strong>Metro:<\/strong>&nbsp;Sk\u00e5pl\u00f6sningar fr\u00e5n Metra f\u00f6r s\u00e4ker f\u00f6rvaring och passerkontroll.<\/li>\n\n\n\n<li><strong>RCO M5:<\/strong>&nbsp;Ett passersystem som ger elektronisk passerkontroll och s\u00e4kerhet.<\/li>\n\n\n\n<li><strong>Kullerbytta KS:<\/strong>&nbsp;Ett passersystem fr\u00e5n Salto f\u00f6r enkel administration av \u00e5tkomst.<\/li>\n\n\n\n<li><strong>Somersault Space:<\/strong>&nbsp;Ytterligare ett passersystem fr\u00e5n Salto som tillhandah\u00e5ller s\u00e4kerhets- och tilltr\u00e4desl\u00f6sningar.<\/li>\n\n\n\n<li><strong>Steplock Access:<\/strong>&nbsp;Ett passersystem som tillhandah\u00e5ller \u00e5tkomsthantering och s\u00e4kerhets\u00e5tg\u00e4rder.<\/li>\n\n\n\n<li><strong>Timer:<\/strong>&nbsp;Ett passersystem som tillhandah\u00e5ller elektronisk passerkontroll och administration.<\/li>\n\n\n\n<li><strong>Locky Tech:<\/strong>&nbsp;Ett passersystem som tillhandah\u00e5ller elektronisk passerkontroll och administration.<\/li>\n<\/ul>\n\n\n\n<p>Vart och ett av dessa system har olika funktioner och egenskaper som kan anpassas till olika behov n\u00e4r det g\u00e4ller passerkontroll och s\u00e4kerhet. Det \u00e4r viktigt att v\u00e4lja den som b\u00e4st passar specifika krav och anv\u00e4ndningsomr\u00e5den.<\/p>\n\n\n\n<div style=\"height:30px\" aria-hidden=\"true\" class=\"wp-block-spacer\"><\/div>\n<\/div><\/div>\n<\/div><\/div>\n\n\n\n<div class=\"wp-block-group green_background\"><div class=\"wp-block-group__inner-container is-layout-constrained wp-block-group-is-layout-constrained\">\n<h2 class=\"wp-block-heading has-text-align-center\"><strong><strong>Vi s\u00f6ker fler integrationer&nbsp;<\/strong><\/strong><\/h2>\n\n\n\n<p class=\"has-text-align-center\">Har du id\u00e9er om vilka andra l\u00f6sningar gibbs.no ska ha integration med? <\/p>\n\n\n\n<p class=\"has-text-align-center\">Kontakta oss \ud83d\ude42<\/p>\n\n\n\n<div class=\"wp-block-uagb-buttons uagb-buttons__outer-wrap uagb-btn__default-btn uagb-btn-tablet__default-btn uagb-btn-mobile__default-btn uagb-block-a34ca152\"><div class=\"uagb-buttons__wrap uagb-buttons-layout-wrap\">\n<div class=\"wp-block-uagb-buttons-child uagb-buttons__outer-wrap uagb-block-d2e46666 wp-block-button try_button\"><div class=\"uagb-button__wrapper\"><a class=\"uagb-buttons-repeater wp-block-button__link\" href=\"https:\/\/staging8.dev.gibbs.no\/sv\/kontakt-oss\/\" onclick=\"return true;\" rel=\"follow noopener\" target=\"_self\"><div class=\"uagb-button__link\">Kontakta oss<\/div><\/a><\/div><\/div>\n<\/div><\/div>\n<\/div><\/div>","protected":false},"excerpt":{"rendered":"<p>Integrasjoner Gj\u00f8r det mulig \u00e5 automatisere utleie fra bestilling til bokf\u00f8ring Integrerte l\u00e5ser Hver av disse systemene har ulike funksjoner og egenskaper som kan tilpasses ulike behov n\u00e5r det gjelder adgangskontroll og sikkerhet. Det er viktig \u00e5 velge det som passer best for spesifikke krav og bruksomr\u00e5der. Vi ser etter flere integrasjoner&nbsp; Har du ideer [&hellip;]<\/p>","protected":false},"author":1,"featured_media":0,"parent":0,"menu_order":0,"comment_status":"closed","ping_status":"closed","template":"","meta":{"content-type":"","inline_featured_image":false,"_uag_custom_page_level_css":"","footnotes":""},"class_list":["post-16038","page","type-page","status-publish","hentry"],"yoast_head":"<!-- This site is optimized with the Yoast SEO plugin v20.8 - https:\/\/yoast.com\/wordpress\/plugins\/seo\/ -->\n<title>Integrasjoner - Gibbs.no - Bookingsystem<\/title>\n<meta name=\"robots\" content=\"noindex, follow, max-snippet:-1, max-image-preview:large, max-video-preview:-1\" \/>\n<meta property=\"og:locale\" content=\"sv_SE\" \/>\n<meta property=\"og:type\" content=\"article\" \/>\n<meta property=\"og:title\" content=\"Integrasjoner - Gibbs.no - Bookingsystem\" \/>\n<meta property=\"og:description\" content=\"Integrasjoner Gj\u00f8r det mulig \u00e5 automatisere utleie fra bestilling til bokf\u00f8ring Integrerte l\u00e5ser Hver av disse systemene har ulike funksjoner og egenskaper som kan tilpasses ulike behov n\u00e5r det gjelder adgangskontroll og sikkerhet. Det er viktig \u00e5 velge det som passer best for spesifikke krav og bruksomr\u00e5der. Vi ser etter flere integrasjoner&nbsp; Har du ideer [&hellip;]\" \/>\n<meta property=\"og:url\" content=\"https:\/\/staging8.dev.gibbs.no\/sv\/integrasjoner\/\" \/>\n<meta property=\"og:site_name\" content=\"Gibbs.no - Bookingsystem\" \/>\n<meta property=\"article:publisher\" content=\"https:\/\/www.facebook.com\/GibbsNorge\" \/>\n<meta property=\"article:modified_time\" content=\"2023-11-07T16:23:12+00:00\" \/>\n<meta property=\"og:image\" content=\"https:\/\/staging8.dev.gibbs.no\/wp-content\/uploads\/2023\/10\/vipps.jpg\" \/>\n<meta name=\"twitter:card\" content=\"summary_large_image\" \/>\n<meta name=\"twitter:label1\" content=\"Est. reading time\" \/>\n\t<meta name=\"twitter:data1\" content=\"5 minutes\" \/>\n<script type=\"application\/ld+json\" class=\"yoast-schema-graph\">{\"@context\":\"https:\/\/schema.org\",\"@graph\":[{\"@type\":\"WebPage\",\"@id\":\"https:\/\/staging8.dev.gibbs.no\/integrasjoner\/\",\"url\":\"https:\/\/staging8.dev.gibbs.no\/integrasjoner\/\",\"name\":\"Integrasjoner - Gibbs.no - Bookingsystem\",\"isPartOf\":{\"@id\":\"https:\/\/staging8.dev.gibbs.no\/#website\"},\"datePublished\":\"2023-10-02T17:46:18+00:00\",\"dateModified\":\"2023-11-07T16:23:12+00:00\",\"breadcrumb\":{\"@id\":\"https:\/\/staging8.dev.gibbs.no\/integrasjoner\/#breadcrumb\"},\"inLanguage\":\"sv-SE\",\"potentialAction\":[{\"@type\":\"ReadAction\",\"target\":[\"https:\/\/staging8.dev.gibbs.no\/integrasjoner\/\"]}]},{\"@type\":\"BreadcrumbList\",\"@id\":\"https:\/\/staging8.dev.gibbs.no\/integrasjoner\/#breadcrumb\",\"itemListElement\":[{\"@type\":\"ListItem\",\"position\":1,\"name\":\"Home\",\"item\":\"https:\/\/staging8.dev.gibbs.no\/\"},{\"@type\":\"ListItem\",\"position\":2,\"name\":\"Integrasjoner\"}]},{\"@type\":\"WebSite\",\"@id\":\"https:\/\/staging8.dev.gibbs.no\/#website\",\"url\":\"https:\/\/staging8.dev.gibbs.no\/\",\"name\":\"Gibbs.no\",\"description\":\"Bookingsystem - 1.Book 2.Betal 3.\u00c5pne\",\"publisher\":{\"@id\":\"https:\/\/staging8.dev.gibbs.no\/#organization\"},\"potentialAction\":[{\"@type\":\"SearchAction\",\"target\":{\"@type\":\"EntryPoint\",\"urlTemplate\":\"https:\/\/staging8.dev.gibbs.no\/?s={search_term_string}\"},\"query-input\":\"required name=search_term_string\"}],\"inLanguage\":\"sv-SE\"},{\"@type\":\"Organization\",\"@id\":\"https:\/\/staging8.dev.gibbs.no\/#organization\",\"name\":\"Gibbs AS\",\"url\":\"https:\/\/staging8.dev.gibbs.no\/\",\"logo\":{\"@type\":\"ImageObject\",\"inLanguage\":\"sv-SE\",\"@id\":\"https:\/\/staging8.dev.gibbs.no\/#\/schema\/logo\/image\/\",\"url\":\"https:\/\/staging8.dev.gibbs.no\/wp-content\/uploads\/2023\/11\/Gibbs-bookingsystem-logo.png\",\"contentUrl\":\"https:\/\/staging8.dev.gibbs.no\/wp-content\/uploads\/2023\/11\/Gibbs-bookingsystem-logo.png\",\"width\":696,\"height\":696,\"caption\":\"Gibbs AS\"},\"image\":{\"@id\":\"https:\/\/staging8.dev.gibbs.no\/#\/schema\/logo\/image\/\"},\"sameAs\":[\"https:\/\/www.facebook.com\/GibbsNorge\",\"https:\/\/www.linkedin.com\/company\/gibbsnorge\"]}]}<\/script>\n<!-- \/ Yoast SEO plugin. -->","yoast_head_json":{"title":"Integrasjoner - Gibbs.no - Bookingsystem","robots":{"index":"noindex","follow":"follow","max-snippet":"max-snippet:-1","max-image-preview":"max-image-preview:large","max-video-preview":"max-video-preview:-1"},"og_locale":"sv_SE","og_type":"article","og_title":"Integrasjoner - Gibbs.no - Bookingsystem","og_description":"Integrasjoner Gj\u00f8r det mulig \u00e5 automatisere utleie fra bestilling til bokf\u00f8ring Integrerte l\u00e5ser Hver av disse systemene har ulike funksjoner og egenskaper som kan tilpasses ulike behov n\u00e5r det gjelder adgangskontroll og sikkerhet. Det er viktig \u00e5 velge det som passer best for spesifikke krav og bruksomr\u00e5der. Vi ser etter flere integrasjoner&nbsp; Har du ideer [&hellip;]","og_url":"https:\/\/staging8.dev.gibbs.no\/sv\/integrasjoner\/","og_site_name":"Gibbs.no - Bookingsystem","article_publisher":"https:\/\/www.facebook.com\/GibbsNorge","article_modified_time":"2023-11-07T16:23:12+00:00","og_image":[{"url":"https:\/\/staging8.dev.gibbs.no\/wp-content\/uploads\/2023\/10\/vipps.jpg"}],"twitter_card":"summary_large_image","twitter_misc":{"Est. reading time":"5 minutes"},"schema":{"@context":"https:\/\/schema.org","@graph":[{"@type":"WebPage","@id":"https:\/\/staging8.dev.gibbs.no\/integrasjoner\/","url":"https:\/\/staging8.dev.gibbs.no\/integrasjoner\/","name":"Integrasjoner - Gibbs.no - Bookingsystem","isPartOf":{"@id":"https:\/\/staging8.dev.gibbs.no\/#website"},"datePublished":"2023-10-02T17:46:18+00:00","dateModified":"2023-11-07T16:23:12+00:00","breadcrumb":{"@id":"https:\/\/staging8.dev.gibbs.no\/integrasjoner\/#breadcrumb"},"inLanguage":"sv-SE","potentialAction":[{"@type":"ReadAction","target":["https:\/\/staging8.dev.gibbs.no\/integrasjoner\/"]}]},{"@type":"BreadcrumbList","@id":"https:\/\/staging8.dev.gibbs.no\/integrasjoner\/#breadcrumb","itemListElement":[{"@type":"ListItem","position":1,"name":"Home","item":"https:\/\/staging8.dev.gibbs.no\/"},{"@type":"ListItem","position":2,"name":"Integrasjoner"}]},{"@type":"WebSite","@id":"https:\/\/staging8.dev.gibbs.no\/#website","url":"https:\/\/staging8.dev.gibbs.no\/","name":"Gibbs.no","description":"Bookingsystem - 1.Book 2.Betal 3.\u00c5pne","publisher":{"@id":"https:\/\/staging8.dev.gibbs.no\/#organization"},"potentialAction":[{"@type":"SearchAction","target":{"@type":"EntryPoint","urlTemplate":"https:\/\/staging8.dev.gibbs.no\/?s={search_term_string}"},"query-input":"required name=search_term_string"}],"inLanguage":"sv-SE"},{"@type":"Organization","@id":"https:\/\/staging8.dev.gibbs.no\/#organization","name":"Gibbs AS","url":"https:\/\/staging8.dev.gibbs.no\/","logo":{"@type":"ImageObject","inLanguage":"sv-SE","@id":"https:\/\/staging8.dev.gibbs.no\/#\/schema\/logo\/image\/","url":"https:\/\/staging8.dev.gibbs.no\/wp-content\/uploads\/2023\/11\/Gibbs-bookingsystem-logo.png","contentUrl":"https:\/\/staging8.dev.gibbs.no\/wp-content\/uploads\/2023\/11\/Gibbs-bookingsystem-logo.png","width":696,"height":696,"caption":"Gibbs AS"},"image":{"@id":"https:\/\/staging8.dev.gibbs.no\/#\/schema\/logo\/image\/"},"sameAs":["https:\/\/www.facebook.com\/GibbsNorge","https:\/\/www.linkedin.com\/company\/gibbsnorge"]}]}},"uagb_featured_image_src":{"full":false,"thumbnail":false,"medium":false,"medium_large":false,"large":false,"1536x1536":false,"2048x2048":false,"trp-custom-language-flag":false,"post-thumbnail":false,"listeo-avatar":false,"listeo-blog-post":false,"listeo-blog-related-post":false,"listeo-post-thumb":false,"listeo-gallery":false,"listeo-listing-grid":false,"listeo_core-avatar":false,"listeo_core-preview":false,"woocommerce_thumbnail":false,"woocommerce_single":false,"woocommerce_gallery_thumbnail":false},"uagb_author_info":{"display_name":"Gibbs","author_link":"https:\/\/staging8.dev.gibbs.no\/sv\/author\/kamil-gryga94gmail-com\/"},"uagb_comment_info":0,"uagb_excerpt":"Integrasjoner Gj\u00f8r det mulig \u00e5 automatisere utleie fra bestilling til bokf\u00f8ring Integrerte l\u00e5ser Hver av disse systemene har ulike funksjoner og egenskaper som kan tilpasses ulike behov n\u00e5r det gjelder adgangskontroll og sikkerhet. Det er viktig \u00e5 velge det som passer best for spesifikke krav og bruksomr\u00e5der. Vi ser etter flere integrasjoner&nbsp; Har du ideer&hellip;","_links":{"self":[{"href":"https:\/\/staging8.dev.gibbs.no\/sv\/wp-json\/wp\/v2\/pages\/16038","targetHints":{"allow":["GET"]}}],"collection":[{"href":"https:\/\/staging8.dev.gibbs.no\/sv\/wp-json\/wp\/v2\/pages"}],"about":[{"href":"https:\/\/staging8.dev.gibbs.no\/sv\/wp-json\/wp\/v2\/types\/page"}],"author":[{"embeddable":true,"href":"https:\/\/staging8.dev.gibbs.no\/sv\/wp-json\/wp\/v2\/users\/1"}],"replies":[{"embeddable":true,"href":"https:\/\/staging8.dev.gibbs.no\/sv\/wp-json\/wp\/v2\/comments?post=16038"}],"version-history":[{"count":22,"href":"https:\/\/staging8.dev.gibbs.no\/sv\/wp-json\/wp\/v2\/pages\/16038\/revisions"}],"predecessor-version":[{"id":19100,"href":"https:\/\/staging8.dev.gibbs.no\/sv\/wp-json\/wp\/v2\/pages\/16038\/revisions\/19100"}],"wp:attachment":[{"href":"https:\/\/staging8.dev.gibbs.no\/sv\/wp-json\/wp\/v2\/media?parent=16038"}],"curies":[{"name":"wp","href":"https:\/\/api.w.org\/{rel}","templated":true}]}}