{"id":15737,"date":"2023-10-02T13:05:32","date_gmt":"2023-10-02T11:05:32","guid":{"rendered":"https:\/\/staging8.dev.gibbs.no\/?page_id=15737"},"modified":"2023-10-07T21:23:24","modified_gmt":"2023-10-07T19:23:24","slug":"offline-betaling","status":"publish","type":"page","link":"https:\/\/staging8.dev.gibbs.no\/sv\/funksjoner\/offline-betaling\/","title":{"rendered":"Offlinebetalning"},"content":{"rendered":"<p>Offlinebetalning i Gibbs avser betalningar som inte sker via bokningssystemet utan snarare g\u00f6rs manuellt mellan hyresv\u00e4rd och hyresg\u00e4st utanf\u00f6r plattformen. Det inneb\u00e4r att hyresv\u00e4rden fortfarande kan anv\u00e4nda bokningssystemet f\u00f6r att hantera bokningar, men m\u00e5ste sj\u00e4lv skapa en faktura p\u00e5 sitt eget faktureringssystem och skicka till hyresg\u00e4sten. Hyresv\u00e4rden ska d\u00e5 se till att betalning sker och markera reservationen som betald i systemet.<\/p>\n\n\n\n<p>Alla reservationer kan laddas ner som CSV eller PDF och anv\u00e4nda detta som underlag f\u00f6r fakturor.<\/p>\n\n\n\n<figure class=\"wp-block-image size-full\"><img loading=\"lazy\" decoding=\"async\" width=\"918\" height=\"442\" src=\"https:\/\/staging8.dev.gibbs.no\/wp-content\/uploads\/2023\/10\/offline-betaling.png\" alt=\"\" class=\"wp-image-17007\" srcset=\"https:\/\/staging8.dev.gibbs.no\/wp-content\/uploads\/2023\/10\/offline-betaling.png 918w, https:\/\/staging8.dev.gibbs.no\/wp-content\/uploads\/2023\/10\/offline-betaling-300x144.png 300w, https:\/\/staging8.dev.gibbs.no\/wp-content\/uploads\/2023\/10\/offline-betaling-768x370.png 768w, https:\/\/staging8.dev.gibbs.no\/wp-content\/uploads\/2023\/10\/offline-betaling-18x9.png 18w, https:\/\/staging8.dev.gibbs.no\/wp-content\/uploads\/2023\/10\/offline-betaling-590x284.png 590w, https:\/\/staging8.dev.gibbs.no\/wp-content\/uploads\/2023\/10\/offline-betaling-577x278.png 577w, https:\/\/staging8.dev.gibbs.no\/wp-content\/uploads\/2023\/10\/offline-betaling-600x289.png 600w\" sizes=\"auto, (max-width: 918px) 100vw, 918px\" \/><\/figure>","protected":false},"excerpt":{"rendered":"<p>Offline betaling i Gibbs refererer til betalinger som ikke skjer via bookingsystemet, men heller gj\u00f8res manuelt mellom utleier og leietaker utenfor plattformen. Dette betyr at utleier kan fortsatt bruke bookingsystemet for \u00e5 administrere reservasjoner, men m\u00e5 opprette faktura selv p\u00e5 sitt eget faktureringssystem og sende den til leietaker. Deretter m\u00e5 utleier passe p\u00e5 at betalingen [&hellip;]<\/p>","protected":false},"author":1,"featured_media":0,"parent":15567,"menu_order":0,"comment_status":"closed","ping_status":"closed","template":"page-template-popup.php","meta":{"content-type":"","inline_featured_image":false,"_uag_custom_page_level_css":"","footnotes":""},"class_list":["post-15737","page","type-page","status-publish","hentry"],"yoast_head":"<!-- This site is optimized with the Yoast SEO plugin v20.8 - https:\/\/yoast.com\/wordpress\/plugins\/seo\/ -->\n<title>Offline betaling - Gibbs.no - Bookingsystem<\/title>\n<meta name=\"robots\" content=\"noindex, follow, max-snippet:-1, max-image-preview:large, max-video-preview:-1\" \/>\n<meta property=\"og:locale\" content=\"sv_SE\" \/>\n<meta property=\"og:type\" content=\"article\" \/>\n<meta property=\"og:title\" content=\"Offline betaling - Gibbs.no - Bookingsystem\" \/>\n<meta property=\"og:description\" content=\"Offline betaling i Gibbs refererer til betalinger som ikke skjer via bookingsystemet, men heller gj\u00f8res manuelt mellom utleier og leietaker utenfor plattformen. Dette betyr at utleier kan fortsatt bruke bookingsystemet for \u00e5 administrere reservasjoner, men m\u00e5 opprette faktura selv p\u00e5 sitt eget faktureringssystem og sende den til leietaker. Deretter m\u00e5 utleier passe p\u00e5 at betalingen [&hellip;]\" \/>\n<meta property=\"og:url\" content=\"https:\/\/staging8.dev.gibbs.no\/sv\/funksjoner\/offline-betaling\/\" \/>\n<meta property=\"og:site_name\" content=\"Gibbs.no - Bookingsystem\" \/>\n<meta property=\"article:publisher\" content=\"https:\/\/www.facebook.com\/GibbsNorge\" \/>\n<meta property=\"article:modified_time\" content=\"2023-10-07T19:23:24+00:00\" \/>\n<meta property=\"og:image\" content=\"https:\/\/staging8.dev.gibbs.no\/wp-content\/uploads\/2023\/10\/offline-betaling.png\" \/>\n<meta name=\"twitter:card\" content=\"summary_large_image\" \/>\n<script type=\"application\/ld+json\" class=\"yoast-schema-graph\">{\"@context\":\"https:\/\/schema.org\",\"@graph\":[{\"@type\":\"WebPage\",\"@id\":\"https:\/\/staging8.dev.gibbs.no\/funksjoner\/offline-betaling\/\",\"url\":\"https:\/\/staging8.dev.gibbs.no\/funksjoner\/offline-betaling\/\",\"name\":\"Offline betaling - Gibbs.no - Bookingsystem\",\"isPartOf\":{\"@id\":\"https:\/\/staging8.dev.gibbs.no\/#website\"},\"datePublished\":\"2023-10-02T11:05:32+00:00\",\"dateModified\":\"2023-10-07T19:23:24+00:00\",\"breadcrumb\":{\"@id\":\"https:\/\/staging8.dev.gibbs.no\/funksjoner\/offline-betaling\/#breadcrumb\"},\"inLanguage\":\"sv-SE\",\"potentialAction\":[{\"@type\":\"ReadAction\",\"target\":[\"https:\/\/staging8.dev.gibbs.no\/funksjoner\/offline-betaling\/\"]}]},{\"@type\":\"BreadcrumbList\",\"@id\":\"https:\/\/staging8.dev.gibbs.no\/funksjoner\/offline-betaling\/#breadcrumb\",\"itemListElement\":[{\"@type\":\"ListItem\",\"position\":1,\"name\":\"Home\",\"item\":\"https:\/\/staging8.dev.gibbs.no\/\"},{\"@type\":\"ListItem\",\"position\":2,\"name\":\"Funksjoner\",\"item\":\"https:\/\/staging8.dev.gibbs.no\/funksjoner\/\"},{\"@type\":\"ListItem\",\"position\":3,\"name\":\"Offline betaling\"}]},{\"@type\":\"WebSite\",\"@id\":\"https:\/\/staging8.dev.gibbs.no\/#website\",\"url\":\"https:\/\/staging8.dev.gibbs.no\/\",\"name\":\"Gibbs.no\",\"description\":\"Bookingsystem - 1.Book 2.Betal 3.\u00c5pne\",\"publisher\":{\"@id\":\"https:\/\/staging8.dev.gibbs.no\/#organization\"},\"potentialAction\":[{\"@type\":\"SearchAction\",\"target\":{\"@type\":\"EntryPoint\",\"urlTemplate\":\"https:\/\/staging8.dev.gibbs.no\/?s={search_term_string}\"},\"query-input\":\"required name=search_term_string\"}],\"inLanguage\":\"sv-SE\"},{\"@type\":\"Organization\",\"@id\":\"https:\/\/staging8.dev.gibbs.no\/#organization\",\"name\":\"Gibbs AS\",\"url\":\"https:\/\/staging8.dev.gibbs.no\/\",\"logo\":{\"@type\":\"ImageObject\",\"inLanguage\":\"sv-SE\",\"@id\":\"https:\/\/staging8.dev.gibbs.no\/#\/schema\/logo\/image\/\",\"url\":\"https:\/\/staging8.dev.gibbs.no\/wp-content\/uploads\/2023\/11\/Gibbs-bookingsystem-logo.png\",\"contentUrl\":\"https:\/\/staging8.dev.gibbs.no\/wp-content\/uploads\/2023\/11\/Gibbs-bookingsystem-logo.png\",\"width\":696,\"height\":696,\"caption\":\"Gibbs AS\"},\"image\":{\"@id\":\"https:\/\/staging8.dev.gibbs.no\/#\/schema\/logo\/image\/\"},\"sameAs\":[\"https:\/\/www.facebook.com\/GibbsNorge\",\"https:\/\/www.linkedin.com\/company\/gibbsnorge\"]}]}<\/script>\n<!-- \/ Yoast SEO plugin. -->","yoast_head_json":{"title":"Offline betaling - Gibbs.no - Bookingsystem","robots":{"index":"noindex","follow":"follow","max-snippet":"max-snippet:-1","max-image-preview":"max-image-preview:large","max-video-preview":"max-video-preview:-1"},"og_locale":"sv_SE","og_type":"article","og_title":"Offline betaling - Gibbs.no - Bookingsystem","og_description":"Offline betaling i Gibbs refererer til betalinger som ikke skjer via bookingsystemet, men heller gj\u00f8res manuelt mellom utleier og leietaker utenfor plattformen. Dette betyr at utleier kan fortsatt bruke bookingsystemet for \u00e5 administrere reservasjoner, men m\u00e5 opprette faktura selv p\u00e5 sitt eget faktureringssystem og sende den til leietaker. Deretter m\u00e5 utleier passe p\u00e5 at betalingen [&hellip;]","og_url":"https:\/\/staging8.dev.gibbs.no\/sv\/funksjoner\/offline-betaling\/","og_site_name":"Gibbs.no - Bookingsystem","article_publisher":"https:\/\/www.facebook.com\/GibbsNorge","article_modified_time":"2023-10-07T19:23:24+00:00","og_image":[{"url":"https:\/\/staging8.dev.gibbs.no\/wp-content\/uploads\/2023\/10\/offline-betaling.png"}],"twitter_card":"summary_large_image","schema":{"@context":"https:\/\/schema.org","@graph":[{"@type":"WebPage","@id":"https:\/\/staging8.dev.gibbs.no\/funksjoner\/offline-betaling\/","url":"https:\/\/staging8.dev.gibbs.no\/funksjoner\/offline-betaling\/","name":"Offline betaling - Gibbs.no - Bookingsystem","isPartOf":{"@id":"https:\/\/staging8.dev.gibbs.no\/#website"},"datePublished":"2023-10-02T11:05:32+00:00","dateModified":"2023-10-07T19:23:24+00:00","breadcrumb":{"@id":"https:\/\/staging8.dev.gibbs.no\/funksjoner\/offline-betaling\/#breadcrumb"},"inLanguage":"sv-SE","potentialAction":[{"@type":"ReadAction","target":["https:\/\/staging8.dev.gibbs.no\/funksjoner\/offline-betaling\/"]}]},{"@type":"BreadcrumbList","@id":"https:\/\/staging8.dev.gibbs.no\/funksjoner\/offline-betaling\/#breadcrumb","itemListElement":[{"@type":"ListItem","position":1,"name":"Home","item":"https:\/\/staging8.dev.gibbs.no\/"},{"@type":"ListItem","position":2,"name":"Funksjoner","item":"https:\/\/staging8.dev.gibbs.no\/funksjoner\/"},{"@type":"ListItem","position":3,"name":"Offline betaling"}]},{"@type":"WebSite","@id":"https:\/\/staging8.dev.gibbs.no\/#website","url":"https:\/\/staging8.dev.gibbs.no\/","name":"Gibbs.no","description":"Bookingsystem - 1.Book 2.Betal 3.\u00c5pne","publisher":{"@id":"https:\/\/staging8.dev.gibbs.no\/#organization"},"potentialAction":[{"@type":"SearchAction","target":{"@type":"EntryPoint","urlTemplate":"https:\/\/staging8.dev.gibbs.no\/?s={search_term_string}"},"query-input":"required name=search_term_string"}],"inLanguage":"sv-SE"},{"@type":"Organization","@id":"https:\/\/staging8.dev.gibbs.no\/#organization","name":"Gibbs AS","url":"https:\/\/staging8.dev.gibbs.no\/","logo":{"@type":"ImageObject","inLanguage":"sv-SE","@id":"https:\/\/staging8.dev.gibbs.no\/#\/schema\/logo\/image\/","url":"https:\/\/staging8.dev.gibbs.no\/wp-content\/uploads\/2023\/11\/Gibbs-bookingsystem-logo.png","contentUrl":"https:\/\/staging8.dev.gibbs.no\/wp-content\/uploads\/2023\/11\/Gibbs-bookingsystem-logo.png","width":696,"height":696,"caption":"Gibbs AS"},"image":{"@id":"https:\/\/staging8.dev.gibbs.no\/#\/schema\/logo\/image\/"},"sameAs":["https:\/\/www.facebook.com\/GibbsNorge","https:\/\/www.linkedin.com\/company\/gibbsnorge"]}]}},"uagb_featured_image_src":{"full":false,"thumbnail":false,"medium":false,"medium_large":false,"large":false,"1536x1536":false,"2048x2048":false,"trp-custom-language-flag":false,"post-thumbnail":false,"listeo-avatar":false,"listeo-blog-post":false,"listeo-blog-related-post":false,"listeo-post-thumb":false,"listeo-gallery":false,"listeo-listing-grid":false,"listeo_core-avatar":false,"listeo_core-preview":false,"woocommerce_thumbnail":false,"woocommerce_single":false,"woocommerce_gallery_thumbnail":false},"uagb_author_info":{"display_name":"Gibbs","author_link":"https:\/\/staging8.dev.gibbs.no\/sv\/author\/kamil-gryga94gmail-com\/"},"uagb_comment_info":0,"uagb_excerpt":"Offline betaling i Gibbs refererer til betalinger som ikke skjer via bookingsystemet, men heller gj\u00f8res manuelt mellom utleier og leietaker utenfor plattformen. Dette betyr at utleier kan fortsatt bruke bookingsystemet for \u00e5 administrere reservasjoner, men m\u00e5 opprette faktura selv p\u00e5 sitt eget faktureringssystem og sende den til leietaker. Deretter m\u00e5 utleier passe p\u00e5 at betalingen&hellip;","_links":{"self":[{"href":"https:\/\/staging8.dev.gibbs.no\/sv\/wp-json\/wp\/v2\/pages\/15737","targetHints":{"allow":["GET"]}}],"collection":[{"href":"https:\/\/staging8.dev.gibbs.no\/sv\/wp-json\/wp\/v2\/pages"}],"about":[{"href":"https:\/\/staging8.dev.gibbs.no\/sv\/wp-json\/wp\/v2\/types\/page"}],"author":[{"embeddable":true,"href":"https:\/\/staging8.dev.gibbs.no\/sv\/wp-json\/wp\/v2\/users\/1"}],"replies":[{"embeddable":true,"href":"https:\/\/staging8.dev.gibbs.no\/sv\/wp-json\/wp\/v2\/comments?post=15737"}],"version-history":[{"count":2,"href":"https:\/\/staging8.dev.gibbs.no\/sv\/wp-json\/wp\/v2\/pages\/15737\/revisions"}],"predecessor-version":[{"id":17024,"href":"https:\/\/staging8.dev.gibbs.no\/sv\/wp-json\/wp\/v2\/pages\/15737\/revisions\/17024"}],"up":[{"embeddable":true,"href":"https:\/\/staging8.dev.gibbs.no\/sv\/wp-json\/wp\/v2\/pages\/15567"}],"wp:attachment":[{"href":"https:\/\/staging8.dev.gibbs.no\/sv\/wp-json\/wp\/v2\/media?parent=15737"}],"curies":[{"name":"wp","href":"https:\/\/api.w.org\/{rel}","templated":true}]}}