{"id":364,"date":"2020-05-21T20:41:06","date_gmt":"2020-05-21T19:41:06","guid":{"rendered":"https:\/\/mygibb.com\/?page_id=364"},"modified":"2024-04-23T22:26:44","modified_gmt":"2024-04-23T20:26:44","slug":"vilkaar","status":"publish","type":"page","link":"https:\/\/staging8.dev.gibbs.no\/en\/vilkaar\/","title":{"rendered":"Terms and conditions"},"content":{"rendered":"<div data-elementor-type=\"wp-page\" data-elementor-id=\"364\" class=\"elementor elementor-364\" data-elementor-settings=\"[]\">\n\t\t\t\t\t\t\t<div class=\"elementor-section-wrap\">\n\t\t\t\t\t\t\t<section class=\"elementor-section elementor-top-section elementor-element elementor-element-c2e02e9 elementor-section-boxed elementor-section-height-default elementor-section-height-default magic-button-disabled-no\" data-id=\"c2e02e9\" data-element_type=\"section\">\n\t\t\t\t\t\t<div class=\"elementor-container elementor-column-gap-default\">\n\t\t\t\t\t<div class=\"elementor-column elementor-col-100 elementor-top-column elementor-element elementor-element-665bb8c\" data-id=\"665bb8c\" data-element_type=\"column\">\n\t\t\t<div class=\"elementor-widget-wrap elementor-element-populated\">\n\t\t\t\t\t\t\t\t<div class=\"elementor-element elementor-element-3f7193f elementor-widget elementor-widget-text-editor\" data-id=\"3f7193f\" data-element_type=\"widget\" data-widget_type=\"text-editor.default\">\n\t\t\t\t<div class=\"elementor-widget-container\">\n\t\t\t<style>\/*! elementor - v3.5.3 - 28-12-2021 *\/\n.elementor-widget-text-editor.elementor-drop-cap-view-stacked .elementor-drop-cap{background-color:#818a91;color:#fff}.elementor-widget-text-editor.elementor-drop-cap-view-framed .elementor-drop-cap{color:#818a91;border:3px solid;background-color:transparent}.elementor-widget-text-editor:not(.elementor-drop-cap-view-default) .elementor-drop-cap{margin-top:8px}.elementor-widget-text-editor:not(.elementor-drop-cap-view-default) .elementor-drop-cap-letter{width:1em;height:1em}.elementor-widget-text-editor .elementor-drop-cap{float:left;text-align:center;line-height:1;font-size:50px}.elementor-widget-text-editor .elementor-drop-cap-letter{display:inline-block}<\/style>\t\t\t\t<p><i>Last updated 06 January 2022\n<p>Please read these terms of service &quot;gibbs&quot; (the &quot;Terms&quot;) carefully before using the website under the domain name: https:\/\/staging8.dev.gibbs.no.\n<p>gibbs is operated by gibbs AS, org no. 922 265 739 with registered business address in storgata 15, 1767 Halden, Norway. gibbs AS mediates all transactions through the Service and is referred to as the seller.<strong><strong><em>&nbsp;\n<ul>\n<li><strong>Hereinafter, gibbs is referred to as &quot;the Service&quot; and gibbs AS as &quot;gibbs&quot;, &quot;We&quot; and \/ or &quot;us&quot;\n<li><strong><strong><em>Leieobjekt&nbsp;er en fellesbetegnelse for alt som kan leies og tjenester som kan bookes gjennom gibbs.\n<p>Din tilgang til og bruk av Tjenesten er betinget p\u00e5 at du aksepterer disse vilk\u00e5rene. Vilk\u00e5rene gjelder for alle brukere, bes\u00f8kende og andre som har tilgang til Tjenesten. gibbs&nbsp;forbeholder seg retten til \u00e5 oppdatere og revidere Vilk\u00e5rene. Oppdaterte Vilk\u00e5r vil v\u00e6re tilgjengelig gjennom Tjenesten 30 dager f\u00f8r de trer i kraft.&nbsp;\n<h3>1. Account registration&nbsp;\n<p>\n<p>1.1 By registering an account with us, you undertake to provide us with correct and complete information, as well as to keep it updated at all times. Registration is only possible for natural persons over 18 years of age.&nbsp;\n<p>1.2 gibbs reserves the right in case of suspicion of misuse of the Service or the User&#039;s non-fulfillment of the Terms, to check the User&#039;s any correspondence with other Users via the Service, as well as to terminate the User&#039;s account with immediate effect.\n<h3>2. Advertising\n<p>\n<p>2.1 All announcements through the Service shall only be made by natural and legal persons who are authorized to enter into agreements as specified in these Terms.\n<p>2.2 It is only permitted to publish advertisements with the aim of renting out the object. For the purpose of pure marketing where rental takes place through channels other than the Service is not permitted. That is, to advertise on the Service and make payment outside the Service. It is considered pure marketing and may result in exclusion from the Service.&nbsp;\n<p>2.3 If there are several rental objects in an advertisement, eg 3 different speakers in one and the same advertisement. Then this is not allowed. The same applies if there are several advertisements for the same rental object. But on the other hand, if it is the same type of speakers, then this can be placed in an advertisement by stating the number of speakers available for rent.&nbsp;\n<p>2.4 The landlord is responsible for ensuring that the information provided in the advertisement is correct and complete.\n<p>2.5 The title and description of the advertisement must be clear and describe the rental object as best as possible. Other information that describes something other than the rental object, offers that fall outside the rental object, external links and contact information are not permitted.\n<p>2.6 It is not permitted to advertise offers that are unrealistic. gibbs reserves the right to refuse or cancel the publication of advertisements which, according to gibbs, are considered incorrect and \/ or unrealistic.&nbsp;\n<p>2.7&nbsp;Prisene for annonsene skal v\u00e6re lik den prisen utleier operer med til vanlig. Et avvik som f\u00f8rer til h\u00f8yere priser p\u00e5 annonsene enn utleiers eksterne nettsider vil ikke bli akseptert. Hvis annonsen er billigere et annet sted, kan gibbs kreve \u00e5 f\u00e5 mellomlegget p\u00e5 vegne av kunde.&nbsp;\n<p>2.8 All advertisements through the Service shall be ethically correct. Ads that are offensive to individuals and ethnic groups are not permitted.&nbsp;&nbsp;\n<p>2.9 gibbs reserves the right to make changes or adjustments to advertisements that gibbs deems necessary to fulfill these Terms. Such changes may, but need not, be communicated to Users.\n<h3>3. Rental terms\n<p>\n<p>3.1 By publishing the advertisement, the landlord guarantees that they own or have the right to rent out the rental object.\n<p>3.2 Landlords and Tenants are responsible for checking the validity of the respective User&#039;s identification before handing over or delivery of the rental object.\n<p>3.3 The landlord is responsible for keeping the rental object, as well as any related equipment insured. This applies during the rental period.&nbsp;\n<p>3.4 The tenant is responsible for taking good care of the rental object. As far as possible, return \/ be in the same condition as when it was rented out. Should the Lessee cause damage to the rental object through accident or negligence, the Lessee is liable to the Landlord for the costs incurred for the Rental Object.\n<p>3.5 By reserving a rental object in accordance with Section 4.1 below, the Lessee agrees to the cancellation conditions stated in the respective advertisement or communicated through the inbox.\n<p>3.6 The landlord himself chooses cancellation conditions and states this in the description of the rental object or through the dialogue on the inbox in the Service. The landlord is primarily responsible for information, rules and contracts regarding cancellations being communicated to the tenant, as well as signed.\n<h3>Rental and delivery\n<p>\n<p>4.1 En reservering av det annonserte leieobjektet oppst\u00e5r n\u00e5r Leietaker bekrefter reservering av leieobjektet, gjennom \u00e5 identifisere seg med Brukerprofil.&nbsp;Utleier m\u00e5 godkjenne eller avsl\u00e5 denne innen 72 timer.&nbsp;Deretter skal Leietaker betale leiebel\u00f8pet i samsvar med Punkt 5.1 nedenfor. En bestillingsbekreftelse sendes deretter via e-post til b\u00e5de Utleier og Leietaker, som inneholder informasjon om avtalen. Informasjonen i bestillingsbekreftelsen er ogs\u00e5 tilgjengelig for Brukere gjennom Tjenesten.\n<p>4.2&nbsp;Hvis en utleier har automatisk godkjenning, vil man m\u00e5tte betale f\u00f8r man kan foreta en reservasjon. Da vil leietaker hoppe over steget reservasjon og leieobjektet vil v\u00e6re tilgjengelig i valgt tidsrom etter gjennomf\u00f8rt betaling.&nbsp;\n<p>4.3 Delivery or delivery of rental objects shall take place in accordance with the Landlord&#039;s and Tenant&#039;s mutual agreement in connection with the reservation.\n<h3>5. Payment\n<p>\n<p>5.1 Betalingen av leiebel\u00f8pet blir gjort i forbindelse med reserveringen via Tjenesten og h\u00e5ndteres via gibbs sin samarbeidspartner Stripe&nbsp;<a><font>(www.stripe.com). Betaling skjer i Tjenesten med debit- eller kredittkort fra Visa, MasterCard, eller American Express.&nbsp;<br><span>et p\u00e5 vegne av<br>\n<p>5.2 Upon payment, the rental amount is deducted from the debit or credit card specified by the Tenant in connection with the reservation in accordance with Section 4.1 above. gibbs retains the rental amount on behalf of the Tenant and Landlord throughout the rental period. The rental amount is then transferred to the Landlord&#039;s specified bank account, after deduction of gibbs&#039; service fee in accordance with Section 6 below, no later than fifteen (15) days after the end of the rental period.\n<p>5.3 In the event of cancellation of the rental, money is refunded to the tenant in accordance with the cancellation conditions agreed between the landlord and the tenant. When the cancellation is completed and gibbs receives a written notice from the tenant and landlord, a message is sent directly to our partner Stripe who handles the refund. It usually takes between 5-15 days before the refund is made and the money is visible on the card again.\n<h3>6. Service fee\n<p>\n<p>6.1 gibbs charges a service fee for orders placed through the Service. The service fee is 10% of the amount agreed between the Users. gibbs reserves the right to change the Service Fee by changing these Terms.\n<p>6.2 Users who avoid paying the service fee. For example. By charging outside the Service can be terminated according to clause 11.1.\n<h3>7.&nbsp; Avbestilling &amp; reklamasjon\n<p>\n<p>7.1 Cancellation of a reserved rental object can be made by the Tenant in accordance with the cancellation conditions set by the landlord.\n<p>7.2 The Landlord and the Tenant have the right to cancel a reservation due to circumstances that the Landlord or the Tenant himself could not anticipate or control (force majeure).\n<p>7.3 Any complaints, objections and claims for compensation in connection with the rental object are reported to gibbs and gibbs will further communicate and ensure that the Landlord is notified and handles this. Complaints must be made no later than 7 days after the end of the lease.&nbsp;\n<p>7.4 In case of cancellation and refund to the Tenant, 3-5% of the total amount will not be refunded, since our partner (Stripes) takes its fee for the original payment.\n<h3>8. User responsibility\n<p>\n<p>8.1 Users undertake to use the Service in accordance with the Terms.\n<p>8.2 The User is responsible for all information published via the Service. This involves the information when registering an account and what is published about the rental object or in another way through the Service. The user must ensure that the information is correct and that it does not contravene the terms and applicable laws.\n<p>8.3 The User guarantees that the User has all necessary rights to content that a User creates and \/ or uploads to the Service.&nbsp;\n<p>8.4 By uploading User Content, the User gives gibbs unlimited right to freely dispose of the User Content, for example by processing, adapting, storing or copying it and making it available to the public.\n<p>8.5 gibbs&#039; use of the User Content does not give rise to a claim for compensation from the User.\n<p>8.6 Users may be held liable for any loss or damage affecting gibbs or others due to the User&#039;s breach of the Terms or applicable law or as a result of any other type of conduct.\n<h3>9. gibbs his responsibility\n<p>\n<p>9.1 gibbs works to ensure that the Service is available twenty-four (24) hours a day. however, gibbs is not responsible if all or part of the Service is unavailable at any time or for any period, for any reason.\n<p>9.2 Access to the Service may be suspended temporarily and without notice in the event of system failure, maintenance, repair or for other reasons beyond Gibbs&#039; control.\n<p>9.3 The content of the Service is provided &quot;as is&quot; and gibbs makes no warranties regarding the content.\n<p>9.4 gibbs will cooperate fully with all authorities and comply with all court decisions that require the disclosure of personal information or location information for anyone who has published content in violation of the Terms.\n<h3>10. Limitation of liability\n<p>\n<p>10.1 gibbs hereby disclaims, to the extent permitted by applicable law, liability for direct and indirect damages and \/ or losses. As well as damage caused to Users or third parties in connection with the use or challenges with the use of the Service. Regardless of how the damage occurs and regardless of whether the damage is caused by negligence, breach of contract, or other cause.\n<p>10.2 Limitation of Liability (in this section) does not change or limit a User&#039;s rights as a consumer and does not exclude or limit liability to the extent not permitted by applicable law.\n<h3>11. Termination of account\n<p>\n<p>11.1 gibbs has the right, at its own discretion and without notice, to restrict a User&#039;s access to the Service and \/ or to refuse all correspondence with a User in the event:\n\n<li>There is a regulatory change that limits gibbs&#039; ability to offer access to the Service\n<li>Any incident beyond gibbs&#039; control that prevents gibbs from providing access to the Service including, but not limited to, technical issues, capacity issues and communication issues\n<li>gibbs believes that a User is abusing the Service or otherwise acting in violation of the Terms.&nbsp;\n<li><span>gibbs has the right to remove information the User enters into the Service, in order to fulfill its obligations in accordance with legislation.<br>\n<li>\n<ul>\n<li>\n<h3>12. Personal information\n<p>\n<p>12.1 Use of the Service involves the processing of personal data for various purposes. gibbs is responsible for the processing of all personal data that gibbs, or others on behalf of gibbs, performs within the framework of the Service. Personal information is information that can be directly or indirectly linked to a person, such as name and address.&nbsp;\n<p>12.2 By accepting the Terms, the Users agree that gibbs treats\n<p>(i) Contact information such as name, e-mail, telephone number and address (ii) Payment information such as debit or credit card or bank account for payment, (iii) Geographical position as coordinates, (iv) Detailed order history including receipt and times, (v) IP address (vi) User information entered in advertisements.\n<h3>13. Intellectual Property Rights&nbsp;\n<p>\n<p>Unless otherwise stated in these Terms or in the Service, gibbs AS, or gibbs&#039;s licensor owns all intellectual and other rights, including copyright and trademark rights. Users may not, without gibbs&#039; written consent, distribute, display or copy the User Content in the Service.\n<h3>14. Other\n<p>\n<p>14.1 If any provision of these Terms is deemed to be illegal, invalid or unenforceable for any other reason, this provision shall be deemed omitted and shall not affect the validity or enforcement of any of the remaining provisions of the Terms.\n<p>14.2 These Terms constitute the entire agreement between gibbs and User regarding the use of the Service (gibbs) and supersede all prior agreements and representations in this regard.\n<p>14.3 These Terms have been prepared and shall be interpreted in accordance with Norwegian law.\n<p>\n<p>If you have any questions regarding these terms or anything else you can contact us at&nbsp;<a>kontakt@gibbs.no.\n\n\n\n\t\t\t\t\t\t<\/div>\n\t\t\t\t<\/div>\n\t\t\t\t\t<\/div>\n\t\t<\/div>\n\t\t\t\t\t\t\t<\/div>\n\t\t<\/section>\n\t\t\t\t\t\t<\/div>\n\t\t\t\t\t<\/div>","protected":false},"excerpt":{"rendered":"<p>Sist oppdatert 06. januar 2022 Vennligst les disse vilk\u00e5rene for tjenesten \u201cgibbs\u201d (\u201cVilk\u00e5rene\u201d) n\u00f8ye f\u00f8r du bruker nettstedet under domenenavnet: https:\/\/staging8.dev.gibbs.no. gibbs drives av gibbs AS, org nr 922 265 739 med registrert forretningsadresse i storgata 15, 1767 Halden, Norge. gibbs AS formidler alle transaksjoner gjennom Tjenesten og betegnes som selger.&nbsp;<\/p>","protected":false},"author":1,"featured_media":0,"parent":0,"menu_order":0,"comment_status":"closed","ping_status":"closed","template":"","meta":{"content-type":"","inline_featured_image":false,"_uag_custom_page_level_css":"","footnotes":""},"class_list":["post-364","page","type-page","status-publish","hentry"],"yoast_head":"<!-- This site is optimized with the Yoast SEO plugin v20.8 - https:\/\/yoast.com\/wordpress\/plugins\/seo\/ -->\n<title>Vilk\u00e5r og betingelser - Gibbs.no - Bookingsystem<\/title>\n<meta name=\"robots\" content=\"noindex, follow, max-snippet:-1, max-image-preview:large, max-video-preview:-1\" \/>\n<meta property=\"og:locale\" content=\"en_US\" \/>\n<meta property=\"og:type\" content=\"article\" \/>\n<meta property=\"og:title\" content=\"Vilk\u00e5r og betingelser - Gibbs.no - Bookingsystem\" \/>\n<meta property=\"og:description\" content=\"Sist oppdatert 06. januar 2022 Vennligst les disse vilk\u00e5rene for tjenesten \u201cgibbs\u201d (\u201cVilk\u00e5rene\u201d) n\u00f8ye f\u00f8r du bruker nettstedet under domenenavnet: https:\/\/staging8.dev.gibbs.no. gibbs drives av gibbs AS, org nr 922 265 739 med registrert forretningsadresse i storgata 15, 1767 Halden, Norge. gibbs AS formidler alle transaksjoner gjennom Tjenesten og betegnes som selger.&nbsp;\" \/>\n<meta property=\"og:url\" content=\"https:\/\/staging8.dev.gibbs.no\/en\/vilkaar\/\" \/>\n<meta property=\"og:site_name\" content=\"Gibbs.no - Bookingsystem\" \/>\n<meta property=\"article:publisher\" content=\"https:\/\/www.facebook.com\/GibbsNorge\" \/>\n<meta property=\"article:modified_time\" content=\"2024-04-23T20:26:44+00:00\" \/>\n<meta property=\"og:image\" content=\"https:\/\/staging8.dev.gibbs.no\/wp-content\/uploads\/2023\/10\/Gibbs-Bookingsystem.png\" \/>\n\t<meta property=\"og:image:width\" content=\"1200\" \/>\n\t<meta property=\"og:image:height\" content=\"630\" \/>\n\t<meta property=\"og:image:type\" content=\"image\/png\" \/>\n<meta name=\"twitter:card\" content=\"summary_large_image\" \/>\n<meta name=\"twitter:label1\" content=\"Est. reading time\" \/>\n\t<meta name=\"twitter:data1\" content=\"9 minutes\" \/>\n<script type=\"application\/ld+json\" class=\"yoast-schema-graph\">{\"@context\":\"https:\/\/schema.org\",\"@graph\":[{\"@type\":\"WebPage\",\"@id\":\"https:\/\/staging8.dev.gibbs.no\/vilkaar\/\",\"url\":\"https:\/\/staging8.dev.gibbs.no\/vilkaar\/\",\"name\":\"Vilk\u00e5r og betingelser - Gibbs.no - Bookingsystem\",\"isPartOf\":{\"@id\":\"https:\/\/staging8.dev.gibbs.no\/#website\"},\"datePublished\":\"2020-05-21T19:41:06+00:00\",\"dateModified\":\"2024-04-23T20:26:44+00:00\",\"breadcrumb\":{\"@id\":\"https:\/\/staging8.dev.gibbs.no\/vilkaar\/#breadcrumb\"},\"inLanguage\":\"en-US\",\"potentialAction\":[{\"@type\":\"ReadAction\",\"target\":[\"https:\/\/staging8.dev.gibbs.no\/vilkaar\/\"]}]},{\"@type\":\"BreadcrumbList\",\"@id\":\"https:\/\/staging8.dev.gibbs.no\/vilkaar\/#breadcrumb\",\"itemListElement\":[{\"@type\":\"ListItem\",\"position\":1,\"name\":\"Home\",\"item\":\"https:\/\/staging8.dev.gibbs.no\/\"},{\"@type\":\"ListItem\",\"position\":2,\"name\":\"Vilk\u00e5r og betingelser\"}]},{\"@type\":\"WebSite\",\"@id\":\"https:\/\/staging8.dev.gibbs.no\/#website\",\"url\":\"https:\/\/staging8.dev.gibbs.no\/\",\"name\":\"Gibbs.no\",\"description\":\"Bookingsystem - 1.Book 2.Betal 3.\u00c5pne\",\"publisher\":{\"@id\":\"https:\/\/staging8.dev.gibbs.no\/#organization\"},\"potentialAction\":[{\"@type\":\"SearchAction\",\"target\":{\"@type\":\"EntryPoint\",\"urlTemplate\":\"https:\/\/staging8.dev.gibbs.no\/?s={search_term_string}\"},\"query-input\":\"required name=search_term_string\"}],\"inLanguage\":\"en-US\"},{\"@type\":\"Organization\",\"@id\":\"https:\/\/staging8.dev.gibbs.no\/#organization\",\"name\":\"Gibbs AS\",\"url\":\"https:\/\/staging8.dev.gibbs.no\/\",\"logo\":{\"@type\":\"ImageObject\",\"inLanguage\":\"en-US\",\"@id\":\"https:\/\/staging8.dev.gibbs.no\/#\/schema\/logo\/image\/\",\"url\":\"https:\/\/staging8.dev.gibbs.no\/wp-content\/uploads\/2023\/11\/Gibbs-bookingsystem-logo.png\",\"contentUrl\":\"https:\/\/staging8.dev.gibbs.no\/wp-content\/uploads\/2023\/11\/Gibbs-bookingsystem-logo.png\",\"width\":696,\"height\":696,\"caption\":\"Gibbs AS\"},\"image\":{\"@id\":\"https:\/\/staging8.dev.gibbs.no\/#\/schema\/logo\/image\/\"},\"sameAs\":[\"https:\/\/www.facebook.com\/GibbsNorge\",\"https:\/\/www.linkedin.com\/company\/gibbsnorge\"]}]}<\/script>\n<!-- \/ Yoast SEO plugin. -->","yoast_head_json":{"title":"Vilk\u00e5r og betingelser - Gibbs.no - Bookingsystem","robots":{"index":"noindex","follow":"follow","max-snippet":"max-snippet:-1","max-image-preview":"max-image-preview:large","max-video-preview":"max-video-preview:-1"},"og_locale":"en_US","og_type":"article","og_title":"Vilk\u00e5r og betingelser - Gibbs.no - Bookingsystem","og_description":"Sist oppdatert 06. januar 2022 Vennligst les disse vilk\u00e5rene for tjenesten \u201cgibbs\u201d (\u201cVilk\u00e5rene\u201d) n\u00f8ye f\u00f8r du bruker nettstedet under domenenavnet: https:\/\/staging8.dev.gibbs.no. gibbs drives av gibbs AS, org nr 922 265 739 med registrert forretningsadresse i storgata 15, 1767 Halden, Norge. gibbs AS formidler alle transaksjoner gjennom Tjenesten og betegnes som selger.&nbsp;","og_url":"https:\/\/staging8.dev.gibbs.no\/en\/vilkaar\/","og_site_name":"Gibbs.no - Bookingsystem","article_publisher":"https:\/\/www.facebook.com\/GibbsNorge","article_modified_time":"2024-04-23T20:26:44+00:00","og_image":[{"width":1200,"height":630,"url":"https:\/\/staging8.dev.gibbs.no\/wp-content\/uploads\/2023\/10\/Gibbs-Bookingsystem.png","type":"image\/png"}],"twitter_card":"summary_large_image","twitter_misc":{"Est. reading time":"9 minutes"},"schema":{"@context":"https:\/\/schema.org","@graph":[{"@type":"WebPage","@id":"https:\/\/staging8.dev.gibbs.no\/vilkaar\/","url":"https:\/\/staging8.dev.gibbs.no\/vilkaar\/","name":"Vilk\u00e5r og betingelser - Gibbs.no - Bookingsystem","isPartOf":{"@id":"https:\/\/staging8.dev.gibbs.no\/#website"},"datePublished":"2020-05-21T19:41:06+00:00","dateModified":"2024-04-23T20:26:44+00:00","breadcrumb":{"@id":"https:\/\/staging8.dev.gibbs.no\/vilkaar\/#breadcrumb"},"inLanguage":"en-US","potentialAction":[{"@type":"ReadAction","target":["https:\/\/staging8.dev.gibbs.no\/vilkaar\/"]}]},{"@type":"BreadcrumbList","@id":"https:\/\/staging8.dev.gibbs.no\/vilkaar\/#breadcrumb","itemListElement":[{"@type":"ListItem","position":1,"name":"Home","item":"https:\/\/staging8.dev.gibbs.no\/"},{"@type":"ListItem","position":2,"name":"Vilk\u00e5r og betingelser"}]},{"@type":"WebSite","@id":"https:\/\/staging8.dev.gibbs.no\/#website","url":"https:\/\/staging8.dev.gibbs.no\/","name":"Gibbs.no","description":"Bookingsystem - 1.Book 2.Betal 3.\u00c5pne","publisher":{"@id":"https:\/\/staging8.dev.gibbs.no\/#organization"},"potentialAction":[{"@type":"SearchAction","target":{"@type":"EntryPoint","urlTemplate":"https:\/\/staging8.dev.gibbs.no\/?s={search_term_string}"},"query-input":"required name=search_term_string"}],"inLanguage":"en-US"},{"@type":"Organization","@id":"https:\/\/staging8.dev.gibbs.no\/#organization","name":"Gibbs AS","url":"https:\/\/staging8.dev.gibbs.no\/","logo":{"@type":"ImageObject","inLanguage":"en-US","@id":"https:\/\/staging8.dev.gibbs.no\/#\/schema\/logo\/image\/","url":"https:\/\/staging8.dev.gibbs.no\/wp-content\/uploads\/2023\/11\/Gibbs-bookingsystem-logo.png","contentUrl":"https:\/\/staging8.dev.gibbs.no\/wp-content\/uploads\/2023\/11\/Gibbs-bookingsystem-logo.png","width":696,"height":696,"caption":"Gibbs AS"},"image":{"@id":"https:\/\/staging8.dev.gibbs.no\/#\/schema\/logo\/image\/"},"sameAs":["https:\/\/www.facebook.com\/GibbsNorge","https:\/\/www.linkedin.com\/company\/gibbsnorge"]}]}},"uagb_featured_image_src":{"full":false,"thumbnail":false,"medium":false,"medium_large":false,"large":false,"1536x1536":false,"2048x2048":false,"trp-custom-language-flag":false,"post-thumbnail":false,"listeo-avatar":false,"listeo-blog-post":false,"listeo-blog-related-post":false,"listeo-post-thumb":false,"listeo-gallery":false,"listeo-listing-grid":false,"listeo_core-avatar":false,"listeo_core-preview":false,"woocommerce_thumbnail":false,"woocommerce_single":false,"woocommerce_gallery_thumbnail":false},"uagb_author_info":{"display_name":"Gibbs","author_link":"https:\/\/staging8.dev.gibbs.no\/en\/author\/kamil-gryga94gmail-com\/"},"uagb_comment_info":0,"uagb_excerpt":"Sist oppdatert 06. januar 2022 Vennligst les disse vilk\u00e5rene for tjenesten \u201cgibbs\u201d (\u201cVilk\u00e5rene\u201d) n\u00f8ye f\u00f8r du bruker nettstedet under domenenavnet: https:\/\/staging8.dev.gibbs.no. gibbs drives av gibbs AS, org nr 922 265 739 med registrert forretningsadresse i storgata 15, 1767 Halden, Norge. gibbs AS formidler alle transaksjoner gjennom Tjenesten og betegnes som selger.&nbsp;","_links":{"self":[{"href":"https:\/\/staging8.dev.gibbs.no\/en\/wp-json\/wp\/v2\/pages\/364","targetHints":{"allow":["GET"]}}],"collection":[{"href":"https:\/\/staging8.dev.gibbs.no\/en\/wp-json\/wp\/v2\/pages"}],"about":[{"href":"https:\/\/staging8.dev.gibbs.no\/en\/wp-json\/wp\/v2\/types\/page"}],"author":[{"embeddable":true,"href":"https:\/\/staging8.dev.gibbs.no\/en\/wp-json\/wp\/v2\/users\/1"}],"replies":[{"embeddable":true,"href":"https:\/\/staging8.dev.gibbs.no\/en\/wp-json\/wp\/v2\/comments?post=364"}],"version-history":[{"count":48,"href":"https:\/\/staging8.dev.gibbs.no\/en\/wp-json\/wp\/v2\/pages\/364\/revisions"}],"predecessor-version":[{"id":27205,"href":"https:\/\/staging8.dev.gibbs.no\/en\/wp-json\/wp\/v2\/pages\/364\/revisions\/27205"}],"wp:attachment":[{"href":"https:\/\/staging8.dev.gibbs.no\/en\/wp-json\/wp\/v2\/media?parent=364"}],"curies":[{"name":"wp","href":"https:\/\/api.w.org\/{rel}","templated":true}]}}