{"id":16566,"date":"2023-10-05T18:37:04","date_gmt":"2023-10-05T16:37:04","guid":{"rendered":"https:\/\/staging8.dev.gibbs.no\/?page_id=16566"},"modified":"2023-10-06T01:34:48","modified_gmt":"2023-10-05T23:34:48","slug":"tidsbesparelse","status":"publish","type":"page","link":"https:\/\/staging8.dev.gibbs.no\/en\/tidsbesparelse\/","title":{"rendered":"Time saving"},"content":{"rendered":"<div class=\"wp-block-uagb-container uagb-block-838411ab alignfull uagb-is-root-container\"><div class=\"uagb-container-inner-blocks-wrap\">\n<div class=\"wp-block-group .shadow-background\"><div class=\"wp-block-group__inner-container is-layout-constrained wp-block-group-is-layout-constrained\">\n<h2 class=\"wp-block-heading has-text-align-center\"><strong>For the landlord<\/strong><\/h2>\n\n\n\n<div style=\"height:20px\" aria-hidden=\"true\" class=\"wp-block-spacer\"><\/div>\n\n\n\n<h3 class=\"wp-block-heading has-text-align-center\"><strong>Manual booking<\/strong><\/h3>\n\n\n<div class=\"wp-block-image\">\n<figure class=\"aligncenter size-large is-resized\"><img decoding=\"async\" src=\"https:\/\/staging8.dev.gibbs.no\/wp-content\/uploads\/2023\/10\/utleie-manuel-steps-488x1024.png\" alt=\"\" class=\"wp-image-16672\" style=\"width:300px\" width=\"300\" srcset=\"https:\/\/staging8.dev.gibbs.no\/wp-content\/uploads\/2023\/10\/utleie-manuel-steps-488x1024.png 488w, https:\/\/staging8.dev.gibbs.no\/wp-content\/uploads\/2023\/10\/utleie-manuel-steps-143x300.png 143w, https:\/\/staging8.dev.gibbs.no\/wp-content\/uploads\/2023\/10\/utleie-manuel-steps-6x12.png 6w, https:\/\/staging8.dev.gibbs.no\/wp-content\/uploads\/2023\/10\/utleie-manuel-steps-281x590.png 281w, https:\/\/staging8.dev.gibbs.no\/wp-content\/uploads\/2023\/10\/utleie-manuel-steps-320x670.png 320w, https:\/\/staging8.dev.gibbs.no\/wp-content\/uploads\/2023\/10\/utleie-manuel-steps-413x866.png 413w, https:\/\/staging8.dev.gibbs.no\/wp-content\/uploads\/2023\/10\/utleie-manuel-steps-600x1258.png 600w, https:\/\/staging8.dev.gibbs.no\/wp-content\/uploads\/2023\/10\/utleie-manuel-steps.png 631w\" sizes=\"(max-width: 488px) 100vw, 488px\" \/><\/figure>\n<\/div>\n\n\n<p class=\"has-black-color has-text-color\">1. Receive request. Maybe have to answer a question? Let&#039;s start with this averaging <strong>3 min<\/strong><\/p>\n\n\n\n<p class=\"has-black-color has-text-color\">2. Checking availability can quickly take some time, especially if there are several administrators who accept requests, but if you have a Google or other digital calendar, it is no more than <strong>2 min<\/strong><\/p>\n\n\n\n<p class=\"has-black-color has-text-color\">3. Dialogue is perhaps the most convoluted. You managed to reply to the customer that it was available within 10 minutes, but then they take 3 days to reply to you again. And in the meantime you received 2 other requests for the same time. Then there will be a bit of ping pong with the customer to find the right time.<br>We provide it <strong>10 min<\/strong> and 3 hours waiting time<\/p>\n\n\n\n<p class=\"has-black-color has-text-color\">4. Add to calendar takes <strong>1 min<\/strong> if you have good routines<\/p>\n\n\n\n<p class=\"has-black-color has-text-color\">5. Contract signing may take <strong>5 min <\/strong>if you have good routines. But waiting for a signed contract and possibly nagging it a couple of times can take time. Let&#039;s say 1 hour waiting time<\/p>\n\n\n\n<p class=\"has-black-color has-text-color\">6. Handing over key varies extremely. Some have the key left without the &quot;blanket&quot;, while others must have a caretaker come and deliver. Let us see <strong>10 min <\/strong><\/p>\n\n\n\n<p class=\"has-black-color has-text-color\">7. Getting the key back is just as varied. From time to time it is also messed up or not delivered in time for the next rental. Let us see <strong>10 min <\/strong><\/p>\n\n\n\n<p class=\"has-black-color has-text-color\">8. Sending the invoice can take some time, the question is whether the person responsible for the rental is the same person who also sends the invoice. It also varies from place to place. Let&#039;s say on average it takes <strong>10 min<\/strong><\/p>\n\n\n\n<p class=\"has-black-color has-text-color\">9. Sometimes you just have to work with a little nagging. Say <strong>2 min<\/strong><\/p>\n\n\n\n<h3 class=\"wp-block-heading has-text-align-center\"><strong>Gibbs booking<\/strong><\/h3>\n\n\n<div class=\"wp-block-image\">\n<figure class=\"aligncenter size-full is-resized\"><img decoding=\"async\" src=\"https:\/\/staging8.dev.gibbs.no\/wp-content\/uploads\/2023\/10\/utleier-steps-automatisk.png\" alt=\"\" class=\"wp-image-16673\" style=\"width:300px\" width=\"300\" srcset=\"https:\/\/staging8.dev.gibbs.no\/wp-content\/uploads\/2023\/10\/utleier-steps-automatisk.png 629w, https:\/\/staging8.dev.gibbs.no\/wp-content\/uploads\/2023\/10\/utleier-steps-automatisk-300x208.png 300w, https:\/\/staging8.dev.gibbs.no\/wp-content\/uploads\/2023\/10\/utleier-steps-automatisk-18x12.png 18w, https:\/\/staging8.dev.gibbs.no\/wp-content\/uploads\/2023\/10\/utleier-steps-automatisk-590x410.png 590w, https:\/\/staging8.dev.gibbs.no\/wp-content\/uploads\/2023\/10\/utleier-steps-automatisk-577x401.png 577w, https:\/\/staging8.dev.gibbs.no\/wp-content\/uploads\/2023\/10\/utleier-steps-automatisk-600x417.png 600w\" sizes=\"(max-width: 629px) 100vw, 629px\" \/><\/figure>\n<\/div>\n\n\n<p class=\"has-black-color has-text-color\">1. Receive bookings directly in your gibbs administration calendar. This does not take you time <strong>0 min<\/strong>.<\/p>\n\n\n\n<p class=\"has-black-color has-text-color\">2. Enjoy the digital life. Now you&#039;ve got some time to spare, which you can do other things with. Maybe a little coffee break? <strong>0 min<\/strong><\/p>\n\n\n\n<p class=\"has-black-color has-text-color\">3. Well, maybe you have suggestions for improvement or want to send us a smile? Since it is completely voluntary, we set it up <strong>0 min<\/strong> \ud83d\ude42 <\/p>\n\n\n\n<div style=\"height:20px\" aria-hidden=\"true\" class=\"wp-block-spacer\"><\/div>\n\n\n\n<div class=\"wp-block-columns is-not-stacked-on-mobile is-layout-flex wp-container-core-columns-is-layout-9d6595d7 wp-block-columns-is-layout-flex\">\n<div class=\"wp-block-column is-layout-flow wp-block-column-is-layout-flow\">\n<div class=\"wp-block-group has-black-color has-text-color\"><div class=\"wp-block-group__inner-container is-layout-constrained wp-block-group-is-layout-constrained\">\n<p class=\"has-text-align-center has-medium-font-size\"><strong>Gibbs booking<\/strong><\/p>\n\n\n\n<p class=\"has-text-align-center has-medium-font-size\"><strong>0 min<\/strong> work<\/p>\n\n\n\n<p class=\"has-text-align-center has-medium-font-size\"><strong>0 min<\/strong> waiting time<\/p>\n<\/div><\/div>\n<\/div>\n\n\n\n<div class=\"wp-block-column is-layout-flow wp-block-column-is-layout-flow\">\n<div class=\"wp-block-group has-black-color has-text-color\"><div class=\"wp-block-group__inner-container is-layout-constrained wp-block-group-is-layout-constrained\">\n<p class=\"has-text-align-center has-medium-font-size\"><strong>Manual booking<\/strong><\/p>\n\n\n\n<p class=\"has-text-align-center has-medium-font-size\"><strong>53 min<\/strong> work<\/p>\n\n\n\n<p class=\"has-text-align-center has-medium-font-size\"><strong>4 hours<\/strong> waiting time<\/p>\n<\/div><\/div>\n<\/div>\n<\/div>\n<\/div><\/div>\n\n\n\n<div class=\"wp-block-group .shadow-background\"><div class=\"wp-block-group__inner-container is-layout-constrained wp-block-group-is-layout-constrained\">\n<h2 class=\"wp-block-heading has-text-align-center\"><strong>For the tenant<\/strong><\/h2>\n\n\n\n<div style=\"height:20px\" aria-hidden=\"true\" class=\"wp-block-spacer\"><\/div>\n\n\n\n<h3 class=\"wp-block-heading has-text-align-center\"><strong>Manual booking<\/strong><\/h3>\n\n\n<div class=\"wp-block-image\">\n<figure class=\"aligncenter size-full is-resized\"><img decoding=\"async\" src=\"https:\/\/staging8.dev.gibbs.no\/wp-content\/uploads\/2023\/10\/leietaker-steps.png\" alt=\"\" class=\"wp-image-16625\" style=\"width:300px\" width=\"300\" srcset=\"https:\/\/staging8.dev.gibbs.no\/wp-content\/uploads\/2023\/10\/leietaker-steps.png 629w, https:\/\/staging8.dev.gibbs.no\/wp-content\/uploads\/2023\/10\/leietaker-steps-213x300.png 213w, https:\/\/staging8.dev.gibbs.no\/wp-content\/uploads\/2023\/10\/leietaker-steps-9x12.png 9w, https:\/\/staging8.dev.gibbs.no\/wp-content\/uploads\/2023\/10\/leietaker-steps-419x590.png 419w, https:\/\/staging8.dev.gibbs.no\/wp-content\/uploads\/2023\/10\/leietaker-steps-476x670.png 476w, https:\/\/staging8.dev.gibbs.no\/wp-content\/uploads\/2023\/10\/leietaker-steps-577x813.png 577w, https:\/\/staging8.dev.gibbs.no\/wp-content\/uploads\/2023\/10\/leietaker-steps-600x845.png 600w\" sizes=\"(max-width: 629px) 100vw, 629px\" \/><\/figure>\n<\/div>\n\n\n<p class=\"has-black-color has-text-color\">1. Send request can be a bit complicated for many. What should you start writing?<br>Let&#039;s start with this averaging <strong>2 min<\/strong> <\/p>\n\n\n\n<p class=\"has-black-color has-text-color\">2. Dialogue can quickly take many hours, and up to several days, if you include waiting time (not everyone likes to answer inquiries at the weekend). It can also lead to losing customers, since you don&#039;t have time to respond quickly enough. <br>We provide it <strong>10 min<\/strong> work and 3 hours waiting time<\/p>\n\n\n\n<p class=\"has-black-color has-text-color\">3. Contract signing often takes place by the tenant having to meet the landlord physically, or print out a contract sent by email, sign it, then scan and send it back. <br>Let&#039;s say it takes on average<strong> 10 min<\/strong><\/p>\n\n\n\n<p class=\"has-black-color has-text-color\">4. Collecting the key can be difficult, but it varies from place to place. Let&#039;s say on average it takes <strong>5 min<\/strong>. Sometimes you have to wait for the person who delivers the key, so not much time, but more frustration 5 min waiting time<\/p>\n\n\n\n<p class=\"has-black-color has-text-color\">5. Return of key. Let&#039;s say on average it takes <strong>5 min<\/strong>. Sometimes you have to wait here and, say, a 5 minute wait<\/p>\n\n\n\n<p class=\"has-black-color has-text-color\">6. Payment of invoice <strong>5 min<\/strong><\/p>\n\n\n\n<h3 class=\"wp-block-heading has-text-align-center\"><strong>Gibbs booking<\/strong><\/h3>\n\n\n<div class=\"wp-block-image\">\n<figure class=\"aligncenter size-full is-resized\"><img decoding=\"async\" src=\"https:\/\/staging8.dev.gibbs.no\/wp-content\/uploads\/2023\/10\/leietaker-steps-automatiskv2.png\" alt=\"\" class=\"wp-image-16652\" style=\"width:300px\" width=\"300\" srcset=\"https:\/\/staging8.dev.gibbs.no\/wp-content\/uploads\/2023\/10\/leietaker-steps-automatiskv2.png 628w, https:\/\/staging8.dev.gibbs.no\/wp-content\/uploads\/2023\/10\/leietaker-steps-automatiskv2-300x209.png 300w, https:\/\/staging8.dev.gibbs.no\/wp-content\/uploads\/2023\/10\/leietaker-steps-automatiskv2-18x12.png 18w, https:\/\/staging8.dev.gibbs.no\/wp-content\/uploads\/2023\/10\/leietaker-steps-automatiskv2-590x411.png 590w, https:\/\/staging8.dev.gibbs.no\/wp-content\/uploads\/2023\/10\/leietaker-steps-automatiskv2-577x402.png 577w, https:\/\/staging8.dev.gibbs.no\/wp-content\/uploads\/2023\/10\/leietaker-steps-automatiskv2-600x418.png 600w\" sizes=\"(max-width: 628px) 100vw, 628px\" \/><\/figure>\n<\/div>\n\n\n<p class=\"has-black-color has-text-color\">1. Book by selecting an available date. This takes approx <strong>1 min<\/strong><\/p>\n\n\n\n<p class=\"has-black-color has-text-color\">2. Pay with vipps, visa or mastercard. The first time it takes approx <strong>2 min<\/strong>, but the second time you remember gibbs \ud83d\ude42 <\/p>\n\n\n\n<p class=\"has-black-color has-text-color\">3. You will receive the access code by SMS, and it will take over <strong>1 min<\/strong> to enter the code<\/p>\n\n\n\n<div style=\"height:20px\" aria-hidden=\"true\" class=\"wp-block-spacer\"><\/div>\n\n\n\n<div class=\"wp-block-columns is-not-stacked-on-mobile is-layout-flex wp-container-core-columns-is-layout-9d6595d7 wp-block-columns-is-layout-flex\">\n<div class=\"wp-block-column is-layout-flow wp-block-column-is-layout-flow\">\n<div class=\"wp-block-group has-black-color has-text-color\"><div class=\"wp-block-group__inner-container is-layout-constrained wp-block-group-is-layout-constrained\">\n<p class=\"has-text-align-center has-medium-font-size\"><strong>Gibbs booking<\/strong><\/p>\n\n\n\n<p class=\"has-text-align-center has-medium-font-size\"><strong>4 min<\/strong> work<\/p>\n\n\n\n<p class=\"has-text-align-center has-medium-font-size\"><strong>0 min<\/strong> waiting time<\/p>\n<\/div><\/div>\n<\/div>\n\n\n\n<div class=\"wp-block-column is-layout-flow wp-block-column-is-layout-flow\">\n<div class=\"wp-block-group has-black-color has-text-color\"><div class=\"wp-block-group__inner-container is-layout-constrained wp-block-group-is-layout-constrained\">\n<p class=\"has-text-align-center has-medium-font-size\"><strong>Manual booking<\/strong><\/p>\n\n\n\n<p class=\"has-text-align-center has-medium-font-size\"><strong>37 min<\/strong> work<\/p>\n\n\n\n<p class=\"has-text-align-center has-medium-font-size\"><strong>3.1 hours<\/strong> waiting time<\/p>\n<\/div><\/div>\n<\/div>\n<\/div>\n<\/div><\/div>\n<\/div><\/div>\n\n\n\n<div class=\"wp-block-uagb-container uagb-block-5fef5f48 alignfull uagb-is-root-container\"><div class=\"uagb-container-inner-blocks-wrap\">\n<div style=\"height:40px\" aria-hidden=\"true\" class=\"wp-block-spacer\"><\/div>\n\n\n\n<p class=\"has-text-align-center has-medium-font-size\"><em>Manual time savings are based on average bookings. If you do an experiment and measure all the time spent on all the details, then more time goes by than you would think \ud83d\ude42 <\/em><\/p>\n<\/div><\/div>","protected":false},"excerpt":{"rendered":"<p>For utleier Manuell booking 1. Motta foresp\u00f8rsel. M\u00e5 kanskje svare p\u00e5 noe sp\u00f8rsm\u00e5l? La oss starte med at dette tar i snitt 3 min 2. Sjekke tilgjengelighet, kan fort ta litt tid, spesielt om det er flere administratorer som tar imot foresp\u00f8rsler, men har man en google eller annen digital kalender s\u00e5 er det ikke [&hellip;]<\/p>","protected":false},"author":1,"featured_media":0,"parent":0,"menu_order":0,"comment_status":"closed","ping_status":"closed","template":"","meta":{"content-type":"","inline_featured_image":false,"_uag_custom_page_level_css":"","footnotes":""},"class_list":["post-16566","page","type-page","status-publish","hentry"],"yoast_head":"<!-- This site is optimized with the Yoast SEO plugin v20.8 - https:\/\/yoast.com\/wordpress\/plugins\/seo\/ -->\n<title>Tidsbesparelse - Gibbs.no - Bookingsystem<\/title>\n<meta name=\"robots\" content=\"noindex, follow, max-snippet:-1, max-image-preview:large, max-video-preview:-1\" \/>\n<meta property=\"og:locale\" content=\"en_US\" \/>\n<meta property=\"og:type\" content=\"article\" \/>\n<meta property=\"og:title\" content=\"Tidsbesparelse - Gibbs.no - Bookingsystem\" \/>\n<meta property=\"og:description\" content=\"For utleier Manuell booking 1. Motta foresp\u00f8rsel. M\u00e5 kanskje svare p\u00e5 noe sp\u00f8rsm\u00e5l? La oss starte med at dette tar i snitt 3 min 2. Sjekke tilgjengelighet, kan fort ta litt tid, spesielt om det er flere administratorer som tar imot foresp\u00f8rsler, men har man en google eller annen digital kalender s\u00e5 er det ikke [&hellip;]\" \/>\n<meta property=\"og:url\" content=\"https:\/\/staging8.dev.gibbs.no\/en\/tidsbesparelse\/\" \/>\n<meta property=\"og:site_name\" content=\"Gibbs.no - Bookingsystem\" \/>\n<meta property=\"article:publisher\" content=\"https:\/\/www.facebook.com\/GibbsNorge\" \/>\n<meta property=\"article:modified_time\" content=\"2023-10-05T23:34:48+00:00\" \/>\n<meta property=\"og:image\" content=\"https:\/\/staging8.dev.gibbs.no\/wp-content\/uploads\/2023\/10\/utleie-manuel-steps-488x1024.png\" \/>\n<meta name=\"twitter:card\" content=\"summary_large_image\" \/>\n<meta name=\"twitter:label1\" content=\"Est. reading time\" \/>\n\t<meta name=\"twitter:data1\" content=\"3 minutes\" \/>\n<script type=\"application\/ld+json\" class=\"yoast-schema-graph\">{\"@context\":\"https:\/\/schema.org\",\"@graph\":[{\"@type\":\"WebPage\",\"@id\":\"https:\/\/staging8.dev.gibbs.no\/tidsbesparelse\/\",\"url\":\"https:\/\/staging8.dev.gibbs.no\/tidsbesparelse\/\",\"name\":\"Tidsbesparelse - Gibbs.no - Bookingsystem\",\"isPartOf\":{\"@id\":\"https:\/\/staging8.dev.gibbs.no\/#website\"},\"datePublished\":\"2023-10-05T16:37:04+00:00\",\"dateModified\":\"2023-10-05T23:34:48+00:00\",\"breadcrumb\":{\"@id\":\"https:\/\/staging8.dev.gibbs.no\/tidsbesparelse\/#breadcrumb\"},\"inLanguage\":\"en-US\",\"potentialAction\":[{\"@type\":\"ReadAction\",\"target\":[\"https:\/\/staging8.dev.gibbs.no\/tidsbesparelse\/\"]}]},{\"@type\":\"BreadcrumbList\",\"@id\":\"https:\/\/staging8.dev.gibbs.no\/tidsbesparelse\/#breadcrumb\",\"itemListElement\":[{\"@type\":\"ListItem\",\"position\":1,\"name\":\"Home\",\"item\":\"https:\/\/staging8.dev.gibbs.no\/\"},{\"@type\":\"ListItem\",\"position\":2,\"name\":\"Tidsbesparelse\"}]},{\"@type\":\"WebSite\",\"@id\":\"https:\/\/staging8.dev.gibbs.no\/#website\",\"url\":\"https:\/\/staging8.dev.gibbs.no\/\",\"name\":\"Gibbs.no\",\"description\":\"Bookingsystem - 1.Book 2.Betal 3.\u00c5pne\",\"publisher\":{\"@id\":\"https:\/\/staging8.dev.gibbs.no\/#organization\"},\"potentialAction\":[{\"@type\":\"SearchAction\",\"target\":{\"@type\":\"EntryPoint\",\"urlTemplate\":\"https:\/\/staging8.dev.gibbs.no\/?s={search_term_string}\"},\"query-input\":\"required name=search_term_string\"}],\"inLanguage\":\"en-US\"},{\"@type\":\"Organization\",\"@id\":\"https:\/\/staging8.dev.gibbs.no\/#organization\",\"name\":\"Gibbs AS\",\"url\":\"https:\/\/staging8.dev.gibbs.no\/\",\"logo\":{\"@type\":\"ImageObject\",\"inLanguage\":\"en-US\",\"@id\":\"https:\/\/staging8.dev.gibbs.no\/#\/schema\/logo\/image\/\",\"url\":\"https:\/\/staging8.dev.gibbs.no\/wp-content\/uploads\/2023\/11\/Gibbs-bookingsystem-logo.png\",\"contentUrl\":\"https:\/\/staging8.dev.gibbs.no\/wp-content\/uploads\/2023\/11\/Gibbs-bookingsystem-logo.png\",\"width\":696,\"height\":696,\"caption\":\"Gibbs AS\"},\"image\":{\"@id\":\"https:\/\/staging8.dev.gibbs.no\/#\/schema\/logo\/image\/\"},\"sameAs\":[\"https:\/\/www.facebook.com\/GibbsNorge\",\"https:\/\/www.linkedin.com\/company\/gibbsnorge\"]}]}<\/script>\n<!-- \/ Yoast SEO plugin. -->","yoast_head_json":{"title":"Tidsbesparelse - Gibbs.no - Bookingsystem","robots":{"index":"noindex","follow":"follow","max-snippet":"max-snippet:-1","max-image-preview":"max-image-preview:large","max-video-preview":"max-video-preview:-1"},"og_locale":"en_US","og_type":"article","og_title":"Tidsbesparelse - Gibbs.no - Bookingsystem","og_description":"For utleier Manuell booking 1. Motta foresp\u00f8rsel. M\u00e5 kanskje svare p\u00e5 noe sp\u00f8rsm\u00e5l? La oss starte med at dette tar i snitt 3 min 2. Sjekke tilgjengelighet, kan fort ta litt tid, spesielt om det er flere administratorer som tar imot foresp\u00f8rsler, men har man en google eller annen digital kalender s\u00e5 er det ikke [&hellip;]","og_url":"https:\/\/staging8.dev.gibbs.no\/en\/tidsbesparelse\/","og_site_name":"Gibbs.no - Bookingsystem","article_publisher":"https:\/\/www.facebook.com\/GibbsNorge","article_modified_time":"2023-10-05T23:34:48+00:00","og_image":[{"url":"https:\/\/staging8.dev.gibbs.no\/wp-content\/uploads\/2023\/10\/utleie-manuel-steps-488x1024.png"}],"twitter_card":"summary_large_image","twitter_misc":{"Est. reading time":"3 minutes"},"schema":{"@context":"https:\/\/schema.org","@graph":[{"@type":"WebPage","@id":"https:\/\/staging8.dev.gibbs.no\/tidsbesparelse\/","url":"https:\/\/staging8.dev.gibbs.no\/tidsbesparelse\/","name":"Tidsbesparelse - Gibbs.no - Bookingsystem","isPartOf":{"@id":"https:\/\/staging8.dev.gibbs.no\/#website"},"datePublished":"2023-10-05T16:37:04+00:00","dateModified":"2023-10-05T23:34:48+00:00","breadcrumb":{"@id":"https:\/\/staging8.dev.gibbs.no\/tidsbesparelse\/#breadcrumb"},"inLanguage":"en-US","potentialAction":[{"@type":"ReadAction","target":["https:\/\/staging8.dev.gibbs.no\/tidsbesparelse\/"]}]},{"@type":"BreadcrumbList","@id":"https:\/\/staging8.dev.gibbs.no\/tidsbesparelse\/#breadcrumb","itemListElement":[{"@type":"ListItem","position":1,"name":"Home","item":"https:\/\/staging8.dev.gibbs.no\/"},{"@type":"ListItem","position":2,"name":"Tidsbesparelse"}]},{"@type":"WebSite","@id":"https:\/\/staging8.dev.gibbs.no\/#website","url":"https:\/\/staging8.dev.gibbs.no\/","name":"Gibbs.no","description":"Bookingsystem - 1.Book 2.Betal 3.\u00c5pne","publisher":{"@id":"https:\/\/staging8.dev.gibbs.no\/#organization"},"potentialAction":[{"@type":"SearchAction","target":{"@type":"EntryPoint","urlTemplate":"https:\/\/staging8.dev.gibbs.no\/?s={search_term_string}"},"query-input":"required name=search_term_string"}],"inLanguage":"en-US"},{"@type":"Organization","@id":"https:\/\/staging8.dev.gibbs.no\/#organization","name":"Gibbs AS","url":"https:\/\/staging8.dev.gibbs.no\/","logo":{"@type":"ImageObject","inLanguage":"en-US","@id":"https:\/\/staging8.dev.gibbs.no\/#\/schema\/logo\/image\/","url":"https:\/\/staging8.dev.gibbs.no\/wp-content\/uploads\/2023\/11\/Gibbs-bookingsystem-logo.png","contentUrl":"https:\/\/staging8.dev.gibbs.no\/wp-content\/uploads\/2023\/11\/Gibbs-bookingsystem-logo.png","width":696,"height":696,"caption":"Gibbs AS"},"image":{"@id":"https:\/\/staging8.dev.gibbs.no\/#\/schema\/logo\/image\/"},"sameAs":["https:\/\/www.facebook.com\/GibbsNorge","https:\/\/www.linkedin.com\/company\/gibbsnorge"]}]}},"uagb_featured_image_src":{"full":false,"thumbnail":false,"medium":false,"medium_large":false,"large":false,"1536x1536":false,"2048x2048":false,"trp-custom-language-flag":false,"post-thumbnail":false,"listeo-avatar":false,"listeo-blog-post":false,"listeo-blog-related-post":false,"listeo-post-thumb":false,"listeo-gallery":false,"listeo-listing-grid":false,"listeo_core-avatar":false,"listeo_core-preview":false,"woocommerce_thumbnail":false,"woocommerce_single":false,"woocommerce_gallery_thumbnail":false},"uagb_author_info":{"display_name":"Gibbs","author_link":"https:\/\/staging8.dev.gibbs.no\/en\/author\/kamil-gryga94gmail-com\/"},"uagb_comment_info":0,"uagb_excerpt":"For utleier Manuell booking 1. Motta foresp\u00f8rsel. M\u00e5 kanskje svare p\u00e5 noe sp\u00f8rsm\u00e5l? La oss starte med at dette tar i snitt 3 min 2. Sjekke tilgjengelighet, kan fort ta litt tid, spesielt om det er flere administratorer som tar imot foresp\u00f8rsler, men har man en google eller annen digital kalender s\u00e5 er det ikke&hellip;","_links":{"self":[{"href":"https:\/\/staging8.dev.gibbs.no\/en\/wp-json\/wp\/v2\/pages\/16566","targetHints":{"allow":["GET"]}}],"collection":[{"href":"https:\/\/staging8.dev.gibbs.no\/en\/wp-json\/wp\/v2\/pages"}],"about":[{"href":"https:\/\/staging8.dev.gibbs.no\/en\/wp-json\/wp\/v2\/types\/page"}],"author":[{"embeddable":true,"href":"https:\/\/staging8.dev.gibbs.no\/en\/wp-json\/wp\/v2\/users\/1"}],"replies":[{"embeddable":true,"href":"https:\/\/staging8.dev.gibbs.no\/en\/wp-json\/wp\/v2\/comments?post=16566"}],"version-history":[{"count":48,"href":"https:\/\/staging8.dev.gibbs.no\/en\/wp-json\/wp\/v2\/pages\/16566\/revisions"}],"predecessor-version":[{"id":16768,"href":"https:\/\/staging8.dev.gibbs.no\/en\/wp-json\/wp\/v2\/pages\/16566\/revisions\/16768"}],"wp:attachment":[{"href":"https:\/\/staging8.dev.gibbs.no\/en\/wp-json\/wp\/v2\/media?parent=16566"}],"curies":[{"name":"wp","href":"https:\/\/api.w.org\/{rel}","templated":true}]}}