{"id":15977,"date":"2023-10-02T18:52:26","date_gmt":"2023-10-02T16:52:26","guid":{"rendered":"https:\/\/staging8.dev.gibbs.no\/?page_id=15977"},"modified":"2024-06-21T13:28:35","modified_gmt":"2024-06-21T11:28:35","slug":"om-oss","status":"publish","type":"page","link":"https:\/\/staging8.dev.gibbs.no\/en\/om-oss\/","title":{"rendered":"About us"},"content":{"rendered":"<div class=\"wp-block-group green_background_image\"><div class=\"wp-block-group__inner-container is-layout-constrained wp-block-group-is-layout-constrained\">\n<h1 class=\"wp-block-heading has-text-align-center has-x-large-font-size\"><strong>About us<\/strong><\/h1>\n\n\n\n<p class=\"has-text-align-center has-medium-font-size\"><strong>Together we can create something greater than we could ever achieve alone<\/strong><\/p>\n<\/div><\/div>\n\n\n\n<div style=\"height:30px\" aria-hidden=\"true\" class=\"wp-block-spacer\"><\/div>\n\n\n\n<div class=\"wp-block-uagb-container uagb-block-4e239f21 alignfull uagb-is-root-container\"><div class=\"uagb-container-inner-blocks-wrap\">\n<div class=\"wp-block-columns has-white-background-color has-background is-layout-flex wp-container-core-columns-is-layout-9d6595d7 wp-block-columns-is-layout-flex\">\n<div class=\"wp-block-column is-layout-flow wp-block-column-is-layout-flow\" style=\"flex-basis:100%\">\n<p><strong>Who are we?<\/strong><\/p>\n\n\n\n<p>Gibbs AS is your partner in shaping the future of rental. We are driven by a passion to make renting as easy and seamless as possible using automated solutions that provide full control and efficiency. Welcome to the new standard for renting with Gibbs, where your customers can easily book, pay and get keyless access.<\/p>\n\n\n\n<p><strong>Our expertise:<\/strong><\/p>\n\n\n\n<p>Gibbs AS is a dedicated team of specialists who are passionate about automating rental processes. Our passion lies in making renting as seamless and efficient as possible. With our advanced booking system solution, we give you full control over your rental properties. We go even further by offering specially developed automation solutions to simplify routine tasks using digital technology.<\/p>\n\n\n\n<p>We have developed an algorithm-driven scheduler for schools and season booking solution that provides significant benefits for municipalities and sports councils. This tool helps you assign training times automatically and is designed to reduce time spent with the entire 95%. You can easily let the algorithm do the work for you, and the result is both accurate and fair for all parties involved.<\/p>\n\n\n\n<p><strong>Meet our team:<\/strong><\/p>\n\n\n\n<p>We are proud of our competent team who work hard to realize our ambitions. Our team consists of dedicated professionals with varied backgrounds and expertise in IT, technology and customer service. We believe in bringing together different talents to achieve innovative solutions that simplify renting for you.<\/p>\n\n\n\n<p>For larger projects or very demanding deadlines, Gibbs AS has the opportunity to use the Scott group, which is ISO 9001 certified and has as many as 30 developers with knowledge of Gibbs&#039; technical architecture at its disposal.<\/p>\n\n\n\n<p><strong>Join the future of rental:<\/strong><\/p>\n\n\n\n<p>With Gibbs AS you can:<\/p>\n\n\n\n<ul class=\"wp-block-list\">\n<li><strong>Automate Bookings:<\/strong> Save time and resources by letting our system handle all bookings automatically.<\/li>\n\n\n\n<li><strong>Simple Payment:<\/strong> Let customers pay quickly and securely online.<\/li>\n\n\n\n<li><strong>Keyless Access:<\/strong> Your guests receive unique access codes that give them trouble-free entry.<\/li>\n<\/ul>\n\n\n\n<p>Together, let&#039;s shape the future of renting by making the whole process easier, more efficient and more profitable. Save time and worries with the Gibbs booking system. <\/p>\n\n\n\n<p>Contact us today to get started!<\/p>\n<\/div>\n<\/div>\n<\/div><\/div>\n\n\n\n<div class=\"wp-block-uagb-container uagb-block-ccb96193 alignfull uagb-is-root-container\"><div class=\"uagb-container-inner-blocks-wrap\">\n<h2 class=\"wp-block-heading has-text-align-center\"><strong>The team<\/strong><\/h2>\n\n\n\n<div class=\"wp-block-columns is-layout-flex wp-container-core-columns-is-layout-9d6595d7 wp-block-columns-is-layout-flex\">\n<div class=\"wp-block-column shadow-background is-layout-flow wp-block-column-is-layout-flow\"><div class=\"wp-block-image is-style-rounded background_shadow\">\n<figure class=\"aligncenter size-thumbnail\"><img loading=\"lazy\" decoding=\"async\" width=\"150\" height=\"150\" src=\"https:\/\/staging8.dev.gibbs.no\/wp-content\/uploads\/2023\/10\/kamil-300x300-1-150x150.webp\" alt=\"\" class=\"wp-image-15993\" srcset=\"https:\/\/staging8.dev.gibbs.no\/wp-content\/uploads\/2023\/10\/kamil-300x300-1-150x150.webp 150w, https:\/\/staging8.dev.gibbs.no\/wp-content\/uploads\/2023\/10\/kamil-300x300-1-12x12.webp 12w, https:\/\/staging8.dev.gibbs.no\/wp-content\/uploads\/2023\/10\/kamil-300x300-1-200x200.webp 200w, https:\/\/staging8.dev.gibbs.no\/wp-content\/uploads\/2023\/10\/kamil-300x300-1-100x100.webp 100w, https:\/\/staging8.dev.gibbs.no\/wp-content\/uploads\/2023\/10\/kamil-300x300-1.webp 300w\" sizes=\"auto, (max-width: 150px) 100vw, 150px\" \/><\/figure>\n<\/div>\n\n\n<h3 class=\"wp-block-heading has-text-align-center\">Kamil Gryga<\/h3>\n\n\n\n<p class=\"has-text-align-center padding_sides_30\">Managing director and co-founder of Gibbs AS. System architect and UX designer with six years&#039; experience in the IT sector. Has led interdisciplinary and multicultural teams, combined new IT technology with existing systems and designed systems to meet customer specifications. Bachelor&#039;s degree in innovation and project management from \u00d8stfold University College<\/p>\n<\/div>\n\n\n\n<div class=\"wp-block-column shadow-background is-layout-flow wp-block-column-is-layout-flow\"><div class=\"wp-block-image is-style-rounded\">\n<figure class=\"aligncenter size-thumbnail\"><img loading=\"lazy\" decoding=\"async\" width=\"150\" height=\"150\" src=\"https:\/\/staging8.dev.gibbs.no\/wp-content\/uploads\/2023\/10\/abdi-150x150.webp\" alt=\"\" class=\"wp-image-15992\" srcset=\"https:\/\/staging8.dev.gibbs.no\/wp-content\/uploads\/2023\/10\/abdi-150x150.webp 150w, https:\/\/staging8.dev.gibbs.no\/wp-content\/uploads\/2023\/10\/abdi-12x12.webp 12w, https:\/\/staging8.dev.gibbs.no\/wp-content\/uploads\/2023\/10\/abdi-100x100.webp 100w\" sizes=\"auto, (max-width: 150px) 100vw, 150px\" \/><\/figure>\n<\/div>\n\n\n<h3 class=\"wp-block-heading has-text-align-center\">Abdi Yusuf<\/h3>\n\n\n\n<p class=\"has-text-align-center padding_sides_30\">Responsibility for business development, customers, partnerships. Holds a bachelor&#039;s degree in innovation and management from \u00d8stfold University College. Experience as project manager for the development of a festival solution for Opera \u00d8stfold. As well as development of a complex project involving 3 municipalities where we have developed the unique solution Gibbs season booking algorithm<\/p>\n<\/div>\n<\/div>\n\n\n\n<div class=\"wp-block-columns is-layout-flex wp-container-core-columns-is-layout-9d6595d7 wp-block-columns-is-layout-flex\">\n<div class=\"wp-block-column shadow-background is-layout-flow wp-block-column-is-layout-flow\"><div class=\"wp-block-image is-style-rounded background_shadow\">\n<figure class=\"aligncenter size-thumbnail\"><img loading=\"lazy\" decoding=\"async\" width=\"150\" height=\"150\" src=\"https:\/\/staging8.dev.gibbs.no\/wp-content\/uploads\/2023\/11\/trond-150x150.png\" alt=\"\" class=\"wp-image-19435\" srcset=\"https:\/\/staging8.dev.gibbs.no\/wp-content\/uploads\/2023\/11\/trond-150x150.png 150w, https:\/\/staging8.dev.gibbs.no\/wp-content\/uploads\/2023\/11\/trond-13x12.png 13w, https:\/\/staging8.dev.gibbs.no\/wp-content\/uploads\/2023\/11\/trond-200x200.png 200w, https:\/\/staging8.dev.gibbs.no\/wp-content\/uploads\/2023\/11\/trond-300x300.png 300w, https:\/\/staging8.dev.gibbs.no\/wp-content\/uploads\/2023\/11\/trond-100x100.png 100w\" sizes=\"auto, (max-width: 150px) 100vw, 150px\" \/><\/figure>\n<\/div>\n\n\n<h3 class=\"wp-block-heading has-text-align-center\">Trond Aaslid<\/h3>\n\n\n\n<p class=\"has-text-align-center padding_sides_30\">Has a bachelor&#039;s degree in mechanical engineering and economics, and is the founder and owner of Megahjul. He has acquired several ISO certifications from Scott Safe Consulting and is an Odoo partner. As a strategy and IT architect, he delivers IT services to offshore companies that are looking for usable spare parts for the shipping and oil sectors. He is also a researcher on tire types and has developed a unique tire and rim configurator, as well as his own world-class tire and rim profiles for electric cars that have often become test winners.<\/p>\n<\/div>\n\n\n\n<div class=\"wp-block-column shadow-background is-layout-flow wp-block-column-is-layout-flow\"><div class=\"wp-block-image is-style-rounded\">\n<figure class=\"aligncenter size-thumbnail\"><img loading=\"lazy\" decoding=\"async\" width=\"150\" height=\"150\" src=\"https:\/\/staging8.dev.gibbs.no\/wp-content\/uploads\/2023\/10\/tor_arne-150x150.webp\" alt=\"\" class=\"wp-image-15990\" srcset=\"https:\/\/staging8.dev.gibbs.no\/wp-content\/uploads\/2023\/10\/tor_arne-150x150.webp 150w, https:\/\/staging8.dev.gibbs.no\/wp-content\/uploads\/2023\/10\/tor_arne-12x12.webp 12w, https:\/\/staging8.dev.gibbs.no\/wp-content\/uploads\/2023\/10\/tor_arne-100x100.webp 100w\" sizes=\"auto, (max-width: 150px) 100vw, 150px\" \/><\/figure>\n<\/div>\n\n\n<h3 class=\"wp-block-heading has-text-align-center\">Tor Arne Moxheim<\/h3>\n\n\n\n<p class=\"has-text-align-center padding_sides_30\">Co-founder of Gibbs AS since 2021 with responsibility for strategy, investor relations, partnerships and business development.<br>Background as a university lecturer from the business schools at USN and Innlandet University College and the IT department at \u00d8stfold University College.<br>Special field is social economy together with information economy and digital markets.<br>Civil economist from NHH with experience as purchasing manager from national and international food companies<\/p>\n<\/div>\n<\/div>\n\n\n\n<div class=\"wp-block-columns is-layout-flex wp-container-core-columns-is-layout-9d6595d7 wp-block-columns-is-layout-flex\">\n<div class=\"wp-block-column shadow-background is-layout-flow wp-block-column-is-layout-flow\"><div class=\"wp-block-image is-style-rounded background_shadow\">\n<figure class=\"aligncenter size-thumbnail\"><img loading=\"lazy\" decoding=\"async\" width=\"150\" height=\"150\" src=\"https:\/\/staging8.dev.gibbs.no\/wp-content\/uploads\/2023\/10\/geir-150x150.jpeg\" alt=\"\" class=\"wp-image-16017\" srcset=\"https:\/\/staging8.dev.gibbs.no\/wp-content\/uploads\/2023\/10\/geir-150x150.jpeg 150w, https:\/\/staging8.dev.gibbs.no\/wp-content\/uploads\/2023\/10\/geir-300x300.jpeg 300w, https:\/\/staging8.dev.gibbs.no\/wp-content\/uploads\/2023\/10\/geir-768x768.jpeg 768w, https:\/\/staging8.dev.gibbs.no\/wp-content\/uploads\/2023\/10\/geir-12x12.jpeg 12w, https:\/\/staging8.dev.gibbs.no\/wp-content\/uploads\/2023\/10\/geir-590x590.jpeg 590w, https:\/\/staging8.dev.gibbs.no\/wp-content\/uploads\/2023\/10\/geir-670x670.jpeg 670w, https:\/\/staging8.dev.gibbs.no\/wp-content\/uploads\/2023\/10\/geir-577x577.jpeg 577w, https:\/\/staging8.dev.gibbs.no\/wp-content\/uploads\/2023\/10\/geir-200x200.jpeg 200w, https:\/\/staging8.dev.gibbs.no\/wp-content\/uploads\/2023\/10\/geir-600x600.jpeg 600w, https:\/\/staging8.dev.gibbs.no\/wp-content\/uploads\/2023\/10\/geir-100x100.jpeg 100w, https:\/\/staging8.dev.gibbs.no\/wp-content\/uploads\/2023\/10\/geir.jpeg 800w\" sizes=\"auto, (max-width: 150px) 100vw, 150px\" \/><\/figure>\n<\/div>\n\n\n<h3 class=\"wp-block-heading has-text-align-center\">Geir Vidar Kristensen<\/h3>\n\n\n\n<p class=\"has-text-align-center padding_sides_30\">Frontend- og serversideutvikler. Sivilingeni\u00f8r i datateknikk fra NTNU. Besitter omfattende erfaring fra en lang karriere hos blant annet Norsk Tipping, Telenor og Tribia. Lagde brukergrensesnittet til de fleste av Norsk Tippings spill da disse f\u00f8rst ble gjort tilgjengelig via internett. Pioner innen bruk av Ajax, single-page apps og objektorientert Javascript, lenge f\u00f8r dette ble industristandard. Ekspert p\u00e5 bruk av canvas til grafikk i nettleseren. Bidro til utvikling og vedlikehold av telenor.no. Ansvarlig for implementasjon av webanalyse ved hjelp av Tealium. Bidro til utvikling og vedlikehold av Interaxo, Tribias verkt\u00f8y for samhandling i byggeprosjekter. Har utviklet programvare for administrasjon av minilager for Gibbs.<\/p>\n<\/div>\n\n\n\n<div class=\"wp-block-column shadow-background is-layout-flow wp-block-column-is-layout-flow\"><div class=\"wp-block-image is-style-rounded\">\n<figure class=\"aligncenter size-thumbnail\"><img loading=\"lazy\" decoding=\"async\" width=\"150\" height=\"150\" src=\"https:\/\/staging8.dev.gibbs.no\/wp-content\/uploads\/2023\/10\/ahmed-150x150.webp\" alt=\"\" class=\"wp-image-15988\" srcset=\"https:\/\/staging8.dev.gibbs.no\/wp-content\/uploads\/2023\/10\/ahmed-150x150.webp 150w, https:\/\/staging8.dev.gibbs.no\/wp-content\/uploads\/2023\/10\/ahmed-12x12.webp 12w, https:\/\/staging8.dev.gibbs.no\/wp-content\/uploads\/2023\/10\/ahmed-200x200.webp 200w, https:\/\/staging8.dev.gibbs.no\/wp-content\/uploads\/2023\/10\/ahmed-100x100.webp 100w, https:\/\/staging8.dev.gibbs.no\/wp-content\/uploads\/2023\/10\/ahmed.webp 300w\" sizes=\"auto, (max-width: 150px) 100vw, 150px\" \/><\/figure>\n<\/div>\n\n\n<h3 class=\"wp-block-heading has-text-align-center\">Ahmed Aboughonim<\/h3>\n\n\n\n<p class=\"has-text-align-center padding_sides_30\">Algorithm specialist and full-stack developer. Ahmed has a doctorate in information and communication technology from the University of Agder, and a master&#039;s degree in system dynamics from the University of Bergen. Ahmed has built mathematical and statistical models, algorithms and software. He has also worked as a researcher at the University of Agder and developed a System Dynamics simulation model for the Resilience Maturity Model. Ahmed has also worked as an ICT consultant at GISNOR, where he automated business processes and built an online presence for organisations.<\/p>\n<\/div>\n<\/div>\n\n\n\n<div class=\"wp-block-columns is-layout-flex wp-container-core-columns-is-layout-9d6595d7 wp-block-columns-is-layout-flex\">\n<div class=\"wp-block-column shadow-background is-layout-flow wp-block-column-is-layout-flow\"><div class=\"wp-block-image is-style-rounded background_shadow\">\n<figure class=\"aligncenter size-thumbnail\"><img loading=\"lazy\" decoding=\"async\" width=\"150\" height=\"150\" src=\"https:\/\/staging8.dev.gibbs.no\/wp-content\/uploads\/2023\/10\/sunil-150x150.webp\" alt=\"\" class=\"wp-image-15989\" srcset=\"https:\/\/staging8.dev.gibbs.no\/wp-content\/uploads\/2023\/10\/sunil-150x150.webp 150w, https:\/\/staging8.dev.gibbs.no\/wp-content\/uploads\/2023\/10\/sunil-13x12.webp 13w, https:\/\/staging8.dev.gibbs.no\/wp-content\/uploads\/2023\/10\/sunil-100x100.webp 100w\" sizes=\"auto, (max-width: 150px) 100vw, 150px\" \/><\/figure>\n<\/div>\n\n\n<h3 class=\"wp-block-heading has-text-align-center\">Sunil Kumar<\/h3>\n\n\n\n<p class=\"has-text-align-center padding_sides_30\">Frontend developer with over 9 years of experience and a passion for responsive website design. He has been responsible for HTML, CSS and JavaScript code structures at Gibbs AS and implemented SASS and a new responsive approach at Gibbs.no. Previously he was a freelancer working with web development, web design and app development. He has a Master&#039;s degree in computer programming and a Bachelor&#039;s degree in web development and programming from HP University.<\/p>\n<\/div>\n<\/div>\n<\/div><\/div>\n\n\n\n<div class=\"wp-block-uagb-container uagb-block-7f153481 alignfull uagb-is-root-container\"><div class=\"uagb-container-inner-blocks-wrap\">\n<div class=\"wp-block-group green_background\"><div class=\"wp-block-group__inner-container is-layout-constrained wp-block-group-is-layout-constrained\">\n<h2 class=\"wp-block-heading has-text-align-center\"><strong>Interested in joining the team?<\/strong><\/h2>\n\n\n\n<p class=\"has-text-align-center padding_sides_30\">Are you skilled, creative and full of passion? Then we would like to hear from you! Send us your application and become part of the team. We are looking for people who like to challenge today&#039;s solutions, work independently, leave no stone unturned. Join us on our adventure \u2013 we&#039;re excited to see what you can add!<\/p>\n\n\n\n<div class=\"wp-block-uagb-buttons uagb-buttons__outer-wrap uagb-btn__default-btn uagb-btn-tablet__default-btn uagb-btn-mobile__default-btn uagb-block-a34ca152\"><div class=\"uagb-buttons__wrap uagb-buttons-layout-wrap\">\n<div class=\"wp-block-uagb-buttons-child uagb-buttons__outer-wrap uagb-block-d2e46666 wp-block-button try_button\"><div class=\"uagb-button__wrapper\"><a class=\"uagb-buttons-repeater wp-block-button__link\" href=\"https:\/\/staging8.dev.gibbs.no\/en\/kontakt-oss\/\" onclick=\"return true;\" rel=\"follow noopener\" target=\"_self\"><div class=\"uagb-button__link\">Contact Us<\/div><\/a><\/div><\/div>\n<\/div><\/div>\n<\/div><\/div>\n<\/div><\/div>\n\n\n\n<div style=\"height:71px\" aria-hidden=\"true\" class=\"wp-block-spacer\"><\/div>\n\n\n\n<div class=\"wp-block-uagb-container uagb-block-0190bfcd alignfull uagb-is-root-container\"><div class=\"uagb-container-inner-blocks-wrap\">\n<div class=\"wp-block-group green_background\"><div class=\"wp-block-group__inner-container is-layout-constrained wp-block-group-is-layout-constrained\">\n<p style=\"text-transform:none\"><em>When you&#039;re doing something for yourself, or your best friend or family, you&#039;re not going to cheese out. If you don&#039;t love something, you&#039;re not going to go the extra mile, work the extra weekend, challenge the status quo as much<\/em>.<br><em>&nbsp;- Steve jobs<\/em><\/p>\n<\/div><\/div>\n<\/div><\/div>","protected":false},"excerpt":{"rendered":"<p>Om oss Sammen kan vi skape noe st\u00f8rre enn vi noen gang kunne oppn\u00e5 alene Hvem er vi? Gibbs AS er din partner for \u00e5 forme fremtiden av utleie. Vi er drevet av en lidenskap for \u00e5 gj\u00f8re utleie s\u00e5 enkelt og s\u00f8ml\u00f8st som mulig ved hjelp av automatiserte l\u00f8sninger som gir full kontroll og [&hellip;]<\/p>","protected":false},"author":1,"featured_media":0,"parent":0,"menu_order":0,"comment_status":"closed","ping_status":"closed","template":"","meta":{"content-type":"","inline_featured_image":false,"_uag_custom_page_level_css":"","footnotes":""},"class_list":["post-15977","page","type-page","status-publish","hentry"],"yoast_head":"<!-- This site is optimized with the Yoast SEO plugin v20.8 - https:\/\/yoast.com\/wordpress\/plugins\/seo\/ -->\n<title>Om oss - Gibbs.no - Bookingsystem<\/title>\n<meta name=\"robots\" content=\"noindex, follow, max-snippet:-1, max-image-preview:large, max-video-preview:-1\" \/>\n<meta property=\"og:locale\" content=\"en_US\" \/>\n<meta property=\"og:type\" content=\"article\" \/>\n<meta property=\"og:title\" content=\"Om oss - Gibbs.no - Bookingsystem\" \/>\n<meta property=\"og:description\" content=\"Om oss Sammen kan vi skape noe st\u00f8rre enn vi noen gang kunne oppn\u00e5 alene Hvem er vi? Gibbs AS er din partner for \u00e5 forme fremtiden av utleie. Vi er drevet av en lidenskap for \u00e5 gj\u00f8re utleie s\u00e5 enkelt og s\u00f8ml\u00f8st som mulig ved hjelp av automatiserte l\u00f8sninger som gir full kontroll og [&hellip;]\" \/>\n<meta property=\"og:url\" content=\"https:\/\/staging8.dev.gibbs.no\/en\/om-oss\/\" \/>\n<meta property=\"og:site_name\" content=\"Gibbs.no - Bookingsystem\" \/>\n<meta property=\"article:publisher\" content=\"https:\/\/www.facebook.com\/GibbsNorge\" \/>\n<meta property=\"article:modified_time\" content=\"2024-06-21T11:28:35+00:00\" \/>\n<meta property=\"og:image\" content=\"https:\/\/staging8.dev.gibbs.no\/wp-content\/uploads\/2023\/10\/kamil-300x300-1-150x150.webp\" \/>\n<meta name=\"twitter:card\" content=\"summary_large_image\" \/>\n<meta name=\"twitter:label1\" content=\"Est. reading time\" \/>\n\t<meta name=\"twitter:data1\" content=\"7 minutes\" \/>\n<script type=\"application\/ld+json\" class=\"yoast-schema-graph\">{\"@context\":\"https:\/\/schema.org\",\"@graph\":[{\"@type\":\"WebPage\",\"@id\":\"https:\/\/staging8.dev.gibbs.no\/om-oss\/\",\"url\":\"https:\/\/staging8.dev.gibbs.no\/om-oss\/\",\"name\":\"Om oss - Gibbs.no - Bookingsystem\",\"isPartOf\":{\"@id\":\"https:\/\/staging8.dev.gibbs.no\/#website\"},\"datePublished\":\"2023-10-02T16:52:26+00:00\",\"dateModified\":\"2024-06-21T11:28:35+00:00\",\"breadcrumb\":{\"@id\":\"https:\/\/staging8.dev.gibbs.no\/om-oss\/#breadcrumb\"},\"inLanguage\":\"en-US\",\"potentialAction\":[{\"@type\":\"ReadAction\",\"target\":[\"https:\/\/staging8.dev.gibbs.no\/om-oss\/\"]}]},{\"@type\":\"BreadcrumbList\",\"@id\":\"https:\/\/staging8.dev.gibbs.no\/om-oss\/#breadcrumb\",\"itemListElement\":[{\"@type\":\"ListItem\",\"position\":1,\"name\":\"Home\",\"item\":\"https:\/\/staging8.dev.gibbs.no\/\"},{\"@type\":\"ListItem\",\"position\":2,\"name\":\"Om oss\"}]},{\"@type\":\"WebSite\",\"@id\":\"https:\/\/staging8.dev.gibbs.no\/#website\",\"url\":\"https:\/\/staging8.dev.gibbs.no\/\",\"name\":\"Gibbs.no\",\"description\":\"Bookingsystem - 1.Book 2.Betal 3.\u00c5pne\",\"publisher\":{\"@id\":\"https:\/\/staging8.dev.gibbs.no\/#organization\"},\"potentialAction\":[{\"@type\":\"SearchAction\",\"target\":{\"@type\":\"EntryPoint\",\"urlTemplate\":\"https:\/\/staging8.dev.gibbs.no\/?s={search_term_string}\"},\"query-input\":\"required name=search_term_string\"}],\"inLanguage\":\"en-US\"},{\"@type\":\"Organization\",\"@id\":\"https:\/\/staging8.dev.gibbs.no\/#organization\",\"name\":\"Gibbs AS\",\"url\":\"https:\/\/staging8.dev.gibbs.no\/\",\"logo\":{\"@type\":\"ImageObject\",\"inLanguage\":\"en-US\",\"@id\":\"https:\/\/staging8.dev.gibbs.no\/#\/schema\/logo\/image\/\",\"url\":\"https:\/\/staging8.dev.gibbs.no\/wp-content\/uploads\/2023\/11\/Gibbs-bookingsystem-logo.png\",\"contentUrl\":\"https:\/\/staging8.dev.gibbs.no\/wp-content\/uploads\/2023\/11\/Gibbs-bookingsystem-logo.png\",\"width\":696,\"height\":696,\"caption\":\"Gibbs AS\"},\"image\":{\"@id\":\"https:\/\/staging8.dev.gibbs.no\/#\/schema\/logo\/image\/\"},\"sameAs\":[\"https:\/\/www.facebook.com\/GibbsNorge\",\"https:\/\/www.linkedin.com\/company\/gibbsnorge\"]}]}<\/script>\n<!-- \/ Yoast SEO plugin. -->","yoast_head_json":{"title":"Om oss - Gibbs.no - Bookingsystem","robots":{"index":"noindex","follow":"follow","max-snippet":"max-snippet:-1","max-image-preview":"max-image-preview:large","max-video-preview":"max-video-preview:-1"},"og_locale":"en_US","og_type":"article","og_title":"Om oss - Gibbs.no - Bookingsystem","og_description":"Om oss Sammen kan vi skape noe st\u00f8rre enn vi noen gang kunne oppn\u00e5 alene Hvem er vi? Gibbs AS er din partner for \u00e5 forme fremtiden av utleie. Vi er drevet av en lidenskap for \u00e5 gj\u00f8re utleie s\u00e5 enkelt og s\u00f8ml\u00f8st som mulig ved hjelp av automatiserte l\u00f8sninger som gir full kontroll og [&hellip;]","og_url":"https:\/\/staging8.dev.gibbs.no\/en\/om-oss\/","og_site_name":"Gibbs.no - Bookingsystem","article_publisher":"https:\/\/www.facebook.com\/GibbsNorge","article_modified_time":"2024-06-21T11:28:35+00:00","og_image":[{"url":"https:\/\/staging8.dev.gibbs.no\/wp-content\/uploads\/2023\/10\/kamil-300x300-1-150x150.webp"}],"twitter_card":"summary_large_image","twitter_misc":{"Est. reading time":"7 minutes"},"schema":{"@context":"https:\/\/schema.org","@graph":[{"@type":"WebPage","@id":"https:\/\/staging8.dev.gibbs.no\/om-oss\/","url":"https:\/\/staging8.dev.gibbs.no\/om-oss\/","name":"Om oss - Gibbs.no - Bookingsystem","isPartOf":{"@id":"https:\/\/staging8.dev.gibbs.no\/#website"},"datePublished":"2023-10-02T16:52:26+00:00","dateModified":"2024-06-21T11:28:35+00:00","breadcrumb":{"@id":"https:\/\/staging8.dev.gibbs.no\/om-oss\/#breadcrumb"},"inLanguage":"en-US","potentialAction":[{"@type":"ReadAction","target":["https:\/\/staging8.dev.gibbs.no\/om-oss\/"]}]},{"@type":"BreadcrumbList","@id":"https:\/\/staging8.dev.gibbs.no\/om-oss\/#breadcrumb","itemListElement":[{"@type":"ListItem","position":1,"name":"Home","item":"https:\/\/staging8.dev.gibbs.no\/"},{"@type":"ListItem","position":2,"name":"Om oss"}]},{"@type":"WebSite","@id":"https:\/\/staging8.dev.gibbs.no\/#website","url":"https:\/\/staging8.dev.gibbs.no\/","name":"Gibbs.no","description":"Bookingsystem - 1.Book 2.Betal 3.\u00c5pne","publisher":{"@id":"https:\/\/staging8.dev.gibbs.no\/#organization"},"potentialAction":[{"@type":"SearchAction","target":{"@type":"EntryPoint","urlTemplate":"https:\/\/staging8.dev.gibbs.no\/?s={search_term_string}"},"query-input":"required name=search_term_string"}],"inLanguage":"en-US"},{"@type":"Organization","@id":"https:\/\/staging8.dev.gibbs.no\/#organization","name":"Gibbs AS","url":"https:\/\/staging8.dev.gibbs.no\/","logo":{"@type":"ImageObject","inLanguage":"en-US","@id":"https:\/\/staging8.dev.gibbs.no\/#\/schema\/logo\/image\/","url":"https:\/\/staging8.dev.gibbs.no\/wp-content\/uploads\/2023\/11\/Gibbs-bookingsystem-logo.png","contentUrl":"https:\/\/staging8.dev.gibbs.no\/wp-content\/uploads\/2023\/11\/Gibbs-bookingsystem-logo.png","width":696,"height":696,"caption":"Gibbs AS"},"image":{"@id":"https:\/\/staging8.dev.gibbs.no\/#\/schema\/logo\/image\/"},"sameAs":["https:\/\/www.facebook.com\/GibbsNorge","https:\/\/www.linkedin.com\/company\/gibbsnorge"]}]}},"uagb_featured_image_src":{"full":false,"thumbnail":false,"medium":false,"medium_large":false,"large":false,"1536x1536":false,"2048x2048":false,"trp-custom-language-flag":false,"post-thumbnail":false,"listeo-avatar":false,"listeo-blog-post":false,"listeo-blog-related-post":false,"listeo-post-thumb":false,"listeo-gallery":false,"listeo-listing-grid":false,"listeo_core-avatar":false,"listeo_core-preview":false,"woocommerce_thumbnail":false,"woocommerce_single":false,"woocommerce_gallery_thumbnail":false},"uagb_author_info":{"display_name":"Gibbs","author_link":"https:\/\/staging8.dev.gibbs.no\/en\/author\/kamil-gryga94gmail-com\/"},"uagb_comment_info":0,"uagb_excerpt":"Om oss Sammen kan vi skape noe st\u00f8rre enn vi noen gang kunne oppn\u00e5 alene Hvem er vi? Gibbs AS er din partner for \u00e5 forme fremtiden av utleie. Vi er drevet av en lidenskap for \u00e5 gj\u00f8re utleie s\u00e5 enkelt og s\u00f8ml\u00f8st som mulig ved hjelp av automatiserte l\u00f8sninger som gir full kontroll og&hellip;","_links":{"self":[{"href":"https:\/\/staging8.dev.gibbs.no\/en\/wp-json\/wp\/v2\/pages\/15977","targetHints":{"allow":["GET"]}}],"collection":[{"href":"https:\/\/staging8.dev.gibbs.no\/en\/wp-json\/wp\/v2\/pages"}],"about":[{"href":"https:\/\/staging8.dev.gibbs.no\/en\/wp-json\/wp\/v2\/types\/page"}],"author":[{"embeddable":true,"href":"https:\/\/staging8.dev.gibbs.no\/en\/wp-json\/wp\/v2\/users\/1"}],"replies":[{"embeddable":true,"href":"https:\/\/staging8.dev.gibbs.no\/en\/wp-json\/wp\/v2\/comments?post=15977"}],"version-history":[{"count":40,"href":"https:\/\/staging8.dev.gibbs.no\/en\/wp-json\/wp\/v2\/pages\/15977\/revisions"}],"predecessor-version":[{"id":31599,"href":"https:\/\/staging8.dev.gibbs.no\/en\/wp-json\/wp\/v2\/pages\/15977\/revisions\/31599"}],"wp:attachment":[{"href":"https:\/\/staging8.dev.gibbs.no\/en\/wp-json\/wp\/v2\/media?parent=15977"}],"curies":[{"name":"wp","href":"https:\/\/api.w.org\/{rel}","templated":true}]}}