{"id":15885,"date":"2023-10-02T17:41:04","date_gmt":"2023-10-02T15:41:04","guid":{"rendered":"https:\/\/staging8.dev.gibbs.no\/?page_id=15885"},"modified":"2023-10-23T16:56:44","modified_gmt":"2023-10-23T14:56:44","slug":"partnere","status":"publish","type":"page","link":"https:\/\/staging8.dev.gibbs.no\/en\/partnere\/","title":{"rendered":"Partners"},"content":{"rendered":"<div class=\"wp-block-group green_background_image\"><div class=\"wp-block-group__inner-container is-layout-constrained wp-block-group-is-layout-constrained\">\n<h1 class=\"wp-block-heading has-text-align-center has-x-large-font-size\"><strong>Partners<\/strong><\/h1>\n\n\n\n<p class=\"has-text-align-center has-medium-font-size\"><strong>Together we can create something greater than we could ever achieve alone<\/strong><\/p>\n<\/div><\/div>\n\n\n\n<div style=\"height:30px\" aria-hidden=\"true\" class=\"wp-block-spacer\"><\/div>\n\n\n\n<div class=\"wp-block-group alignfull has-background\" style=\"background-color:#171717\"><div class=\"wp-block-group__inner-container is-layout-flow wp-block-group-is-layout-flow\"><\/div><\/div>\n\n\n\n<div class=\"wp-block-uagb-container uagb-block-4e239f21 alignfull uagb-is-root-container\"><div class=\"uagb-container-inner-blocks-wrap\">\n<div class=\"wp-block-columns has-white-background-color has-background is-layout-flex wp-container-core-columns-is-layout-9d6595d7 wp-block-columns-is-layout-flex\">\n<div class=\"wp-block-column is-layout-flow wp-block-column-is-layout-flow\" style=\"flex-basis:33.33%\"><div class=\"wp-block-image\">\n<figure class=\"aligncenter size-large is-resized\"><img loading=\"lazy\" decoding=\"async\" width=\"1024\" height=\"1024\" src=\"https:\/\/staging8.dev.gibbs.no\/wp-content\/uploads\/2023\/10\/locky-logo-1024x1024.webp\" alt=\"\" class=\"wp-image-15887\" style=\"width:200px;height:undefinedpx\" srcset=\"https:\/\/staging8.dev.gibbs.no\/wp-content\/uploads\/2023\/10\/locky-logo-1024x1024.webp 1024w, https:\/\/staging8.dev.gibbs.no\/wp-content\/uploads\/2023\/10\/locky-logo-300x300.webp 300w, https:\/\/staging8.dev.gibbs.no\/wp-content\/uploads\/2023\/10\/locky-logo-150x150.webp 150w, https:\/\/staging8.dev.gibbs.no\/wp-content\/uploads\/2023\/10\/locky-logo-768x768.webp 768w, https:\/\/staging8.dev.gibbs.no\/wp-content\/uploads\/2023\/10\/locky-logo-1536x1536.webp 1536w, https:\/\/staging8.dev.gibbs.no\/wp-content\/uploads\/2023\/10\/locky-logo-2048x2048.webp 2048w, https:\/\/staging8.dev.gibbs.no\/wp-content\/uploads\/2023\/10\/locky-logo-12x12.webp 12w, https:\/\/staging8.dev.gibbs.no\/wp-content\/uploads\/2023\/10\/locky-logo-590x590.webp 590w, https:\/\/staging8.dev.gibbs.no\/wp-content\/uploads\/2023\/10\/locky-logo-670x670.webp 670w, https:\/\/staging8.dev.gibbs.no\/wp-content\/uploads\/2023\/10\/locky-logo-577x577.webp 577w, https:\/\/staging8.dev.gibbs.no\/wp-content\/uploads\/2023\/10\/locky-logo-1200x1200.webp 1200w, https:\/\/staging8.dev.gibbs.no\/wp-content\/uploads\/2023\/10\/locky-logo-200x200.webp 200w, https:\/\/staging8.dev.gibbs.no\/wp-content\/uploads\/2023\/10\/locky-logo-600x600.webp 600w, https:\/\/staging8.dev.gibbs.no\/wp-content\/uploads\/2023\/10\/locky-logo-100x100.webp 100w\" sizes=\"auto, (max-width: 1024px) 100vw, 1024px\" \/><\/figure>\n<\/div><\/div>\n\n\n\n<div class=\"wp-block-column is-layout-flow wp-block-column-is-layout-flow\" style=\"flex-basis:66.66%\">\n<p><strong>Locky Tech<\/strong> is a leader in the development of advanced locking and access control systems for companies, offices, hotels, hostels and rental businesses in Norway. Innovative and user-friendly solutions that provide easy access and robust security.<\/p>\n\n\n\n<p><a rel=\"noreferrer noopener\" href=\"https:\/\/www.locky.tech\/\" target=\"_blank\">read more here<\/a><\/p>\n<\/div>\n<\/div>\n<\/div><\/div>\n\n\n\n<div class=\"wp-block-uagb-container uagb-block-f0389183 alignfull uagb-is-root-container\"><div class=\"uagb-container-inner-blocks-wrap\">\n<div class=\"wp-block-columns has-white-background-color has-background is-layout-flex wp-container-core-columns-is-layout-9d6595d7 wp-block-columns-is-layout-flex\">\n<div class=\"wp-block-column is-layout-flow wp-block-column-is-layout-flow\" style=\"flex-basis:33.33%\"><div class=\"wp-block-image\">\n<figure class=\"aligncenter size-full is-resized\"><img loading=\"lazy\" decoding=\"async\" width=\"557\" height=\"334\" src=\"https:\/\/staging8.dev.gibbs.no\/wp-content\/uploads\/2023\/10\/InletLogo01.webp\" alt=\"\" class=\"wp-image-15889\" style=\"width:200px;height:undefinedpx\" srcset=\"https:\/\/staging8.dev.gibbs.no\/wp-content\/uploads\/2023\/10\/InletLogo01.webp 557w, https:\/\/staging8.dev.gibbs.no\/wp-content\/uploads\/2023\/10\/InletLogo01-300x180.webp 300w, https:\/\/staging8.dev.gibbs.no\/wp-content\/uploads\/2023\/10\/InletLogo01-18x12.webp 18w\" sizes=\"auto, (max-width: 557px) 100vw, 557px\" \/><\/figure>\n<\/div><\/div>\n\n\n\n<div class=\"wp-block-column is-layout-flow wp-block-column-is-layout-flow\" style=\"flex-basis:66.66%\">\n<p><strong>Inlet<\/strong> is a partner that supplies integrations to several digital locks. Together with Inlet, we can offer our customers 100% automated rental.<a rel=\"noreferrer noopener\" href=\"https:\/\/inlet.no\/\" target=\"_blank\"><br>read more here<\/a><\/p>\n<\/div>\n<\/div>\n<\/div><\/div>\n\n\n\n<div class=\"wp-block-uagb-container uagb-block-1f6764bc alignfull uagb-is-root-container\"><div class=\"uagb-container-inner-blocks-wrap\">\n<div class=\"wp-block-columns has-white-background-color has-background is-layout-flex wp-container-core-columns-is-layout-9d6595d7 wp-block-columns-is-layout-flex\">\n<div class=\"wp-block-column is-layout-flow wp-block-column-is-layout-flow\" style=\"flex-basis:33.33%\"><div class=\"wp-block-image\">\n<figure class=\"aligncenter size-full is-resized\"><img loading=\"lazy\" decoding=\"async\" width=\"745\" height=\"741\" src=\"https:\/\/staging8.dev.gibbs.no\/wp-content\/uploads\/2023\/10\/Infoplakat.no-bookingsystem-Gibbs.webp\" alt=\"\" class=\"wp-image-15888\" style=\"width:200px;height:undefinedpx\" srcset=\"https:\/\/staging8.dev.gibbs.no\/wp-content\/uploads\/2023\/10\/Infoplakat.no-bookingsystem-Gibbs.webp 745w, https:\/\/staging8.dev.gibbs.no\/wp-content\/uploads\/2023\/10\/Infoplakat.no-bookingsystem-Gibbs-300x298.webp 300w, https:\/\/staging8.dev.gibbs.no\/wp-content\/uploads\/2023\/10\/Infoplakat.no-bookingsystem-Gibbs-150x150.webp 150w, https:\/\/staging8.dev.gibbs.no\/wp-content\/uploads\/2023\/10\/Infoplakat.no-bookingsystem-Gibbs-12x12.webp 12w, https:\/\/staging8.dev.gibbs.no\/wp-content\/uploads\/2023\/10\/Infoplakat.no-bookingsystem-Gibbs-590x587.webp 590w, https:\/\/staging8.dev.gibbs.no\/wp-content\/uploads\/2023\/10\/Infoplakat.no-bookingsystem-Gibbs-674x670.webp 674w, https:\/\/staging8.dev.gibbs.no\/wp-content\/uploads\/2023\/10\/Infoplakat.no-bookingsystem-Gibbs-577x574.webp 577w, https:\/\/staging8.dev.gibbs.no\/wp-content\/uploads\/2023\/10\/Infoplakat.no-bookingsystem-Gibbs-200x200.webp 200w, https:\/\/staging8.dev.gibbs.no\/wp-content\/uploads\/2023\/10\/Infoplakat.no-bookingsystem-Gibbs-600x597.webp 600w, https:\/\/staging8.dev.gibbs.no\/wp-content\/uploads\/2023\/10\/Infoplakat.no-bookingsystem-Gibbs-100x100.webp 100w\" sizes=\"auto, (max-width: 745px) 100vw, 745px\" \/><\/figure>\n<\/div><\/div>\n\n\n\n<div class=\"wp-block-column is-layout-flow wp-block-column-is-layout-flow\" style=\"flex-basis:66.66%\">\n<p><strong>Infoplakat.no<\/strong> is our partner for digital info screens. With our booking system, you can easily display your bookings and available times on your info screens, so that your visitors are always up to date.&nbsp;<\/p>\n\n\n\n<p><a rel=\"noreferrer noopener\" href=\"https:\/\/infoplakat.no\/\" target=\"_blank\">read more here<\/a><\/p>\n<\/div>\n<\/div>\n<\/div><\/div>\n\n\n\n<div style=\"height:30px\" aria-hidden=\"true\" class=\"wp-block-spacer\"><\/div>\n\n\n\n<div class=\"wp-block-group green_background\"><div class=\"wp-block-group__inner-container is-layout-constrained wp-block-group-is-layout-constrained\">\n<h2 class=\"wp-block-heading has-text-align-center\"><strong>We are looking for more partners&nbsp;<\/strong><\/h2>\n\n\n\n<p class=\"has-text-align-center\">Do you see a collaboration opportunity where both partners complement each other? Get in touch with us \ud83d\ude42<\/p>\n\n\n\n<div class=\"wp-block-uagb-buttons uagb-buttons__outer-wrap uagb-btn__default-btn uagb-btn-tablet__default-btn uagb-btn-mobile__default-btn uagb-block-a34ca152\"><div class=\"uagb-buttons__wrap uagb-buttons-layout-wrap\">\n<div class=\"wp-block-uagb-buttons-child uagb-buttons__outer-wrap uagb-block-d2e46666 wp-block-button try_button\"><div class=\"uagb-button__wrapper\"><a class=\"uagb-buttons-repeater wp-block-button__link\" href=\"https:\/\/staging8.dev.gibbs.no\/en\/kontakt-oss\/\" onclick=\"return true;\" rel=\"follow noopener\" target=\"_self\"><div class=\"uagb-button__link\">Contact Us<\/div><\/a><\/div><\/div>\n<\/div><\/div>\n<\/div><\/div>","protected":false},"excerpt":{"rendered":"<p>Partnere Sammen kan vi skape noe st\u00f8rre enn vi noen gang kunne oppn\u00e5 alene Locky Tech er ledende innen utviklingen av avanserte l\u00e5se- og adgangskontrollsystemer for bedrifter, kontorer, hoteller, hosteller og utleievirksomheter i Norge. Innovative og brukervennlige l\u00f8sninger som gir enkel tilgang og robust sikkerhet. Les mer her Inlet er en samarbeidspartner som leverer integrasjoner [&hellip;]<\/p>","protected":false},"author":1,"featured_media":0,"parent":0,"menu_order":0,"comment_status":"closed","ping_status":"closed","template":"","meta":{"content-type":"","inline_featured_image":false,"_uag_custom_page_level_css":"","footnotes":""},"class_list":["post-15885","page","type-page","status-publish","hentry"],"yoast_head":"<!-- This site is optimized with the Yoast SEO plugin v20.8 - https:\/\/yoast.com\/wordpress\/plugins\/seo\/ -->\n<title>Partnere - Gibbs.no - Bookingsystem<\/title>\n<meta name=\"robots\" content=\"noindex, follow, max-snippet:-1, max-image-preview:large, max-video-preview:-1\" \/>\n<meta property=\"og:locale\" content=\"en_US\" \/>\n<meta property=\"og:type\" content=\"article\" \/>\n<meta property=\"og:title\" content=\"Partnere - Gibbs.no - Bookingsystem\" \/>\n<meta property=\"og:description\" content=\"Partnere Sammen kan vi skape noe st\u00f8rre enn vi noen gang kunne oppn\u00e5 alene Locky Tech er ledende innen utviklingen av avanserte l\u00e5se- og adgangskontrollsystemer for bedrifter, kontorer, hoteller, hosteller og utleievirksomheter i Norge. Innovative og brukervennlige l\u00f8sninger som gir enkel tilgang og robust sikkerhet. Les mer her Inlet er en samarbeidspartner som leverer integrasjoner [&hellip;]\" \/>\n<meta property=\"og:url\" content=\"https:\/\/staging8.dev.gibbs.no\/en\/partnere\/\" \/>\n<meta property=\"og:site_name\" content=\"Gibbs.no - Bookingsystem\" \/>\n<meta property=\"article:publisher\" content=\"https:\/\/www.facebook.com\/GibbsNorge\" \/>\n<meta property=\"article:modified_time\" content=\"2023-10-23T14:56:44+00:00\" \/>\n<meta property=\"og:image\" content=\"https:\/\/staging8.dev.gibbs.no\/wp-content\/uploads\/2023\/10\/locky-logo-1024x1024.webp\" \/>\n<meta name=\"twitter:card\" content=\"summary_large_image\" \/>\n<meta name=\"twitter:label1\" content=\"Est. reading time\" \/>\n\t<meta name=\"twitter:data1\" content=\"2 minutes\" \/>\n<script type=\"application\/ld+json\" class=\"yoast-schema-graph\">{\"@context\":\"https:\/\/schema.org\",\"@graph\":[{\"@type\":\"WebPage\",\"@id\":\"https:\/\/staging8.dev.gibbs.no\/partnere\/\",\"url\":\"https:\/\/staging8.dev.gibbs.no\/partnere\/\",\"name\":\"Partnere - Gibbs.no - Bookingsystem\",\"isPartOf\":{\"@id\":\"https:\/\/staging8.dev.gibbs.no\/#website\"},\"datePublished\":\"2023-10-02T15:41:04+00:00\",\"dateModified\":\"2023-10-23T14:56:44+00:00\",\"breadcrumb\":{\"@id\":\"https:\/\/staging8.dev.gibbs.no\/partnere\/#breadcrumb\"},\"inLanguage\":\"en-US\",\"potentialAction\":[{\"@type\":\"ReadAction\",\"target\":[\"https:\/\/staging8.dev.gibbs.no\/partnere\/\"]}]},{\"@type\":\"BreadcrumbList\",\"@id\":\"https:\/\/staging8.dev.gibbs.no\/partnere\/#breadcrumb\",\"itemListElement\":[{\"@type\":\"ListItem\",\"position\":1,\"name\":\"Home\",\"item\":\"https:\/\/staging8.dev.gibbs.no\/\"},{\"@type\":\"ListItem\",\"position\":2,\"name\":\"Partnere\"}]},{\"@type\":\"WebSite\",\"@id\":\"https:\/\/staging8.dev.gibbs.no\/#website\",\"url\":\"https:\/\/staging8.dev.gibbs.no\/\",\"name\":\"Gibbs.no\",\"description\":\"Bookingsystem - 1.Book 2.Betal 3.\u00c5pne\",\"publisher\":{\"@id\":\"https:\/\/staging8.dev.gibbs.no\/#organization\"},\"potentialAction\":[{\"@type\":\"SearchAction\",\"target\":{\"@type\":\"EntryPoint\",\"urlTemplate\":\"https:\/\/staging8.dev.gibbs.no\/?s={search_term_string}\"},\"query-input\":\"required name=search_term_string\"}],\"inLanguage\":\"en-US\"},{\"@type\":\"Organization\",\"@id\":\"https:\/\/staging8.dev.gibbs.no\/#organization\",\"name\":\"Gibbs AS\",\"url\":\"https:\/\/staging8.dev.gibbs.no\/\",\"logo\":{\"@type\":\"ImageObject\",\"inLanguage\":\"en-US\",\"@id\":\"https:\/\/staging8.dev.gibbs.no\/#\/schema\/logo\/image\/\",\"url\":\"https:\/\/staging8.dev.gibbs.no\/wp-content\/uploads\/2023\/11\/Gibbs-bookingsystem-logo.png\",\"contentUrl\":\"https:\/\/staging8.dev.gibbs.no\/wp-content\/uploads\/2023\/11\/Gibbs-bookingsystem-logo.png\",\"width\":696,\"height\":696,\"caption\":\"Gibbs AS\"},\"image\":{\"@id\":\"https:\/\/staging8.dev.gibbs.no\/#\/schema\/logo\/image\/\"},\"sameAs\":[\"https:\/\/www.facebook.com\/GibbsNorge\",\"https:\/\/www.linkedin.com\/company\/gibbsnorge\"]}]}<\/script>\n<!-- \/ Yoast SEO plugin. -->","yoast_head_json":{"title":"Partnere - Gibbs.no - Bookingsystem","robots":{"index":"noindex","follow":"follow","max-snippet":"max-snippet:-1","max-image-preview":"max-image-preview:large","max-video-preview":"max-video-preview:-1"},"og_locale":"en_US","og_type":"article","og_title":"Partnere - Gibbs.no - Bookingsystem","og_description":"Partnere Sammen kan vi skape noe st\u00f8rre enn vi noen gang kunne oppn\u00e5 alene Locky Tech er ledende innen utviklingen av avanserte l\u00e5se- og adgangskontrollsystemer for bedrifter, kontorer, hoteller, hosteller og utleievirksomheter i Norge. Innovative og brukervennlige l\u00f8sninger som gir enkel tilgang og robust sikkerhet. Les mer her Inlet er en samarbeidspartner som leverer integrasjoner [&hellip;]","og_url":"https:\/\/staging8.dev.gibbs.no\/en\/partnere\/","og_site_name":"Gibbs.no - Bookingsystem","article_publisher":"https:\/\/www.facebook.com\/GibbsNorge","article_modified_time":"2023-10-23T14:56:44+00:00","og_image":[{"url":"https:\/\/staging8.dev.gibbs.no\/wp-content\/uploads\/2023\/10\/locky-logo-1024x1024.webp"}],"twitter_card":"summary_large_image","twitter_misc":{"Est. reading time":"2 minutes"},"schema":{"@context":"https:\/\/schema.org","@graph":[{"@type":"WebPage","@id":"https:\/\/staging8.dev.gibbs.no\/partnere\/","url":"https:\/\/staging8.dev.gibbs.no\/partnere\/","name":"Partnere - Gibbs.no - Bookingsystem","isPartOf":{"@id":"https:\/\/staging8.dev.gibbs.no\/#website"},"datePublished":"2023-10-02T15:41:04+00:00","dateModified":"2023-10-23T14:56:44+00:00","breadcrumb":{"@id":"https:\/\/staging8.dev.gibbs.no\/partnere\/#breadcrumb"},"inLanguage":"en-US","potentialAction":[{"@type":"ReadAction","target":["https:\/\/staging8.dev.gibbs.no\/partnere\/"]}]},{"@type":"BreadcrumbList","@id":"https:\/\/staging8.dev.gibbs.no\/partnere\/#breadcrumb","itemListElement":[{"@type":"ListItem","position":1,"name":"Home","item":"https:\/\/staging8.dev.gibbs.no\/"},{"@type":"ListItem","position":2,"name":"Partnere"}]},{"@type":"WebSite","@id":"https:\/\/staging8.dev.gibbs.no\/#website","url":"https:\/\/staging8.dev.gibbs.no\/","name":"Gibbs.no","description":"Bookingsystem - 1.Book 2.Betal 3.\u00c5pne","publisher":{"@id":"https:\/\/staging8.dev.gibbs.no\/#organization"},"potentialAction":[{"@type":"SearchAction","target":{"@type":"EntryPoint","urlTemplate":"https:\/\/staging8.dev.gibbs.no\/?s={search_term_string}"},"query-input":"required name=search_term_string"}],"inLanguage":"en-US"},{"@type":"Organization","@id":"https:\/\/staging8.dev.gibbs.no\/#organization","name":"Gibbs AS","url":"https:\/\/staging8.dev.gibbs.no\/","logo":{"@type":"ImageObject","inLanguage":"en-US","@id":"https:\/\/staging8.dev.gibbs.no\/#\/schema\/logo\/image\/","url":"https:\/\/staging8.dev.gibbs.no\/wp-content\/uploads\/2023\/11\/Gibbs-bookingsystem-logo.png","contentUrl":"https:\/\/staging8.dev.gibbs.no\/wp-content\/uploads\/2023\/11\/Gibbs-bookingsystem-logo.png","width":696,"height":696,"caption":"Gibbs AS"},"image":{"@id":"https:\/\/staging8.dev.gibbs.no\/#\/schema\/logo\/image\/"},"sameAs":["https:\/\/www.facebook.com\/GibbsNorge","https:\/\/www.linkedin.com\/company\/gibbsnorge"]}]}},"uagb_featured_image_src":{"full":false,"thumbnail":false,"medium":false,"medium_large":false,"large":false,"1536x1536":false,"2048x2048":false,"trp-custom-language-flag":false,"post-thumbnail":false,"listeo-avatar":false,"listeo-blog-post":false,"listeo-blog-related-post":false,"listeo-post-thumb":false,"listeo-gallery":false,"listeo-listing-grid":false,"listeo_core-avatar":false,"listeo_core-preview":false,"woocommerce_thumbnail":false,"woocommerce_single":false,"woocommerce_gallery_thumbnail":false},"uagb_author_info":{"display_name":"Gibbs","author_link":"https:\/\/staging8.dev.gibbs.no\/en\/author\/kamil-gryga94gmail-com\/"},"uagb_comment_info":0,"uagb_excerpt":"Partnere Sammen kan vi skape noe st\u00f8rre enn vi noen gang kunne oppn\u00e5 alene Locky Tech er ledende innen utviklingen av avanserte l\u00e5se- og adgangskontrollsystemer for bedrifter, kontorer, hoteller, hosteller og utleievirksomheter i Norge. Innovative og brukervennlige l\u00f8sninger som gir enkel tilgang og robust sikkerhet. Les mer her Inlet er en samarbeidspartner som leverer integrasjoner&hellip;","_links":{"self":[{"href":"https:\/\/staging8.dev.gibbs.no\/en\/wp-json\/wp\/v2\/pages\/15885","targetHints":{"allow":["GET"]}}],"collection":[{"href":"https:\/\/staging8.dev.gibbs.no\/en\/wp-json\/wp\/v2\/pages"}],"about":[{"href":"https:\/\/staging8.dev.gibbs.no\/en\/wp-json\/wp\/v2\/types\/page"}],"author":[{"embeddable":true,"href":"https:\/\/staging8.dev.gibbs.no\/en\/wp-json\/wp\/v2\/users\/1"}],"replies":[{"embeddable":true,"href":"https:\/\/staging8.dev.gibbs.no\/en\/wp-json\/wp\/v2\/comments?post=15885"}],"version-history":[{"count":23,"href":"https:\/\/staging8.dev.gibbs.no\/en\/wp-json\/wp\/v2\/pages\/15885\/revisions"}],"predecessor-version":[{"id":18330,"href":"https:\/\/staging8.dev.gibbs.no\/en\/wp-json\/wp\/v2\/pages\/15885\/revisions\/18330"}],"wp:attachment":[{"href":"https:\/\/staging8.dev.gibbs.no\/en\/wp-json\/wp\/v2\/media?parent=15885"}],"curies":[{"name":"wp","href":"https:\/\/api.w.org\/{rel}","templated":true}]}}