{"id":15744,"date":"2023-10-02T13:11:12","date_gmt":"2023-10-02T11:11:12","guid":{"rendered":"https:\/\/staging8.dev.gibbs.no\/?page_id=15744"},"modified":"2023-10-07T21:23:12","modified_gmt":"2023-10-07T19:23:12","slug":"online-betaling","status":"publish","type":"page","link":"https:\/\/staging8.dev.gibbs.no\/en\/funksjoner\/online-betaling\/","title":{"rendered":"Online payment"},"content":{"rendered":"<div class=\"wp-block-columns is-layout-flex wp-container-core-columns-is-layout-9d6595d7 wp-block-columns-is-layout-flex\">\n<div class=\"wp-block-column is-layout-flow wp-block-column-is-layout-flow\" style=\"flex-basis:40%\"><div class=\"wp-block-image\">\n<figure class=\"aligncenter size-full\"><img loading=\"lazy\" decoding=\"async\" width=\"431\" height=\"636\" src=\"https:\/\/staging8.dev.gibbs.no\/wp-content\/uploads\/2023\/10\/online-betaling.png\" alt=\"\" class=\"wp-image-17008\" style=\"object-fit:cover\" srcset=\"https:\/\/staging8.dev.gibbs.no\/wp-content\/uploads\/2023\/10\/online-betaling.png 431w, https:\/\/staging8.dev.gibbs.no\/wp-content\/uploads\/2023\/10\/online-betaling-203x300.png 203w, https:\/\/staging8.dev.gibbs.no\/wp-content\/uploads\/2023\/10\/online-betaling-8x12.png 8w, https:\/\/staging8.dev.gibbs.no\/wp-content\/uploads\/2023\/10\/online-betaling-400x590.png 400w\" sizes=\"auto, (max-width: 431px) 100vw, 431px\" \/><\/figure>\n<\/div><\/div>\n\n\n\n<div class=\"wp-block-column is-layout-flow wp-block-column-is-layout-flow\" style=\"flex-basis:60%\">\n<p class=\"has-black-color has-text-color\">With online payment, tenants can easily and quickly pay with Vipps, Visa or Mastercard. This eliminates the need for manual payment processes, making the payment process faster and more efficient.<\/p>\n\n\n\n<p class=\"has-black-color has-text-color\">The landlord does not have to do anything other than wait for the payment, as the entire payment process is handled automatically by Gibbs. This includes handling payment information, confirming payment and transferring money to the landlord&#039;s account.<\/p>\n\n\n\n<p class=\"has-black-color has-text-color\">Payment solutions often take 2-3% of the paid amount as a transaction fee + NOK 2-10 per transaction. This varies based on which payment solution the customer chooses. But to make it easy, gibbs takes the 3% regardless of the chosen payment solution.<\/p>\n\n\n\n<p class=\"has-black-color has-text-color\">Pssst.. If you save your information, you can book and pay in less than 15 seconds next time! \ud83d\ude42<\/p>\n<\/div>\n<\/div>","protected":false},"excerpt":{"rendered":"<p>Med online betaling kan leietakere enkelt og raskt betale med Vipps, Visa eller Mastercard. Dette eliminerer behovet for manuelle betalingsprosesser, noe som gj\u00f8r betalingsprosessen raskere og mer effektiv. Utleier trenger ikke \u00e5 foreta seg noe annet enn \u00e5 vente p\u00e5 utbetalingen, da hele betalingsprosessen blir h\u00e5ndtert automatisk av Gibbs. Dette inkluderer h\u00e5ndtering av betalingsinformasjon, bekreftelse [&hellip;]<\/p>","protected":false},"author":1,"featured_media":0,"parent":15567,"menu_order":0,"comment_status":"closed","ping_status":"closed","template":"page-template-popup.php","meta":{"content-type":"","inline_featured_image":false,"_uag_custom_page_level_css":"","footnotes":""},"class_list":["post-15744","page","type-page","status-publish","hentry"],"yoast_head":"<!-- This site is optimized with the Yoast SEO plugin v20.8 - https:\/\/yoast.com\/wordpress\/plugins\/seo\/ -->\n<title>Online betaling - Gibbs.no - Bookingsystem<\/title>\n<meta name=\"robots\" content=\"noindex, follow, max-snippet:-1, max-image-preview:large, max-video-preview:-1\" \/>\n<meta property=\"og:locale\" content=\"en_US\" \/>\n<meta property=\"og:type\" content=\"article\" \/>\n<meta property=\"og:title\" content=\"Online betaling - Gibbs.no - Bookingsystem\" \/>\n<meta property=\"og:description\" content=\"Med online betaling kan leietakere enkelt og raskt betale med Vipps, Visa eller Mastercard. Dette eliminerer behovet for manuelle betalingsprosesser, noe som gj\u00f8r betalingsprosessen raskere og mer effektiv. Utleier trenger ikke \u00e5 foreta seg noe annet enn \u00e5 vente p\u00e5 utbetalingen, da hele betalingsprosessen blir h\u00e5ndtert automatisk av Gibbs. Dette inkluderer h\u00e5ndtering av betalingsinformasjon, bekreftelse [&hellip;]\" \/>\n<meta property=\"og:url\" content=\"https:\/\/staging8.dev.gibbs.no\/en\/funksjoner\/online-betaling\/\" \/>\n<meta property=\"og:site_name\" content=\"Gibbs.no - Bookingsystem\" \/>\n<meta property=\"article:publisher\" content=\"https:\/\/www.facebook.com\/GibbsNorge\" \/>\n<meta property=\"article:modified_time\" content=\"2023-10-07T19:23:12+00:00\" \/>\n<meta property=\"og:image\" content=\"https:\/\/staging8.dev.gibbs.no\/wp-content\/uploads\/2023\/10\/online-betaling.png\" \/>\n<meta name=\"twitter:card\" content=\"summary_large_image\" \/>\n<meta name=\"twitter:label1\" content=\"Est. reading time\" \/>\n\t<meta name=\"twitter:data1\" content=\"1 minute\" \/>\n<script type=\"application\/ld+json\" class=\"yoast-schema-graph\">{\"@context\":\"https:\/\/schema.org\",\"@graph\":[{\"@type\":\"WebPage\",\"@id\":\"https:\/\/staging8.dev.gibbs.no\/funksjoner\/online-betaling\/\",\"url\":\"https:\/\/staging8.dev.gibbs.no\/funksjoner\/online-betaling\/\",\"name\":\"Online betaling - Gibbs.no - Bookingsystem\",\"isPartOf\":{\"@id\":\"https:\/\/staging8.dev.gibbs.no\/#website\"},\"datePublished\":\"2023-10-02T11:11:12+00:00\",\"dateModified\":\"2023-10-07T19:23:12+00:00\",\"breadcrumb\":{\"@id\":\"https:\/\/staging8.dev.gibbs.no\/funksjoner\/online-betaling\/#breadcrumb\"},\"inLanguage\":\"en-US\",\"potentialAction\":[{\"@type\":\"ReadAction\",\"target\":[\"https:\/\/staging8.dev.gibbs.no\/funksjoner\/online-betaling\/\"]}]},{\"@type\":\"BreadcrumbList\",\"@id\":\"https:\/\/staging8.dev.gibbs.no\/funksjoner\/online-betaling\/#breadcrumb\",\"itemListElement\":[{\"@type\":\"ListItem\",\"position\":1,\"name\":\"Home\",\"item\":\"https:\/\/staging8.dev.gibbs.no\/\"},{\"@type\":\"ListItem\",\"position\":2,\"name\":\"Funksjoner\",\"item\":\"https:\/\/staging8.dev.gibbs.no\/funksjoner\/\"},{\"@type\":\"ListItem\",\"position\":3,\"name\":\"Online betaling\"}]},{\"@type\":\"WebSite\",\"@id\":\"https:\/\/staging8.dev.gibbs.no\/#website\",\"url\":\"https:\/\/staging8.dev.gibbs.no\/\",\"name\":\"Gibbs.no\",\"description\":\"Bookingsystem - 1.Book 2.Betal 3.\u00c5pne\",\"publisher\":{\"@id\":\"https:\/\/staging8.dev.gibbs.no\/#organization\"},\"potentialAction\":[{\"@type\":\"SearchAction\",\"target\":{\"@type\":\"EntryPoint\",\"urlTemplate\":\"https:\/\/staging8.dev.gibbs.no\/?s={search_term_string}\"},\"query-input\":\"required name=search_term_string\"}],\"inLanguage\":\"en-US\"},{\"@type\":\"Organization\",\"@id\":\"https:\/\/staging8.dev.gibbs.no\/#organization\",\"name\":\"Gibbs AS\",\"url\":\"https:\/\/staging8.dev.gibbs.no\/\",\"logo\":{\"@type\":\"ImageObject\",\"inLanguage\":\"en-US\",\"@id\":\"https:\/\/staging8.dev.gibbs.no\/#\/schema\/logo\/image\/\",\"url\":\"https:\/\/staging8.dev.gibbs.no\/wp-content\/uploads\/2023\/11\/Gibbs-bookingsystem-logo.png\",\"contentUrl\":\"https:\/\/staging8.dev.gibbs.no\/wp-content\/uploads\/2023\/11\/Gibbs-bookingsystem-logo.png\",\"width\":696,\"height\":696,\"caption\":\"Gibbs AS\"},\"image\":{\"@id\":\"https:\/\/staging8.dev.gibbs.no\/#\/schema\/logo\/image\/\"},\"sameAs\":[\"https:\/\/www.facebook.com\/GibbsNorge\",\"https:\/\/www.linkedin.com\/company\/gibbsnorge\"]}]}<\/script>\n<!-- \/ Yoast SEO plugin. -->","yoast_head_json":{"title":"Online betaling - Gibbs.no - Bookingsystem","robots":{"index":"noindex","follow":"follow","max-snippet":"max-snippet:-1","max-image-preview":"max-image-preview:large","max-video-preview":"max-video-preview:-1"},"og_locale":"en_US","og_type":"article","og_title":"Online betaling - Gibbs.no - Bookingsystem","og_description":"Med online betaling kan leietakere enkelt og raskt betale med Vipps, Visa eller Mastercard. Dette eliminerer behovet for manuelle betalingsprosesser, noe som gj\u00f8r betalingsprosessen raskere og mer effektiv. Utleier trenger ikke \u00e5 foreta seg noe annet enn \u00e5 vente p\u00e5 utbetalingen, da hele betalingsprosessen blir h\u00e5ndtert automatisk av Gibbs. Dette inkluderer h\u00e5ndtering av betalingsinformasjon, bekreftelse [&hellip;]","og_url":"https:\/\/staging8.dev.gibbs.no\/en\/funksjoner\/online-betaling\/","og_site_name":"Gibbs.no - Bookingsystem","article_publisher":"https:\/\/www.facebook.com\/GibbsNorge","article_modified_time":"2023-10-07T19:23:12+00:00","og_image":[{"url":"https:\/\/staging8.dev.gibbs.no\/wp-content\/uploads\/2023\/10\/online-betaling.png"}],"twitter_card":"summary_large_image","twitter_misc":{"Est. reading time":"1 minute"},"schema":{"@context":"https:\/\/schema.org","@graph":[{"@type":"WebPage","@id":"https:\/\/staging8.dev.gibbs.no\/funksjoner\/online-betaling\/","url":"https:\/\/staging8.dev.gibbs.no\/funksjoner\/online-betaling\/","name":"Online betaling - Gibbs.no - Bookingsystem","isPartOf":{"@id":"https:\/\/staging8.dev.gibbs.no\/#website"},"datePublished":"2023-10-02T11:11:12+00:00","dateModified":"2023-10-07T19:23:12+00:00","breadcrumb":{"@id":"https:\/\/staging8.dev.gibbs.no\/funksjoner\/online-betaling\/#breadcrumb"},"inLanguage":"en-US","potentialAction":[{"@type":"ReadAction","target":["https:\/\/staging8.dev.gibbs.no\/funksjoner\/online-betaling\/"]}]},{"@type":"BreadcrumbList","@id":"https:\/\/staging8.dev.gibbs.no\/funksjoner\/online-betaling\/#breadcrumb","itemListElement":[{"@type":"ListItem","position":1,"name":"Home","item":"https:\/\/staging8.dev.gibbs.no\/"},{"@type":"ListItem","position":2,"name":"Funksjoner","item":"https:\/\/staging8.dev.gibbs.no\/funksjoner\/"},{"@type":"ListItem","position":3,"name":"Online betaling"}]},{"@type":"WebSite","@id":"https:\/\/staging8.dev.gibbs.no\/#website","url":"https:\/\/staging8.dev.gibbs.no\/","name":"Gibbs.no","description":"Bookingsystem - 1.Book 2.Betal 3.\u00c5pne","publisher":{"@id":"https:\/\/staging8.dev.gibbs.no\/#organization"},"potentialAction":[{"@type":"SearchAction","target":{"@type":"EntryPoint","urlTemplate":"https:\/\/staging8.dev.gibbs.no\/?s={search_term_string}"},"query-input":"required name=search_term_string"}],"inLanguage":"en-US"},{"@type":"Organization","@id":"https:\/\/staging8.dev.gibbs.no\/#organization","name":"Gibbs AS","url":"https:\/\/staging8.dev.gibbs.no\/","logo":{"@type":"ImageObject","inLanguage":"en-US","@id":"https:\/\/staging8.dev.gibbs.no\/#\/schema\/logo\/image\/","url":"https:\/\/staging8.dev.gibbs.no\/wp-content\/uploads\/2023\/11\/Gibbs-bookingsystem-logo.png","contentUrl":"https:\/\/staging8.dev.gibbs.no\/wp-content\/uploads\/2023\/11\/Gibbs-bookingsystem-logo.png","width":696,"height":696,"caption":"Gibbs AS"},"image":{"@id":"https:\/\/staging8.dev.gibbs.no\/#\/schema\/logo\/image\/"},"sameAs":["https:\/\/www.facebook.com\/GibbsNorge","https:\/\/www.linkedin.com\/company\/gibbsnorge"]}]}},"uagb_featured_image_src":{"full":false,"thumbnail":false,"medium":false,"medium_large":false,"large":false,"1536x1536":false,"2048x2048":false,"trp-custom-language-flag":false,"post-thumbnail":false,"listeo-avatar":false,"listeo-blog-post":false,"listeo-blog-related-post":false,"listeo-post-thumb":false,"listeo-gallery":false,"listeo-listing-grid":false,"listeo_core-avatar":false,"listeo_core-preview":false,"woocommerce_thumbnail":false,"woocommerce_single":false,"woocommerce_gallery_thumbnail":false},"uagb_author_info":{"display_name":"Gibbs","author_link":"https:\/\/staging8.dev.gibbs.no\/en\/author\/kamil-gryga94gmail-com\/"},"uagb_comment_info":0,"uagb_excerpt":"Med online betaling kan leietakere enkelt og raskt betale med Vipps, Visa eller Mastercard. Dette eliminerer behovet for manuelle betalingsprosesser, noe som gj\u00f8r betalingsprosessen raskere og mer effektiv. Utleier trenger ikke \u00e5 foreta seg noe annet enn \u00e5 vente p\u00e5 utbetalingen, da hele betalingsprosessen blir h\u00e5ndtert automatisk av Gibbs. Dette inkluderer h\u00e5ndtering av betalingsinformasjon, bekreftelse&hellip;","_links":{"self":[{"href":"https:\/\/staging8.dev.gibbs.no\/en\/wp-json\/wp\/v2\/pages\/15744","targetHints":{"allow":["GET"]}}],"collection":[{"href":"https:\/\/staging8.dev.gibbs.no\/en\/wp-json\/wp\/v2\/pages"}],"about":[{"href":"https:\/\/staging8.dev.gibbs.no\/en\/wp-json\/wp\/v2\/types\/page"}],"author":[{"embeddable":true,"href":"https:\/\/staging8.dev.gibbs.no\/en\/wp-json\/wp\/v2\/users\/1"}],"replies":[{"embeddable":true,"href":"https:\/\/staging8.dev.gibbs.no\/en\/wp-json\/wp\/v2\/comments?post=15744"}],"version-history":[{"count":4,"href":"https:\/\/staging8.dev.gibbs.no\/en\/wp-json\/wp\/v2\/pages\/15744\/revisions"}],"predecessor-version":[{"id":17023,"href":"https:\/\/staging8.dev.gibbs.no\/en\/wp-json\/wp\/v2\/pages\/15744\/revisions\/17023"}],"up":[{"embeddable":true,"href":"https:\/\/staging8.dev.gibbs.no\/en\/wp-json\/wp\/v2\/pages\/15567"}],"wp:attachment":[{"href":"https:\/\/staging8.dev.gibbs.no\/en\/wp-json\/wp\/v2\/media?parent=15744"}],"curies":[{"name":"wp","href":"https:\/\/api.w.org\/{rel}","templated":true}]}}