{"id":10457,"date":"2023-01-27T17:46:19","date_gmt":"2023-01-27T16:46:19","guid":{"rendered":"https:\/\/staging8.dev.gibbs.no\/?page_id=10457"},"modified":"2023-10-23T16:59:17","modified_gmt":"2023-10-23T14:59:17","slug":"tilgjengelighetserklaering","status":"publish","type":"page","link":"https:\/\/staging8.dev.gibbs.no\/en\/tilgjengelighetserklaering\/","title":{"rendered":"Declaration of availability"},"content":{"rendered":"<div data-elementor-type=\"wp-page\" data-elementor-id=\"10457\" class=\"elementor elementor-10457\" data-elementor-settings=\"[]\">\n\t\t\t\t\t\t\t<div class=\"elementor-section-wrap\">\n\t\t\t\t\t\t\t<section class=\"elementor-section elementor-top-section elementor-element elementor-element-c2e02e9 elementor-section-boxed elementor-section-height-default elementor-section-height-default magic-button-disabled-no\" data-id=\"c2e02e9\" data-element_type=\"section\">\n\t\t\t\t\t\t<div class=\"elementor-container elementor-column-gap-default\">\n\t\t\t\t\t<div class=\"elementor-column elementor-col-100 elementor-top-column elementor-element elementor-element-665bb8c\" data-id=\"665bb8c\" data-element_type=\"column\">\n\t\t\t<div class=\"elementor-widget-wrap elementor-element-populated\">\n\t\t\t\t\t\t\t\t<div class=\"elementor-element elementor-element-3f7193f elementor-widget elementor-widget-text-editor\" data-id=\"3f7193f\" data-element_type=\"widget\" data-widget_type=\"text-editor.default\">\n\t\t\t\t<div class=\"elementor-widget-container\">\n\t\t\t<style>\/*! elementor - v3.5.3 - 28-12-2021 *\/\n.elementor-widget-text-editor.elementor-drop-cap-view-stacked .elementor-drop-cap{background-color:#818a91;color:#fff}.elementor-widget-text-editor.elementor-drop-cap-view-framed .elementor-drop-cap{color:#818a91;border:3px solid;background-color:transparent}.elementor-widget-text-editor:not(.elementor-drop-cap-view-default) .elementor-drop-cap{margin-top:8px}.elementor-widget-text-editor:not(.elementor-drop-cap-view-default) .elementor-drop-cap-letter{width:1em;height:1em}.elementor-widget-text-editor .elementor-drop-cap{float:left;text-align:center;line-height:1;font-size:50px}.elementor-widget-text-editor .elementor-drop-cap-letter{display:inline-block}<\/style>\t\t\t\t<p><i>Last updated 20 January 2023<h3><b>Everyone must have equal opportunities to use <a><span><b>gibbs.no<p>\u00a0<p>Our goal is to do <a><span>gibbs.no tilgjengelig for alle brukere av systemet.<ul><li><ul><li><div><h3>We shall<ul><li>Maintain and further develop an accessible website.<li>Ensure that the site achieves at least Level AA in WCAG 2.0.<li>Adapt content and functionality so that it meets new requirements in WCAG 2.1.<li>Follow regulations on universal design of ICT.<h3>The accessibility principles we follow<ul><li>We have regular scheduled sessions to correct WCAG errors.<li>The purpose and function of all links is clearly stated in the link text.<li>All content gets visible focus when you navigate with the keyboard.<li>You can enlarge the text in your browser.<li>We must meet the requirements for color contrasts, headings and links.<li>Prompts or instructions appear when you have form items that need to be filled out.<h3>We are working on this<p>2022 and 2023 prioritize getting all our documents satisfied in relation to the requirements of WCAG 2.0(2.1). In addition, we will update gibbs.no in accordance with new and changed requirements in WCAG 2.1.<p>These are priority requirements that we are working to resolve during 2023:<ul><li>The websites are coded so that it is possible to read the content with screen readers.<li>Things should be coded as they appear.<li>Content must be presented in a meaningful order.<li>All images must be described with alternative text.<li>The language on the websites must be clear and understandable for all our users.<li>All our videos with sound must have accompanying subtitles and\/or descriptive text.<div><div><h3>Notify us of unavailability<p>Is something not working properly? We greatly appreciate feedback about the universal design of our websites!<p>You can reach us at kontakt@gibbs.no\t\t\t\t\t\t<\/div>\n\t\t\t\t<\/div>\n\t\t\t\t\t<\/div>\n\t\t<\/div>\n\t\t\t\t\t\t\t<\/div>\n\t\t<\/section>\n\t\t\t\t\t\t<\/div>\n\t\t\t\t\t<\/div>","protected":false},"excerpt":{"rendered":"<p>Sist oppdatert 20. januar 2023 Alle skal ha like muligheter til \u00e5 bruke gibbs.no V\u00e5rt m\u00e5l er \u00e5 gj\u00f8re gibbs.no tilgjengelig for alle brukere av systemet. Vi skal Opprettholde og videreutvikle et tilgjengelig nettsted. Se til at nettstedet oppn\u00e5r minst niv\u00e5 AA i WCAG 2.0. Tilpasse innhold og funksjonalitet slik at det oppfyller nye krav [&hellip;]<\/p>","protected":false},"author":2,"featured_media":0,"parent":0,"menu_order":0,"comment_status":"closed","ping_status":"closed","template":"","meta":{"content-type":"","inline_featured_image":false,"_uag_custom_page_level_css":"","footnotes":""},"class_list":["post-10457","page","type-page","status-publish","hentry"],"yoast_head":"<!-- This site is optimized with the Yoast SEO plugin v20.8 - https:\/\/yoast.com\/wordpress\/plugins\/seo\/ -->\n<title>Tilgjengelighetserkl\u00e6ring - Gibbs.no - Bookingsystem<\/title>\n<meta name=\"robots\" content=\"noindex, follow, max-snippet:-1, max-image-preview:large, max-video-preview:-1\" \/>\n<meta property=\"og:locale\" content=\"en_US\" \/>\n<meta property=\"og:type\" content=\"article\" \/>\n<meta property=\"og:title\" content=\"Tilgjengelighetserkl\u00e6ring - Gibbs.no - Bookingsystem\" \/>\n<meta property=\"og:description\" content=\"Sist oppdatert 20. januar 2023 Alle skal ha like muligheter til \u00e5 bruke gibbs.no V\u00e5rt m\u00e5l er \u00e5 gj\u00f8re gibbs.no tilgjengelig for alle brukere av systemet. Vi skal Opprettholde og videreutvikle et tilgjengelig nettsted. Se til at nettstedet oppn\u00e5r minst niv\u00e5 AA i WCAG 2.0. Tilpasse innhold og funksjonalitet slik at det oppfyller nye krav [&hellip;]\" \/>\n<meta property=\"og:url\" content=\"https:\/\/staging8.dev.gibbs.no\/en\/tilgjengelighetserklaering\/\" \/>\n<meta property=\"og:site_name\" content=\"Gibbs.no - Bookingsystem\" \/>\n<meta property=\"article:publisher\" content=\"https:\/\/www.facebook.com\/GibbsNorge\" \/>\n<meta property=\"article:modified_time\" content=\"2023-10-23T14:59:17+00:00\" \/>\n<meta property=\"og:image\" content=\"https:\/\/staging8.dev.gibbs.no\/wp-content\/uploads\/2023\/10\/Gibbs-Bookingsystem.png\" \/>\n\t<meta property=\"og:image:width\" content=\"1200\" \/>\n\t<meta property=\"og:image:height\" content=\"630\" \/>\n\t<meta property=\"og:image:type\" content=\"image\/png\" \/>\n<meta name=\"twitter:card\" content=\"summary_large_image\" \/>\n<meta name=\"twitter:label1\" content=\"Est. reading time\" \/>\n\t<meta name=\"twitter:data1\" content=\"2 minutes\" \/>\n<script type=\"application\/ld+json\" class=\"yoast-schema-graph\">{\"@context\":\"https:\/\/schema.org\",\"@graph\":[{\"@type\":\"WebPage\",\"@id\":\"https:\/\/staging8.dev.gibbs.no\/tilgjengelighetserklaering\/\",\"url\":\"https:\/\/staging8.dev.gibbs.no\/tilgjengelighetserklaering\/\",\"name\":\"Tilgjengelighetserkl\u00e6ring - Gibbs.no - Bookingsystem\",\"isPartOf\":{\"@id\":\"https:\/\/staging8.dev.gibbs.no\/#website\"},\"datePublished\":\"2023-01-27T16:46:19+00:00\",\"dateModified\":\"2023-10-23T14:59:17+00:00\",\"breadcrumb\":{\"@id\":\"https:\/\/staging8.dev.gibbs.no\/tilgjengelighetserklaering\/#breadcrumb\"},\"inLanguage\":\"en-US\",\"potentialAction\":[{\"@type\":\"ReadAction\",\"target\":[\"https:\/\/staging8.dev.gibbs.no\/tilgjengelighetserklaering\/\"]}]},{\"@type\":\"BreadcrumbList\",\"@id\":\"https:\/\/staging8.dev.gibbs.no\/tilgjengelighetserklaering\/#breadcrumb\",\"itemListElement\":[{\"@type\":\"ListItem\",\"position\":1,\"name\":\"Home\",\"item\":\"https:\/\/staging8.dev.gibbs.no\/\"},{\"@type\":\"ListItem\",\"position\":2,\"name\":\"Tilgjengelighetserkl\u00e6ring\"}]},{\"@type\":\"WebSite\",\"@id\":\"https:\/\/staging8.dev.gibbs.no\/#website\",\"url\":\"https:\/\/staging8.dev.gibbs.no\/\",\"name\":\"Gibbs.no\",\"description\":\"Bookingsystem - 1.Book 2.Betal 3.\u00c5pne\",\"publisher\":{\"@id\":\"https:\/\/staging8.dev.gibbs.no\/#organization\"},\"potentialAction\":[{\"@type\":\"SearchAction\",\"target\":{\"@type\":\"EntryPoint\",\"urlTemplate\":\"https:\/\/staging8.dev.gibbs.no\/?s={search_term_string}\"},\"query-input\":\"required name=search_term_string\"}],\"inLanguage\":\"en-US\"},{\"@type\":\"Organization\",\"@id\":\"https:\/\/staging8.dev.gibbs.no\/#organization\",\"name\":\"Gibbs AS\",\"url\":\"https:\/\/staging8.dev.gibbs.no\/\",\"logo\":{\"@type\":\"ImageObject\",\"inLanguage\":\"en-US\",\"@id\":\"https:\/\/staging8.dev.gibbs.no\/#\/schema\/logo\/image\/\",\"url\":\"https:\/\/staging8.dev.gibbs.no\/wp-content\/uploads\/2023\/11\/Gibbs-bookingsystem-logo.png\",\"contentUrl\":\"https:\/\/staging8.dev.gibbs.no\/wp-content\/uploads\/2023\/11\/Gibbs-bookingsystem-logo.png\",\"width\":696,\"height\":696,\"caption\":\"Gibbs AS\"},\"image\":{\"@id\":\"https:\/\/staging8.dev.gibbs.no\/#\/schema\/logo\/image\/\"},\"sameAs\":[\"https:\/\/www.facebook.com\/GibbsNorge\",\"https:\/\/www.linkedin.com\/company\/gibbsnorge\"]}]}<\/script>\n<!-- \/ Yoast SEO plugin. -->","yoast_head_json":{"title":"Tilgjengelighetserkl\u00e6ring - Gibbs.no - Bookingsystem","robots":{"index":"noindex","follow":"follow","max-snippet":"max-snippet:-1","max-image-preview":"max-image-preview:large","max-video-preview":"max-video-preview:-1"},"og_locale":"en_US","og_type":"article","og_title":"Tilgjengelighetserkl\u00e6ring - Gibbs.no - Bookingsystem","og_description":"Sist oppdatert 20. januar 2023 Alle skal ha like muligheter til \u00e5 bruke gibbs.no V\u00e5rt m\u00e5l er \u00e5 gj\u00f8re gibbs.no tilgjengelig for alle brukere av systemet. Vi skal Opprettholde og videreutvikle et tilgjengelig nettsted. Se til at nettstedet oppn\u00e5r minst niv\u00e5 AA i WCAG 2.0. Tilpasse innhold og funksjonalitet slik at det oppfyller nye krav [&hellip;]","og_url":"https:\/\/staging8.dev.gibbs.no\/en\/tilgjengelighetserklaering\/","og_site_name":"Gibbs.no - Bookingsystem","article_publisher":"https:\/\/www.facebook.com\/GibbsNorge","article_modified_time":"2023-10-23T14:59:17+00:00","og_image":[{"width":1200,"height":630,"url":"https:\/\/staging8.dev.gibbs.no\/wp-content\/uploads\/2023\/10\/Gibbs-Bookingsystem.png","type":"image\/png"}],"twitter_card":"summary_large_image","twitter_misc":{"Est. reading time":"2 minutes"},"schema":{"@context":"https:\/\/schema.org","@graph":[{"@type":"WebPage","@id":"https:\/\/staging8.dev.gibbs.no\/tilgjengelighetserklaering\/","url":"https:\/\/staging8.dev.gibbs.no\/tilgjengelighetserklaering\/","name":"Tilgjengelighetserkl\u00e6ring - Gibbs.no - Bookingsystem","isPartOf":{"@id":"https:\/\/staging8.dev.gibbs.no\/#website"},"datePublished":"2023-01-27T16:46:19+00:00","dateModified":"2023-10-23T14:59:17+00:00","breadcrumb":{"@id":"https:\/\/staging8.dev.gibbs.no\/tilgjengelighetserklaering\/#breadcrumb"},"inLanguage":"en-US","potentialAction":[{"@type":"ReadAction","target":["https:\/\/staging8.dev.gibbs.no\/tilgjengelighetserklaering\/"]}]},{"@type":"BreadcrumbList","@id":"https:\/\/staging8.dev.gibbs.no\/tilgjengelighetserklaering\/#breadcrumb","itemListElement":[{"@type":"ListItem","position":1,"name":"Home","item":"https:\/\/staging8.dev.gibbs.no\/"},{"@type":"ListItem","position":2,"name":"Tilgjengelighetserkl\u00e6ring"}]},{"@type":"WebSite","@id":"https:\/\/staging8.dev.gibbs.no\/#website","url":"https:\/\/staging8.dev.gibbs.no\/","name":"Gibbs.no","description":"Bookingsystem - 1.Book 2.Betal 3.\u00c5pne","publisher":{"@id":"https:\/\/staging8.dev.gibbs.no\/#organization"},"potentialAction":[{"@type":"SearchAction","target":{"@type":"EntryPoint","urlTemplate":"https:\/\/staging8.dev.gibbs.no\/?s={search_term_string}"},"query-input":"required name=search_term_string"}],"inLanguage":"en-US"},{"@type":"Organization","@id":"https:\/\/staging8.dev.gibbs.no\/#organization","name":"Gibbs AS","url":"https:\/\/staging8.dev.gibbs.no\/","logo":{"@type":"ImageObject","inLanguage":"en-US","@id":"https:\/\/staging8.dev.gibbs.no\/#\/schema\/logo\/image\/","url":"https:\/\/staging8.dev.gibbs.no\/wp-content\/uploads\/2023\/11\/Gibbs-bookingsystem-logo.png","contentUrl":"https:\/\/staging8.dev.gibbs.no\/wp-content\/uploads\/2023\/11\/Gibbs-bookingsystem-logo.png","width":696,"height":696,"caption":"Gibbs AS"},"image":{"@id":"https:\/\/staging8.dev.gibbs.no\/#\/schema\/logo\/image\/"},"sameAs":["https:\/\/www.facebook.com\/GibbsNorge","https:\/\/www.linkedin.com\/company\/gibbsnorge"]}]}},"uagb_featured_image_src":{"full":false,"thumbnail":false,"medium":false,"medium_large":false,"large":false,"1536x1536":false,"2048x2048":false,"trp-custom-language-flag":false,"post-thumbnail":false,"listeo-avatar":false,"listeo-blog-post":false,"listeo-blog-related-post":false,"listeo-post-thumb":false,"listeo-gallery":false,"listeo-listing-grid":false,"listeo_core-avatar":false,"listeo_core-preview":false,"woocommerce_thumbnail":false,"woocommerce_single":false,"woocommerce_gallery_thumbnail":false},"uagb_author_info":{"display_name":"Gibbs Team A","author_link":"https:\/\/staging8.dev.gibbs.no\/en\/author\/abdi-yusuf\/"},"uagb_comment_info":0,"uagb_excerpt":"Sist oppdatert 20. januar 2023 Alle skal ha like muligheter til \u00e5 bruke gibbs.no V\u00e5rt m\u00e5l er \u00e5 gj\u00f8re gibbs.no tilgjengelig for alle brukere av systemet. Vi skal Opprettholde og videreutvikle et tilgjengelig nettsted. Se til at nettstedet oppn\u00e5r minst niv\u00e5 AA i WCAG 2.0. Tilpasse innhold og funksjonalitet slik at det oppfyller nye krav&hellip;","_links":{"self":[{"href":"https:\/\/staging8.dev.gibbs.no\/en\/wp-json\/wp\/v2\/pages\/10457","targetHints":{"allow":["GET"]}}],"collection":[{"href":"https:\/\/staging8.dev.gibbs.no\/en\/wp-json\/wp\/v2\/pages"}],"about":[{"href":"https:\/\/staging8.dev.gibbs.no\/en\/wp-json\/wp\/v2\/types\/page"}],"author":[{"embeddable":true,"href":"https:\/\/staging8.dev.gibbs.no\/en\/wp-json\/wp\/v2\/users\/2"}],"replies":[{"embeddable":true,"href":"https:\/\/staging8.dev.gibbs.no\/en\/wp-json\/wp\/v2\/comments?post=10457"}],"version-history":[{"count":15,"href":"https:\/\/staging8.dev.gibbs.no\/en\/wp-json\/wp\/v2\/pages\/10457\/revisions"}],"predecessor-version":[{"id":18339,"href":"https:\/\/staging8.dev.gibbs.no\/en\/wp-json\/wp\/v2\/pages\/10457\/revisions\/18339"}],"wp:attachment":[{"href":"https:\/\/staging8.dev.gibbs.no\/en\/wp-json\/wp\/v2\/media?parent=10457"}],"curies":[{"name":"wp","href":"https:\/\/api.w.org\/{rel}","templated":true}]}}